{"id":1121,"date":"2019-08-14T16:22:37","date_gmt":"2019-08-14T13:22:37","guid":{"rendered":"http:\/\/solars.md\/?post_type=product&#038;p=1121"},"modified":"2026-05-05T17:41:02","modified_gmt":"2026-05-05T14:41:02","slug":"battery-12v-200ah-gel-lead-acid","status":"publish","type":"product","link":"https:\/\/solars.md\/ro\/produs\/battery-12v-200ah-gel-lead-acid\/","title":{"rendered":"CS Battery 12V 150Ah Gel Lead Acid"},"content":{"rendered":"<p>Caracteristici:<\/p>\n<table width=\"433\">\n<tbody>\n<tr>\n<td width=\"223\">Capacitate Amperi\/h<\/td>\n<td width=\"210\">150<\/td>\n<\/tr>\n<tr>\n<td>Tensiunea V<\/td>\n<td>12<\/td>\n<\/tr>\n<tr>\n<td>Ad\u00e2ncimea optim\u0103 de desc\u0103rcare %<\/td>\n<td>mai putin de 40<\/td>\n<\/tr>\n<tr>\n<td>Ad\u00e2ncimea de desc\u0103rcare admis\u0103 %<\/td>\n<td>mai putin de 60<\/td>\n<\/tr>\n<tr>\n<td>Capacitate (W)<\/td>\n<td>2400<\/td>\n<\/tr>\n<tr>\n<td>Temperatura optima (Gr. C)<\/td>\n<td>+15 \u0434\u043e +25<\/td>\n<\/tr>\n<tr>\n<td>Interval de operare Ritm. (Gr.C)<\/td>\n<td>-35 +60<\/td>\n<\/tr>\n<tr>\n<td>Durata de viata la +20gr. C (ani)<\/td>\n<td>mai putin de 7<\/td>\n<\/tr>\n<tr>\n<td>Timp minim de \u00eenc\u0103rcare H<\/td>\n<td>6-10<\/td>\n<\/tr>\n<tr>\n<td>Dimensiuni mm<\/td>\n<td>485*172*240*240<\/td>\n<\/tr>\n<tr>\n<td>Greutate, (kg)<\/td>\n<td>44<\/td>\n<\/tr>\n<\/tbody>\n<\/table>","protected":false},"excerpt":{"rendered":"<p>Bateriile din seria GEL sunt folosite pentru sistemele de stocare a energiei ale sta\u021biilor solare, sursele de rezerv\u0103 \u0219i autonome.<\/p>\n<p>Acest tip de baterie are cicluri de \u00eenc\u0103rcare de desc\u0103rcare: 2300 de cicluri la o ad\u00e2ncime de desc\u0103rcare de 30%, 1200 de cicluri la o ad\u00e2ncime de 50%, 600 de cicluri la o ad\u00e2ncime de p\u00e2n\u0103 la 80%<\/p>\n<p>Conform certificatelor IEC, CE, ISO, BS, JIS. Pute\u021bi afla informa\u021bii detaliate despre tipurile de baterii acces\u00e2nd linkul http:\/\/solars.md\/review-of-main-battery-types\/.<\/p>","protected":false},"featured_media":5354,"template":"","meta":{"site-sidebar-layout":"default","site-content-layout":"","ast-site-content-layout":"default","site-content-style":"default","site-sidebar-style":"default","ast-global-header-display":"","ast-banner-title-visibility":"","ast-main-header-display":"","ast-hfb-above-header-display":"","ast-hfb-below-header-display":"","ast-hfb-mobile-header-display":"","site-post-title":"","ast-breadcrumbs-content":"","ast-featured-img":"","footer-sml-layout":"","ast-disable-related-posts":"","theme-transparent-header-meta":"","adv-header-id-meta":"","stick-header-meta":"","header-above-stick-meta":"","header-main-stick-meta":"","header-below-stick-meta":"","astra-migrate-meta-layouts":"default","ast-page-background-enabled":"default","ast-page-background-meta":{"desktop":{"background-color":"var(--ast-global-color-5)","background-image":"","background-repeat":"repeat","background-position":"center center","background-size":"auto","background-attachment":"scroll","background-type":"","background-media":"","overlay-type":"","overlay-color":"","overlay-opacity":"","overlay-gradient":""},"tablet":{"background-color":"","background-image":"","background-repeat":"repeat","background-position":"center center","background-size":"auto","background-attachment":"scroll","background-type":"","background-media":"","overlay-type":"","overlay-color":"","overlay-opacity":"","overlay-gradient":""},"mobile":{"background-color":"","background-image":"","background-repeat":"repeat","background-position":"center center","background-size":"auto","background-attachment":"scroll","background-type":"","background-media":"","overlay-type":"","overlay-color":"","overlay-opacity":"","overlay-gradient":""}},"ast-content-background-meta":{"desktop":{"background-color":"var(--ast-global-color-4)","background-image":"","background-repeat":"repeat","background-position":"center center","background-size":"auto","background-attachment":"scroll","background-type":"","background-media":"","overlay-type":"","overlay-color":"","overlay-opacity":"","overlay-gradient":""},"tablet":{"background-color":"var(--ast-global-color-4)","background-image":"","background-repeat":"repeat","background-position":"center center","background-size":"auto","background-attachment":"scroll","background-type":"","background-media":"","overlay-type":"","overlay-color":"","overlay-opacity":"","overlay-gradient":""},"mobile":{"background-color":"var(--ast-global-color-4)","background-image":"","background-repeat":"repeat","background-position":"center center","background-size":"auto","background-attachment":"scroll","background-type":"","background-media":"","overlay-type":"","overlay-color":"","overlay-opacity":"","overlay-gradient":""}}},"product_brand":[],"product_cat":[26],"product_tag":[],"yst_prominent_words":[],"class_list":{"0":"post-1121","1":"product","2":"type-product","3":"status-publish","4":"has-post-thumbnail","6":"product_cat-akkumulyatory","7":"desktop-align-left","8":"tablet-align-left","9":"mobile-align-left","11":"first","12":"instock","13":"shipping-taxable","14":"purchasable","15":"product-type-simple"},"_links":{"self":[{"href":"https:\/\/solars.md\/ro\/wp-json\/wp\/v2\/product\/1121","targetHints":{"allow":["GET"]}}],"collection":[{"href":"https:\/\/solars.md\/ro\/wp-json\/wp\/v2\/product"}],"about":[{"href":"https:\/\/solars.md\/ro\/wp-json\/wp\/v2\/types\/product"}],"wp:featuredmedia":[{"embeddable":true,"href":"https:\/\/solars.md\/ro\/wp-json\/wp\/v2\/media\/5354"}],"wp:attachment":[{"href":"https:\/\/solars.md\/ro\/wp-json\/wp\/v2\/media?parent=1121"}],"wp:term":[{"taxonomy":"product_brand","embeddable":true,"href":"https:\/\/solars.md\/ro\/wp-json\/wp\/v2\/product_brand?post=1121"},{"taxonomy":"product_cat","embeddable":true,"href":"https:\/\/solars.md\/ro\/wp-json\/wp\/v2\/product_cat?post=1121"},{"taxonomy":"product_tag","embeddable":true,"href":"https:\/\/solars.md\/ro\/wp-json\/wp\/v2\/product_tag?post=1121"},{"taxonomy":"yst_prominent_words","embeddable":true,"href":"https:\/\/solars.md\/ro\/wp-json\/wp\/v2\/yst_prominent_words?post=1121"}],"curies":[{"name":"wp","href":"https:\/\/api.w.org\/{rel}","templated":true}]}}