{"id":1470,"date":"2019-08-27T12:15:28","date_gmt":"2019-08-27T09:15:28","guid":{"rendered":"http:\/\/solars.md\/?post_type=product&#038;p=1470"},"modified":"2026-05-05T17:41:58","modified_gmt":"2026-05-05T14:41:58","slug":"1470","status":"publish","type":"product","link":"https:\/\/solars.md\/ro\/produs\/1470\/","title":{"rendered":"Inverter Think Power S 5000TL OnGrid"},"content":{"rendered":"<table width=\"408\">\n<tbody>\n<tr>\n<td colspan=\"2\" width=\"408\">Caracteristici<\/td>\n<\/tr>\n<tr>\n<td>input DC<\/td>\n<td><\/td>\n<\/tr>\n<tr>\n<td>Max PV power (W)<\/td>\n<td>5500<\/td>\n<\/tr>\n<tr>\n<td width=\"293\">Rated voltage (V)<\/td>\n<td>330<\/td>\n<\/tr>\n<tr>\n<td width=\"293\">Max. input voltage (V)<\/td>\n<td>550<\/td>\n<\/tr>\n<tr>\n<td width=\"293\">Start-up voltage (V)<\/td>\n<td>100<\/td>\n<\/tr>\n<tr>\n<td>Max. short circuit current (A)<\/td>\n<td>15\/15<\/td>\n<\/tr>\n<tr>\n<td>Max. input current (A)<\/td>\n<td>11\/11<\/td>\n<\/tr>\n<tr>\n<td>MPPT voltage range (V)<\/td>\n<td>100-500<\/td>\n<\/tr>\n<tr>\n<td>Max. input strings number<\/td>\n<td>1<\/td>\n<\/tr>\n<tr>\n<td>MPPT number<\/td>\n<td>2<\/td>\n<\/tr>\n<tr>\n<td>Output AC<\/td>\n<td><\/td>\n<\/tr>\n<tr>\n<td>Rated output power (W)<\/td>\n<td>4600<\/td>\n<\/tr>\n<tr>\n<td>Max AC out (W)<\/td>\n<td>5000<\/td>\n<\/tr>\n<tr>\n<td>Nominal out Voltage (V)<\/td>\n<td>230V\/50Hz<\/td>\n<\/tr>\n<tr>\n<td>Max. output current (A)<\/td>\n<td>23<\/td>\n<\/tr>\n<tr>\n<td>Rated grid voltage<\/td>\n<td>1\/N\/PE, 220\/230V<\/td>\n<\/tr>\n<tr>\n<td>Efficiency<\/td>\n<td><\/td>\n<\/tr>\n<tr>\n<td>Max.efficiency<\/td>\n<td>97.8%<\/td>\n<\/tr>\n<tr>\n<td>EU efficiency<\/td>\n<td>97.1%<\/td>\n<\/tr>\n<tr>\n<td>Protection<\/td>\n<td><\/td>\n<\/tr>\n<tr>\n<td>DC reverse-polarity protection<\/td>\n<td>Yes<\/td>\n<\/tr>\n<tr>\n<td>Short circuit protection<\/td>\n<td>Yes<\/td>\n<\/tr>\n<tr>\n<td>Output over current protection<\/td>\n<td>Yes<\/td>\n<\/tr>\n<tr>\n<td>Surge protection<\/td>\n<td>Yes<\/td>\n<\/tr>\n<tr>\n<td>Anti-islanding protection<\/td>\n<td>Yes<\/td>\n<\/tr>\n<tr>\n<td>Grid monitoring<\/td>\n<td>Yes<\/td>\n<\/tr>\n<tr>\n<td>Temperature protection<\/td>\n<td>Yes<\/td>\n<\/tr>\n<tr>\n<td>Integrated DC switch<\/td>\n<td>Optional<\/td>\n<\/tr>\n<tr>\n<td>Dimension<\/td>\n<td><\/td>\n<\/tr>\n<tr>\n<td>(DxWxH) mm<\/td>\n<td>382*317*166<\/td>\n<\/tr>\n<tr>\n<td>Weight (Kg)<\/td>\n<td>13,5<\/td>\n<\/tr>\n<tr>\n<td>Operating ambient temperature range<\/td>\n<td>-25~60\u2103<\/td>\n<\/tr>\n<tr>\n<td>Ingress protection<\/td>\n<td>Ip65<\/td>\n<\/tr>\n<tr>\n<td>Cooling concept<\/td>\n<td>Natural convection<\/td>\n<\/tr>\n<\/tbody>\n<\/table>","protected":false},"excerpt":{"rendered":"<p>Think Power TS5000TL este un invertor monofazat conectat la re\u021bea, cu o capacitate de 4,6 kW. Acest dispozitiv converte\u0219te curentul continuu din surse regenerabile de energie (panouri solare) \u00een curent alternativ, transfer\u00e2ndu-l direct \u00een re\u021beaua de 220\/380V. Datorit\u0103 acestui fapt, se reduce consumul de energie electric\u0103 din re\u021beaua extern\u0103 \u0219i este posibil\u0103 \u0219i v\u00e2nzarea energiei electrice c\u0103tre re\u021belele de energie.<\/p>","protected":false},"featured_media":5352,"template":"","meta":{"site-sidebar-layout":"default","site-content-layout":"","ast-site-content-layout":"default","site-content-style":"default","site-sidebar-style":"default","ast-global-header-display":"","ast-banner-title-visibility":"","ast-main-header-display":"","ast-hfb-above-header-display":"","ast-hfb-below-header-display":"","ast-hfb-mobile-header-display":"","site-post-title":"","ast-breadcrumbs-content":"","ast-featured-img":"","footer-sml-layout":"","ast-disable-related-posts":"","theme-transparent-header-meta":"","adv-header-id-meta":"","stick-header-meta":"","header-above-stick-meta":"","header-main-stick-meta":"","header-below-stick-meta":"","astra-migrate-meta-layouts":"default","ast-page-background-enabled":"default","ast-page-background-meta":{"desktop":{"background-color":"var(--ast-global-color-5)","background-image":"","background-repeat":"repeat","background-position":"center center","background-size":"auto","background-attachment":"scroll","background-type":"","background-media":"","overlay-type":"","overlay-color":"","overlay-opacity":"","overlay-gradient":""},"tablet":{"background-color":"","background-image":"","background-repeat":"repeat","background-position":"center center","background-size":"auto","background-attachment":"scroll","background-type":"","background-media":"","overlay-type":"","overlay-color":"","overlay-opacity":"","overlay-gradient":""},"mobile":{"background-color":"","background-image":"","background-repeat":"repeat","background-position":"center center","background-size":"auto","background-attachment":"scroll","background-type":"","background-media":"","overlay-type":"","overlay-color":"","overlay-opacity":"","overlay-gradient":""}},"ast-content-background-meta":{"desktop":{"background-color":"var(--ast-global-color-4)","background-image":"","background-repeat":"repeat","background-position":"center center","background-size":"auto","background-attachment":"scroll","background-type":"","background-media":"","overlay-type":"","overlay-color":"","overlay-opacity":"","overlay-gradient":""},"tablet":{"background-color":"var(--ast-global-color-4)","background-image":"","background-repeat":"repeat","background-position":"center center","background-size":"auto","background-attachment":"scroll","background-type":"","background-media":"","overlay-type":"","overlay-color":"","overlay-opacity":"","overlay-gradient":""},"mobile":{"background-color":"var(--ast-global-color-4)","background-image":"","background-repeat":"repeat","background-position":"center center","background-size":"auto","background-attachment":"scroll","background-type":"","background-media":"","overlay-type":"","overlay-color":"","overlay-opacity":"","overlay-gradient":""}}},"product_brand":[],"product_cat":[25],"product_tag":[],"yst_prominent_words":[],"class_list":{"0":"post-1470","1":"product","2":"type-product","3":"status-publish","4":"has-post-thumbnail","6":"product_cat-invertory","7":"desktop-align-left","8":"tablet-align-left","9":"mobile-align-left","11":"first","12":"instock","13":"shipping-taxable","14":"purchasable","15":"product-type-simple"},"_links":{"self":[{"href":"https:\/\/solars.md\/ro\/wp-json\/wp\/v2\/product\/1470","targetHints":{"allow":["GET"]}}],"collection":[{"href":"https:\/\/solars.md\/ro\/wp-json\/wp\/v2\/product"}],"about":[{"href":"https:\/\/solars.md\/ro\/wp-json\/wp\/v2\/types\/product"}],"wp:featuredmedia":[{"embeddable":true,"href":"https:\/\/solars.md\/ro\/wp-json\/wp\/v2\/media\/5352"}],"wp:attachment":[{"href":"https:\/\/solars.md\/ro\/wp-json\/wp\/v2\/media?parent=1470"}],"wp:term":[{"taxonomy":"product_brand","embeddable":true,"href":"https:\/\/solars.md\/ro\/wp-json\/wp\/v2\/product_brand?post=1470"},{"taxonomy":"product_cat","embeddable":true,"href":"https:\/\/solars.md\/ro\/wp-json\/wp\/v2\/product_cat?post=1470"},{"taxonomy":"product_tag","embeddable":true,"href":"https:\/\/solars.md\/ro\/wp-json\/wp\/v2\/product_tag?post=1470"},{"taxonomy":"yst_prominent_words","embeddable":true,"href":"https:\/\/solars.md\/ro\/wp-json\/wp\/v2\/yst_prominent_words?post=1470"}],"curies":[{"name":"wp","href":"https:\/\/api.w.org\/{rel}","templated":true}]}}