{"id":413,"date":"2019-02-17T12:50:43","date_gmt":"2019-02-17T09:50:43","guid":{"rendered":"http:\/\/solars.md\/?post_type=product&#038;p=413"},"modified":"2025-02-17T17:57:21","modified_gmt":"2025-02-17T14:57:21","slug":"stantsiya-2-kbt","status":"publish","type":"product","link":"https:\/\/solars.md\/ro\/produs\/stantsiya-2-kbt\/","title":{"rendered":"Instala\u021bie fotovoltaic\u0103 cu re\u021bea de 15000w (OnGrid) 3 faze"},"content":{"rendered":"<p>&nbsp;<\/p>\n<table width=\"571\">\n<tbody>\n<tr>\n<td style=\"text-align: center;\" width=\"115\"><strong>Model<\/strong><\/td>\n<td style=\"text-align: center;\" width=\"344\"><strong>Description<\/strong><\/td>\n<td style=\"text-align: center;\" width=\"112\"><strong>Nr.<\/strong><\/td>\n<\/tr>\n<tr>\n<td style=\"text-align: center;\" width=\"115\">Amerisolar AS-7M144N-HC 580W N-Type TOPCon<\/td>\n<td width=\"344\">144 cells Mono 550W Voc 51,2V\/Isc 14,24A, Vmpp-43V\/Imp-13,49A Maximum system Voltage &#8212; 1500V (IEC), Maximum series Fuse raiting &#8212; 25A, Maximum Efficiency: 22,45%, Size -2279x1134x35,Weight &#8212; 27,5Kg 3.2mm Tempered Low Iron Glass<\/td>\n<td style=\"text-align: center;\">26<\/td>\n<\/tr>\n<tr>\n<td style=\"text-align: center;\" width=\"115\">KSTAR BluE-15KT-M1<\/td>\n<td width=\"344\">DC input:Max. DC power 16000W, Max. DC voltage 1000 Vdc, Min working voltage180Vdc, MPPT voltage range 140~1000Vdc, Max. Input Current Per MPPT 30A,Max. Short-circuit Current Per MPPT 40A , Number of MPP trackers\/Strings per MPP tracker 2\/2, AC out:Nominal output power 15000W, Maximum AC Output Power 16500W, Nominal output voltage\/range 45\/55 Hz ; 280~490 Vac (Adj), Maximum output current 16A, Grid type 3W\/N\/PE,<\/td>\n<td style=\"text-align: center;\">1<\/td>\n<\/tr>\n<tr>\n<td style=\"text-align: center;\" width=\"115\">\u00a0Profil AL6005<\/td>\n<td width=\"344\">AL6005 1m<\/td>\n<td style=\"text-align: center;\">62<\/td>\n<\/tr>\n<tr>\n<td style=\"text-align: center;\" width=\"115\">Fix AL6005<\/td>\n<td width=\"344\">Clema<\/td>\n<td style=\"text-align: center;\">58<\/td>\n<\/tr>\n<tr>\n<td style=\"text-align: center;\" width=\"115\">Suport<\/td>\n<td width=\"344\">Anker bolt+Lfeet<\/td>\n<td style=\"text-align: center;\">58<\/td>\n<\/tr>\n<tr>\n<td style=\"text-align: center;\" width=\"115\">\u00a0DC line<\/td>\n<td width=\"344\">BOX DC ( 1 GPV 2P 32A, 2 GPV 1000VDC 15A, 1 TRS3-C40 2P 1000VDC)<\/td>\n<td style=\"text-align: center;\">3<\/td>\n<\/tr>\n<tr>\n<td style=\"text-align: center;\" width=\"115\">BOX DC Line<\/td>\n<td width=\"344\">Plastic BOX 12 IP65<\/td>\n<td style=\"text-align: center;\">1<\/td>\n<\/tr>\n<tr>\n<td style=\"text-align: center;\" width=\"115\">\u00a0AC line<\/td>\n<td width=\"344\">BOX AC ( 1 VN, 1 OPS, 1VA)<\/td>\n<td style=\"text-align: center;\">2<\/td>\n<\/tr>\n<tr>\n<td style=\"text-align: center;\" width=\"115\">BOX DC Line<\/td>\n<td width=\"344\">Plastic BOX 12 IP65<\/td>\n<td style=\"text-align: center;\">1<\/td>\n<\/tr>\n<tr>\n<td style=\"text-align: center;\" width=\"115\">Grounding<\/td>\n<td width=\"344\">2m-2m-2m 30-4mm Fe<\/td>\n<td style=\"text-align: center;\">1<\/td>\n<\/tr>\n<tr>\n<td style=\"text-align: center;\" width=\"115\">PV Cablu<\/td>\n<td width=\"344\">PV cablu\/ 4mm<\/td>\n<td style=\"text-align: center;\">300<\/td>\n<\/tr>\n<tr>\n<td style=\"text-align: center;\" width=\"115\">AC Cable<\/td>\n<td width=\"344\">5*6 Cu<\/td>\n<td style=\"text-align: center;\">50<\/td>\n<\/tr>\n<tr>\n<td style=\"text-align: center;\" width=\"115\">Conectoare MC4<\/td>\n<td width=\"344\">Rated current: 30A, Rated voltage: 1000VDC (+\/-)<\/td>\n<td style=\"text-align: center;\">8<\/td>\n<\/tr>\n<tr>\n<td style=\"text-align: center;\" width=\"115\">Tub metallic<\/td>\n<td width=\"344\">Tub metalic flexibil cu izola\u021bie PVC 26<\/td>\n<td style=\"text-align: center;\">150<\/td>\n<\/tr>\n<tr>\n<td style=\"text-align: center;\" width=\"115\">Energy meter<\/td>\n<td width=\"344\">\u00a03 Phase Export-Import<\/td>\n<td style=\"text-align: center;\">1<\/td>\n<\/tr>\n<tr>\n<td style=\"text-align: center;\" width=\"115\">BOX<\/td>\n<td width=\"344\">Metall IP65 3 phase<\/td>\n<td style=\"text-align: center;\">1<\/td>\n<\/tr>\n<tr>\n<td style=\"text-align: center;\" rowspan=\"6\">Instalarea sistem<\/td>\n<td>marcarea zonei pentru instalarea unei sta\u021bii fotovoltaice<\/td>\n<td style=\"text-align: center;\" rowspan=\"6\">15<\/td>\n<\/tr>\n<tr>\n<td width=\"344\">instalarea structurii din aluminiu<\/td>\n<\/tr>\n<tr>\n<td width=\"344\">instalarea panourilor fotovoltaice<\/td>\n<\/tr>\n<tr>\n<td width=\"344\">instalarea invertorul<\/td>\n<\/tr>\n<tr>\n<td width=\"344\">instalarea elementilor protectie AC\/DC<\/td>\n<\/tr>\n<tr>\n<td width=\"344\">comutarea echipamentelor de cablare<\/td>\n<\/tr>\n<tr>\n<td style=\"text-align: center;\" width=\"115\">Documete<\/td>\n<td width=\"344\">Proiectoarea<\/td>\n<td style=\"text-align: center;\">1<\/td>\n<\/tr>\n<tr>\n<td style=\"text-align: center;\" width=\"115\">Documente<\/td>\n<td width=\"344\">coordonarea \u0219i punerea \u00een func\u021biune a unei centrale fotovoltaice<\/td>\n<td style=\"text-align: center;\">1<\/td>\n<\/tr>\n<\/tbody>\n<\/table>","protected":false},"excerpt":{"rendered":"<p>O sta\u021bie solar\u0103 OnGrid cu o capacitate de (DC) 15080 wa\u021bi. Produc\u021bia anual\u0103 de p\u00e2n\u0103 la 18.500 kW din aceast\u0103 energie este suficient\u0103 pentru conectarea aparatelor de uz casnic, a sistemelor climatice (pomp\u0103 de c\u0103ldur\u0103, Aparate de aer condi\u021bionat) \u0219i a unei sta\u021bii de \u00eenc\u0103rcare a vehiculelor electrice. Investi\u021bia ini\u021bial\u0103 va fi returnat\u0103 \u00een termen de 5-6 ani. Investind fondurile \u00eentr-o central\u0103 solar\u0103, Ob\u021bine\u021bi: venit lunar, independen\u021b\u0103, ne Proteja\u021bi planeta de dioxidul de carbon \u0219i alte gaze cu efect de ser\u0103, toate acestea v\u0103 fac o persoan\u0103 inovatoare, modern\u0103, progresiv\u0103. V\u0103 recomand\u0103m acest tip de sta\u021bie solar\u0103! O sta\u021bie solar\u0103 \u00een re\u021bea v\u0103 permite s\u0103 transfera\u021bi excesul de energie \u00een re\u021beaua ora\u0219ului. Acumulezi un depozit de energie \u0219i, atunci c\u00e2nd ai nevoie de energie, iei energie din acel depozit. Dac\u0103 la sf\u00e2r\u0219itul anului mai ave\u021bi kW pe depozitul de energie, atunci re\u021beaua ora\u0219ului V\u0103 pl\u0103te\u0219te banii!!! P. S. pentru func\u021bionarea \u00een siguran\u021b\u0103 a sta\u021biei solare, trebuie s\u0103 existe \u00eemp\u0103m\u00e2ntare \u0219i un paratr\u0103snet. Sta\u021bia este de la A La Z, toate lucr\u0103rile sunt incluse (instalare, proiectare, punere \u00een func\u021biune.....), echipamente, unitate de m\u0103surare (contor BZUM), sisteme de protec\u021bie (\u00eemp\u0103m\u00e2ntare). Acest calcul are scop informativ, v\u0103 rug\u0103m s\u0103 verifica\u021bi disponibilitatea \u0219i pre\u021burile. Panourile fotovoltaice sunt garantate timp de 20 de ani. Invertorul este garantat timp de 5 ani. Sistemul de instalare este garantat timp de 20 de ani.<\/p>\n<p>&nbsp;<\/p>","protected":false},"featured_media":4699,"template":"","meta":{"site-sidebar-layout":"default","site-content-layout":"","ast-site-content-layout":"default","site-content-style":"default","site-sidebar-style":"default","ast-global-header-display":"","ast-banner-title-visibility":"","ast-main-header-display":"","ast-hfb-above-header-display":"","ast-hfb-below-header-display":"","ast-hfb-mobile-header-display":"","site-post-title":"","ast-breadcrumbs-content":"","ast-featured-img":"","footer-sml-layout":"","ast-disable-related-posts":"","theme-transparent-header-meta":"","adv-header-id-meta":"","stick-header-meta":"","header-above-stick-meta":"","header-main-stick-meta":"","header-below-stick-meta":"","astra-migrate-meta-layouts":"default","ast-page-background-enabled":"default","ast-page-background-meta":{"desktop":{"background-color":"var(--ast-global-color-5)","background-image":"","background-repeat":"repeat","background-position":"center center","background-size":"auto","background-attachment":"scroll","background-type":"","background-media":"","overlay-type":"","overlay-color":"","overlay-opacity":"","overlay-gradient":""},"tablet":{"background-color":"","background-image":"","background-repeat":"repeat","background-position":"center center","background-size":"auto","background-attachment":"scroll","background-type":"","background-media":"","overlay-type":"","overlay-color":"","overlay-opacity":"","overlay-gradient":""},"mobile":{"background-color":"","background-image":"","background-repeat":"repeat","background-position":"center center","background-size":"auto","background-attachment":"scroll","background-type":"","background-media":"","overlay-type":"","overlay-color":"","overlay-opacity":"","overlay-gradient":""}},"ast-content-background-meta":{"desktop":{"background-color":"var(--ast-global-color-4)","background-image":"","background-repeat":"repeat","background-position":"center center","background-size":"auto","background-attachment":"scroll","background-type":"","background-media":"","overlay-type":"","overlay-color":"","overlay-opacity":"","overlay-gradient":""},"tablet":{"background-color":"var(--ast-global-color-4)","background-image":"","background-repeat":"repeat","background-position":"center center","background-size":"auto","background-attachment":"scroll","background-type":"","background-media":"","overlay-type":"","overlay-color":"","overlay-opacity":"","overlay-gradient":""},"mobile":{"background-color":"var(--ast-global-color-4)","background-image":"","background-repeat":"repeat","background-position":"center center","background-size":"auto","background-attachment":"scroll","background-type":"","background-media":"","overlay-type":"","overlay-color":"","overlay-opacity":"","overlay-gradient":""}}},"product_brand":[],"product_cat":[20],"product_tag":[],"class_list":{"0":"post-413","1":"product","2":"type-product","3":"status-publish","4":"has-post-thumbnail","6":"product_cat-solnechnye-stantsii-dlya-doma","7":"desktop-align-left","8":"tablet-align-left","9":"mobile-align-left","11":"first","12":"instock","13":"shipping-taxable","14":"purchasable","15":"product-type-simple"},"yoast_head":"<!-- This site is optimized with the Yoast SEO plugin v27.4 - https:\/\/yoast.com\/product\/yoast-seo-wordpress\/ -->\n<title>\u0421\u0435\u0442\u0435\u0432\u0430\u044f \u0444\u043e\u0442\u043e\u044d\u043b\u0435\u043a\u0442\u0440\u0438\u0447\u0435\u0441\u043a\u0430\u044f \u0441\u0442\u0430\u043d\u0446\u0438\u044f 15000 (OnGrid) 3\u0424\u0430\u0437\u044b |<\/title>\n<meta name=\"description\" content=\"\u0421\u043e\u043b\u043d\u0435\u0447\u043d\u044b\u0435 \u043f\u0430\u043d\u0435\u043b\u0438, \u0438\u043d\u0432\u0435\u0440\u0442\u043e\u0440\u0430, \u043a\u043e\u043d\u0442\u0440\u043e\u043b\u043b\u0435\u0440\u044b, \u0430\u043a\u043a\u0443\u043c\u0443\u043b\u044f\u0442\u043e\u0440\u044b \u0438 \u0441\u0438\u0441\u0442\u0435\u043c\u044b \u0445\u0440\u0430\u043d\u0435\u043d\u0438\u044f \u044d\u043d\u0435\u0440\u0433\u0438\u0438 \u043a\u0443\u043f\u0438\u0442\u044c \u0432 \u041c\u043e\u043b\u0434\u043e\u0432\u0435. \u0423\u0441\u0442\u0430\u043d\u043e\u0432\u043a\u0430 \u0441\u043e\u043b\u043d\u0435\u0447\u043d\u044b\u0445 \u0441\u0442\u0430\u043d\u0446\u0438\u0439 \u043f\u043e\u0434 \u043a\u043b\u044e\u0447. Panouri solare, invertoare, controlere, baterii \u0219i sisteme de stocare a energiei cump\u0103ra\u021bi \u00een Moldova. Instalarea la cheie a instala\u021biilor solare\" \/>\n<meta name=\"robots\" content=\"index, follow, max-snippet:-1, max-image-preview:large, max-video-preview:-1\" \/>\n<link rel=\"canonical\" href=\"https:\/\/solars.md\/ro\/produs\/stantsiya-2-kbt\/\" \/>\n<meta property=\"og:locale\" content=\"ro_RO\" \/>\n<meta property=\"og:type\" content=\"article\" \/>\n<meta property=\"og:title\" content=\"\u0421\u0435\u0442\u0435\u0432\u0430\u044f \u0444\u043e\u0442\u043e\u044d\u043b\u0435\u043a\u0442\u0440\u0438\u0447\u0435\u0441\u043a\u0430\u044f \u0441\u0442\u0430\u043d\u0446\u0438\u044f 15000 (OnGrid) 3\u0424\u0430\u0437\u044b |\" \/>\n<meta property=\"og:description\" content=\"\u0421\u043e\u043b\u043d\u0435\u0447\u043d\u044b\u0435 \u043f\u0430\u043d\u0435\u043b\u0438, \u0438\u043d\u0432\u0435\u0440\u0442\u043e\u0440\u0430, \u043a\u043e\u043d\u0442\u0440\u043e\u043b\u043b\u0435\u0440\u044b, \u0430\u043a\u043a\u0443\u043c\u0443\u043b\u044f\u0442\u043e\u0440\u044b \u0438 \u0441\u0438\u0441\u0442\u0435\u043c\u044b \u0445\u0440\u0430\u043d\u0435\u043d\u0438\u044f \u044d\u043d\u0435\u0440\u0433\u0438\u0438 \u043a\u0443\u043f\u0438\u0442\u044c \u0432 \u041c\u043e\u043b\u0434\u043e\u0432\u0435. \u0423\u0441\u0442\u0430\u043d\u043e\u0432\u043a\u0430 \u0441\u043e\u043b\u043d\u0435\u0447\u043d\u044b\u0445 \u0441\u0442\u0430\u043d\u0446\u0438\u0439 \u043f\u043e\u0434 \u043a\u043b\u044e\u0447. Panouri solare, invertoare, controlere, baterii \u0219i sisteme de stocare a energiei cump\u0103ra\u021bi \u00een Moldova. Instalarea la cheie a instala\u021biilor solare\" \/>\n<meta property=\"og:url\" content=\"https:\/\/solars.md\/ro\/produs\/stantsiya-2-kbt\/\" \/>\n<meta property=\"article:publisher\" content=\"https:\/\/www.facebook.com\/profile.php?id=100092330353235\" \/>\n<meta property=\"article:modified_time\" content=\"2025-02-17T14:57:21+00:00\" \/>\n<meta property=\"og:image\" content=\"https:\/\/solars.md\/wp-content\/uploads\/2019\/02\/2-jpg.webp\" \/>\n\t<meta property=\"og:image:width\" content=\"580\" \/>\n\t<meta property=\"og:image:height\" content=\"389\" \/>\n\t<meta property=\"og:image:type\" content=\"image\/jpeg\" \/>\n<meta name=\"twitter:card\" content=\"summary_large_image\" \/>\n<meta name=\"twitter:label1\" content=\"Timp estimat pentru citire\" \/>\n\t<meta name=\"twitter:data1\" content=\"1 minut\" \/>\n<script type=\"application\/ld+json\" class=\"yoast-schema-graph\">{\"@context\":\"https:\\\/\\\/schema.org\",\"@graph\":[{\"@type\":\"WebPage\",\"@id\":\"https:\\\/\\\/solars.md\\\/product\\\/stantsiya-2-kbt\\\/\",\"url\":\"https:\\\/\\\/solars.md\\\/product\\\/stantsiya-2-kbt\\\/\",\"name\":\"\u0421\u0435\u0442\u0435\u0432\u0430\u044f \u0444\u043e\u0442\u043e\u044d\u043b\u0435\u043a\u0442\u0440\u0438\u0447\u0435\u0441\u043a\u0430\u044f \u0441\u0442\u0430\u043d\u0446\u0438\u044f 15000 (OnGrid) 3\u0424\u0430\u0437\u044b |\",\"isPartOf\":{\"@id\":\"https:\\\/\\\/solars.md\\\/#website\"},\"primaryImageOfPage\":{\"@id\":\"https:\\\/\\\/solars.md\\\/product\\\/stantsiya-2-kbt\\\/#primaryimage\"},\"image\":{\"@id\":\"https:\\\/\\\/solars.md\\\/product\\\/stantsiya-2-kbt\\\/#primaryimage\"},\"thumbnailUrl\":\"https:\\\/\\\/solars.md\\\/wp-content\\\/uploads\\\/2019\\\/02\\\/2-jpg.webp\",\"datePublished\":\"2019-02-17T09:50:43+00:00\",\"dateModified\":\"2025-02-17T14:57:21+00:00\",\"description\":\"\u0421\u043e\u043b\u043d\u0435\u0447\u043d\u044b\u0435 \u043f\u0430\u043d\u0435\u043b\u0438, \u0438\u043d\u0432\u0435\u0440\u0442\u043e\u0440\u0430, \u043a\u043e\u043d\u0442\u0440\u043e\u043b\u043b\u0435\u0440\u044b, \u0430\u043a\u043a\u0443\u043c\u0443\u043b\u044f\u0442\u043e\u0440\u044b \u0438 \u0441\u0438\u0441\u0442\u0435\u043c\u044b \u0445\u0440\u0430\u043d\u0435\u043d\u0438\u044f \u044d\u043d\u0435\u0440\u0433\u0438\u0438 \u043a\u0443\u043f\u0438\u0442\u044c \u0432 \u041c\u043e\u043b\u0434\u043e\u0432\u0435. \u0423\u0441\u0442\u0430\u043d\u043e\u0432\u043a\u0430 \u0441\u043e\u043b\u043d\u0435\u0447\u043d\u044b\u0445 \u0441\u0442\u0430\u043d\u0446\u0438\u0439 \u043f\u043e\u0434 \u043a\u043b\u044e\u0447. Panouri solare, invertoare, controlere, baterii \u0219i sisteme de stocare a energiei cump\u0103ra\u021bi \u00een Moldova. Instalarea la cheie a instala\u021biilor solare\",\"breadcrumb\":{\"@id\":\"https:\\\/\\\/solars.md\\\/product\\\/stantsiya-2-kbt\\\/#breadcrumb\"},\"inLanguage\":\"ro-RO\",\"potentialAction\":[{\"@type\":\"ReadAction\",\"target\":[\"https:\\\/\\\/solars.md\\\/product\\\/stantsiya-2-kbt\\\/\"]}]},{\"@type\":\"ImageObject\",\"inLanguage\":\"ro-RO\",\"@id\":\"https:\\\/\\\/solars.md\\\/product\\\/stantsiya-2-kbt\\\/#primaryimage\",\"url\":\"https:\\\/\\\/solars.md\\\/wp-content\\\/uploads\\\/2019\\\/02\\\/2-jpg.webp\",\"contentUrl\":\"https:\\\/\\\/solars.md\\\/wp-content\\\/uploads\\\/2019\\\/02\\\/2-jpg.webp\",\"width\":580,\"height\":389,\"caption\":\"\u0421\u0442\u0430\u043d\u0446\u0438\u044f \u0441\u0435\u0442\u0435\u0432\u0430\u044f 15000 (OnGrid)\"},{\"@type\":\"BreadcrumbList\",\"@id\":\"https:\\\/\\\/solars.md\\\/product\\\/stantsiya-2-kbt\\\/#breadcrumb\",\"itemListElement\":[{\"@type\":\"ListItem\",\"position\":1,\"name\":\"\u0413\u043b\u0430\u0432\u043d\u0430\u044f \u0441\u0442\u0440\u0430\u043d\u0438\u0446\u0430\",\"item\":\"https:\\\/\\\/solars.md\\\/\"},{\"@type\":\"ListItem\",\"position\":2,\"name\":\"\u041c\u0430\u0433\u0430\u0437\u0438\u043d\",\"item\":\"https:\\\/\\\/solars.md\\\/shop\\\/\"},{\"@type\":\"ListItem\",\"position\":3,\"name\":\"\u0421\u0435\u0442\u0435\u0432\u0430\u044f \u0444\u043e\u0442\u043e\u044d\u043b\u0435\u043a\u0442\u0440\u0438\u0447\u0435\u0441\u043a\u0430\u044f \u0441\u0442\u0430\u043d\u0446\u0438\u044f 15000 (OnGrid) 3\u0424\u0430\u0437\u044b\"}]},{\"@type\":\"WebSite\",\"@id\":\"https:\\\/\\\/solars.md\\\/#website\",\"url\":\"https:\\\/\\\/solars.md\\\/\",\"name\":\"Solars\",\"description\":\"\u0421\u043e\u043b\u043d\u0435\u0447\u043d\u044b\u0435 \u043f\u0430\u043d\u0435\u043b\u0438 \u0432 \u041c\u043e\u043b\u0434\u043e\u0432\u0435\",\"publisher\":{\"@id\":\"https:\\\/\\\/solars.md\\\/#organization\"},\"potentialAction\":[{\"@type\":\"SearchAction\",\"target\":{\"@type\":\"EntryPoint\",\"urlTemplate\":\"https:\\\/\\\/solars.md\\\/?s={search_term_string}\"},\"query-input\":{\"@type\":\"PropertyValueSpecification\",\"valueRequired\":true,\"valueName\":\"search_term_string\"}}],\"inLanguage\":\"ro-RO\"},{\"@type\":\"Organization\",\"@id\":\"https:\\\/\\\/solars.md\\\/#organization\",\"name\":\"Solars\",\"url\":\"https:\\\/\\\/solars.md\\\/\",\"logo\":{\"@type\":\"ImageObject\",\"inLanguage\":\"ro-RO\",\"@id\":\"https:\\\/\\\/solars.md\\\/#\\\/schema\\\/logo\\\/image\\\/\",\"url\":\"https:\\\/\\\/solars.md\\\/wp-content\\\/uploads\\\/2023\\\/02\\\/Solars-new.png\",\"contentUrl\":\"https:\\\/\\\/solars.md\\\/wp-content\\\/uploads\\\/2023\\\/02\\\/Solars-new.png\",\"width\":1134,\"height\":1134,\"caption\":\"Solars\"},\"image\":{\"@id\":\"https:\\\/\\\/solars.md\\\/#\\\/schema\\\/logo\\\/image\\\/\"},\"sameAs\":[\"https:\\\/\\\/www.facebook.com\\\/profile.php?id=100092330353235\"]}]}<\/script>\n<!-- \/ Yoast SEO plugin. -->","yoast_head_json":{"title":"\u0421\u0435\u0442\u0435\u0432\u0430\u044f \u0444\u043e\u0442\u043e\u044d\u043b\u0435\u043a\u0442\u0440\u0438\u0447\u0435\u0441\u043a\u0430\u044f \u0441\u0442\u0430\u043d\u0446\u0438\u044f 15000 (OnGrid) 3\u0424\u0430\u0437\u044b |","description":"\u0421\u043e\u043b\u043d\u0435\u0447\u043d\u044b\u0435 \u043f\u0430\u043d\u0435\u043b\u0438, \u0438\u043d\u0432\u0435\u0440\u0442\u043e\u0440\u0430, \u043a\u043e\u043d\u0442\u0440\u043e\u043b\u043b\u0435\u0440\u044b, \u0430\u043a\u043a\u0443\u043c\u0443\u043b\u044f\u0442\u043e\u0440\u044b \u0438 \u0441\u0438\u0441\u0442\u0435\u043c\u044b \u0445\u0440\u0430\u043d\u0435\u043d\u0438\u044f \u044d\u043d\u0435\u0440\u0433\u0438\u0438 \u043a\u0443\u043f\u0438\u0442\u044c \u0432 \u041c\u043e\u043b\u0434\u043e\u0432\u0435. \u0423\u0441\u0442\u0430\u043d\u043e\u0432\u043a\u0430 \u0441\u043e\u043b\u043d\u0435\u0447\u043d\u044b\u0445 \u0441\u0442\u0430\u043d\u0446\u0438\u0439 \u043f\u043e\u0434 \u043a\u043b\u044e\u0447. Panouri solare, invertoare, controlere, baterii \u0219i sisteme de stocare a energiei cump\u0103ra\u021bi \u00een Moldova. Instalarea la cheie a instala\u021biilor solare","robots":{"index":"index","follow":"follow","max-snippet":"max-snippet:-1","max-image-preview":"max-image-preview:large","max-video-preview":"max-video-preview:-1"},"canonical":"https:\/\/solars.md\/ro\/produs\/stantsiya-2-kbt\/","og_locale":"ro_RO","og_type":"article","og_title":"\u0421\u0435\u0442\u0435\u0432\u0430\u044f \u0444\u043e\u0442\u043e\u044d\u043b\u0435\u043a\u0442\u0440\u0438\u0447\u0435\u0441\u043a\u0430\u044f \u0441\u0442\u0430\u043d\u0446\u0438\u044f 15000 (OnGrid) 3\u0424\u0430\u0437\u044b |","og_description":"\u0421\u043e\u043b\u043d\u0435\u0447\u043d\u044b\u0435 \u043f\u0430\u043d\u0435\u043b\u0438, \u0438\u043d\u0432\u0435\u0440\u0442\u043e\u0440\u0430, \u043a\u043e\u043d\u0442\u0440\u043e\u043b\u043b\u0435\u0440\u044b, \u0430\u043a\u043a\u0443\u043c\u0443\u043b\u044f\u0442\u043e\u0440\u044b \u0438 \u0441\u0438\u0441\u0442\u0435\u043c\u044b \u0445\u0440\u0430\u043d\u0435\u043d\u0438\u044f \u044d\u043d\u0435\u0440\u0433\u0438\u0438 \u043a\u0443\u043f\u0438\u0442\u044c \u0432 \u041c\u043e\u043b\u0434\u043e\u0432\u0435. \u0423\u0441\u0442\u0430\u043d\u043e\u0432\u043a\u0430 \u0441\u043e\u043b\u043d\u0435\u0447\u043d\u044b\u0445 \u0441\u0442\u0430\u043d\u0446\u0438\u0439 \u043f\u043e\u0434 \u043a\u043b\u044e\u0447. Panouri solare, invertoare, controlere, baterii \u0219i sisteme de stocare a energiei cump\u0103ra\u021bi \u00een Moldova. Instalarea la cheie a instala\u021biilor solare","og_url":"https:\/\/solars.md\/ro\/produs\/stantsiya-2-kbt\/","article_publisher":"https:\/\/www.facebook.com\/profile.php?id=100092330353235","article_modified_time":"2025-02-17T14:57:21+00:00","og_image":[{"width":580,"height":389,"url":"https:\/\/solars.md\/wp-content\/uploads\/2019\/02\/2-jpg.webp","type":"image\/jpeg"}],"twitter_card":"summary_large_image","twitter_misc":{"Timp estimat pentru citire":"1 minut"},"schema":{"@context":"https:\/\/schema.org","@graph":[{"@type":"WebPage","@id":"https:\/\/solars.md\/product\/stantsiya-2-kbt\/","url":"https:\/\/solars.md\/product\/stantsiya-2-kbt\/","name":"\u0421\u0435\u0442\u0435\u0432\u0430\u044f \u0444\u043e\u0442\u043e\u044d\u043b\u0435\u043a\u0442\u0440\u0438\u0447\u0435\u0441\u043a\u0430\u044f \u0441\u0442\u0430\u043d\u0446\u0438\u044f 15000 (OnGrid) 3\u0424\u0430\u0437\u044b |","isPartOf":{"@id":"https:\/\/solars.md\/#website"},"primaryImageOfPage":{"@id":"https:\/\/solars.md\/product\/stantsiya-2-kbt\/#primaryimage"},"image":{"@id":"https:\/\/solars.md\/product\/stantsiya-2-kbt\/#primaryimage"},"thumbnailUrl":"https:\/\/solars.md\/wp-content\/uploads\/2019\/02\/2-jpg.webp","datePublished":"2019-02-17T09:50:43+00:00","dateModified":"2025-02-17T14:57:21+00:00","description":"\u0421\u043e\u043b\u043d\u0435\u0447\u043d\u044b\u0435 \u043f\u0430\u043d\u0435\u043b\u0438, \u0438\u043d\u0432\u0435\u0440\u0442\u043e\u0440\u0430, \u043a\u043e\u043d\u0442\u0440\u043e\u043b\u043b\u0435\u0440\u044b, \u0430\u043a\u043a\u0443\u043c\u0443\u043b\u044f\u0442\u043e\u0440\u044b \u0438 \u0441\u0438\u0441\u0442\u0435\u043c\u044b \u0445\u0440\u0430\u043d\u0435\u043d\u0438\u044f \u044d\u043d\u0435\u0440\u0433\u0438\u0438 \u043a\u0443\u043f\u0438\u0442\u044c \u0432 \u041c\u043e\u043b\u0434\u043e\u0432\u0435. \u0423\u0441\u0442\u0430\u043d\u043e\u0432\u043a\u0430 \u0441\u043e\u043b\u043d\u0435\u0447\u043d\u044b\u0445 \u0441\u0442\u0430\u043d\u0446\u0438\u0439 \u043f\u043e\u0434 \u043a\u043b\u044e\u0447. Panouri solare, invertoare, controlere, baterii \u0219i sisteme de stocare a energiei cump\u0103ra\u021bi \u00een Moldova. Instalarea la cheie a instala\u021biilor solare","breadcrumb":{"@id":"https:\/\/solars.md\/product\/stantsiya-2-kbt\/#breadcrumb"},"inLanguage":"ro-RO","potentialAction":[{"@type":"ReadAction","target":["https:\/\/solars.md\/product\/stantsiya-2-kbt\/"]}]},{"@type":"ImageObject","inLanguage":"ro-RO","@id":"https:\/\/solars.md\/product\/stantsiya-2-kbt\/#primaryimage","url":"https:\/\/solars.md\/wp-content\/uploads\/2019\/02\/2-jpg.webp","contentUrl":"https:\/\/solars.md\/wp-content\/uploads\/2019\/02\/2-jpg.webp","width":580,"height":389,"caption":"\u0421\u0442\u0430\u043d\u0446\u0438\u044f \u0441\u0435\u0442\u0435\u0432\u0430\u044f 15000 (OnGrid)"},{"@type":"BreadcrumbList","@id":"https:\/\/solars.md\/product\/stantsiya-2-kbt\/#breadcrumb","itemListElement":[{"@type":"ListItem","position":1,"name":"\u0413\u043b\u0430\u0432\u043d\u0430\u044f \u0441\u0442\u0440\u0430\u043d\u0438\u0446\u0430","item":"https:\/\/solars.md\/"},{"@type":"ListItem","position":2,"name":"\u041c\u0430\u0433\u0430\u0437\u0438\u043d","item":"https:\/\/solars.md\/shop\/"},{"@type":"ListItem","position":3,"name":"\u0421\u0435\u0442\u0435\u0432\u0430\u044f \u0444\u043e\u0442\u043e\u044d\u043b\u0435\u043a\u0442\u0440\u0438\u0447\u0435\u0441\u043a\u0430\u044f \u0441\u0442\u0430\u043d\u0446\u0438\u044f 15000 (OnGrid) 3\u0424\u0430\u0437\u044b"}]},{"@type":"WebSite","@id":"https:\/\/solars.md\/#website","url":"https:\/\/solars.md\/","name":"Solars","description":"Panouri solare \u00een Moldova","publisher":{"@id":"https:\/\/solars.md\/#organization"},"potentialAction":[{"@type":"SearchAction","target":{"@type":"EntryPoint","urlTemplate":"https:\/\/solars.md\/?s={search_term_string}"},"query-input":{"@type":"PropertyValueSpecification","valueRequired":true,"valueName":"search_term_string"}}],"inLanguage":"ro-RO"},{"@type":"Organization","@id":"https:\/\/solars.md\/#organization","name":"Solars","url":"https:\/\/solars.md\/","logo":{"@type":"ImageObject","inLanguage":"ro-RO","@id":"https:\/\/solars.md\/#\/schema\/logo\/image\/","url":"https:\/\/solars.md\/wp-content\/uploads\/2023\/02\/Solars-new.png","contentUrl":"https:\/\/solars.md\/wp-content\/uploads\/2023\/02\/Solars-new.png","width":1134,"height":1134,"caption":"Solars"},"image":{"@id":"https:\/\/solars.md\/#\/schema\/logo\/image\/"},"sameAs":["https:\/\/www.facebook.com\/profile.php?id=100092330353235"]}]}},"_links":{"self":[{"href":"https:\/\/solars.md\/ro\/wp-json\/wp\/v2\/product\/413","targetHints":{"allow":["GET"]}}],"collection":[{"href":"https:\/\/solars.md\/ro\/wp-json\/wp\/v2\/product"}],"about":[{"href":"https:\/\/solars.md\/ro\/wp-json\/wp\/v2\/types\/product"}],"wp:featuredmedia":[{"embeddable":true,"href":"https:\/\/solars.md\/ro\/wp-json\/wp\/v2\/media\/4699"}],"wp:attachment":[{"href":"https:\/\/solars.md\/ro\/wp-json\/wp\/v2\/media?parent=413"}],"wp:term":[{"taxonomy":"product_brand","embeddable":true,"href":"https:\/\/solars.md\/ro\/wp-json\/wp\/v2\/product_brand?post=413"},{"taxonomy":"product_cat","embeddable":true,"href":"https:\/\/solars.md\/ro\/wp-json\/wp\/v2\/product_cat?post=413"},{"taxonomy":"product_tag","embeddable":true,"href":"https:\/\/solars.md\/ro\/wp-json\/wp\/v2\/product_tag?post=413"}],"curies":[{"name":"wp","href":"https:\/\/api.w.org\/{rel}","templated":true}]}}