{"id":4370,"date":"2020-10-14T12:43:40","date_gmt":"2020-10-14T09:43:40","guid":{"rendered":"http:\/\/solars.md\/?post_type=product&#038;p=4370"},"modified":"2024-09-06T16:21:15","modified_gmt":"2024-09-06T13:21:15","slug":"inverter-voltronic-axpert-vm-iii-1500-24-off-grid","status":"publish","type":"product","link":"https:\/\/solars.md\/ro\/produs\/inverter-voltronic-axpert-vm-iii-1500-24-off-grid\/","title":{"rendered":"Inverter Voltronic Axpert VM II 1200 12 Premium OFF-GRID"},"content":{"rendered":"<table style=\"height: 1026px;\" width=\"408\">\n<tbody>\n<tr style=\"height: 57px;\">\n<td style=\"height: 57px; width: 1114px;\" colspan=\"2\">Caracteristici<\/td>\n<\/tr>\n<tr style=\"height: 57px;\">\n<td style=\"height: 57px; width: 293px;\">DC PV panel input data<\/td>\n<td style=\"height: 57px; width: 821px;\"><\/td>\n<\/tr>\n<tr style=\"height: 57px;\">\n<td style=\"height: 57px; width: 293px;\">Max PV power (W)<\/td>\n<td style=\"height: 57px; width: 821px;\">2000<\/td>\n<\/tr>\n<tr style=\"height: 57px;\">\n<td style=\"height: 57px; width: 293px;\">Max Solar Charge Current (A)<\/td>\n<td style=\"height: 57px; width: 821px;\">100<\/td>\n<\/tr>\n<tr style=\"height: 57px;\">\n<td style=\"height: 57px; width: 293px;\">Max Imput (V)<\/td>\n<td style=\"height: 57px; width: 821px;\">350<\/td>\n<\/tr>\n<tr style=\"height: 57px;\">\n<td style=\"height: 57px; width: 293px;\">MPPT Range<\/td>\n<td style=\"height: 57px; width: 821px;\">60V ~ 300VDC<\/td>\n<\/tr>\n<tr style=\"height: 57px;\">\n<td style=\"height: 57px; width: 293px;\">Bat. Data<\/td>\n<td style=\"height: 57px; width: 821px;\"><\/td>\n<\/tr>\n<tr style=\"height: 57px;\">\n<td style=\"height: 57px; width: 293px;\">Bat. Voltage<\/td>\n<td style=\"height: 57px; width: 821px;\">12<\/td>\n<\/tr>\n<tr style=\"height: 57px;\">\n<td style=\"height: 57px; width: 293px;\">Paralle series Bat.<\/td>\n<td style=\"height: 57px; width: 821px;\">Non<\/td>\n<\/tr>\n<tr style=\"height: 57px;\">\n<td style=\"height: 57px; width: 293px;\">Output AC Data<\/td>\n<td style=\"height: 57px; width: 821px;\"><\/td>\n<\/tr>\n<tr style=\"height: 57px;\">\n<td style=\"height: 57px; width: 293px;\">Max AC out (W)<\/td>\n<td style=\"height: 57px; width: 821px;\">2400<\/td>\n<\/tr>\n<tr style=\"height: 57px;\">\n<td style=\"height: 57px; width: 293px;\">Nominal out Voltage<\/td>\n<td style=\"height: 57px; width: 821px;\">230V\/50Hz<\/td>\n<\/tr>\n<tr style=\"height: 57px;\">\n<td style=\"height: 57px; width: 293px;\">Input AC Data<\/td>\n<td style=\"height: 57px; width: 821px;\"><\/td>\n<\/tr>\n<tr style=\"height: 57px;\">\n<td style=\"height: 57px; width: 293px;\">Nominal in Voltage<\/td>\n<td style=\"height: 57px; width: 821px;\">90-280V<\/td>\n<\/tr>\n<tr style=\"height: 57px;\">\n<td style=\"height: 57px; width: 293px;\">Maximal Current (A)<\/td>\n<td style=\"height: 57px; width: 821px;\">80<\/td>\n<\/tr>\n<tr>\n<td style=\"width: 293px;\">Comunication port<\/td>\n<td style=\"width: 821px;\">BMS,RS485, RS232,WiFi optional<\/td>\n<\/tr>\n<tr style=\"height: 57px;\">\n<td style=\"height: 57px; width: 293px;\">Dimension<\/td>\n<td style=\"height: 57px; width: 821px;\"><\/td>\n<\/tr>\n<tr style=\"height: 57px;\">\n<td style=\"height: 57px; width: 293px;\">(DxWxH) mm<\/td>\n<td style=\"height: 57px; width: 821px;\">90 x 288 x 357<\/td>\n<\/tr>\n<tr style=\"height: 57px;\">\n<td style=\"height: 57px; width: 293px;\">Weight (Kg)<\/td>\n<td style=\"height: 57px; width: 821px;\">6.5<\/td>\n<\/tr>\n<\/tbody>\n<\/table>","protected":false},"excerpt":{"rendered":"<p>Invertor Axpert VM 1200 12 MPPT tip hibrid, putere 1,2 kW (pe termen scurt 2,4 kW) cu und\u0103 sinusoidal\u0103 pur\u0103, f\u0103r\u0103 transformator, controler MPPT \u00eencorporat 80 A cu posibilitatea de a conecta o surs\u0103 extern\u0103 de curent alternativ (re\u021bea electric\u0103 sau generator diesel) . Folosit \u00een sta\u021bii solare mici \u0219i sisteme de alimentare ne\u00eentreruptibil\u0103. Acest dispozitiv are o gam\u0103 larg\u0103 de set\u0103ri diferite (reglarea curentului de \u00eenc\u0103rcare, setarea pragurilor superioare \u0219i inferioare de \u00eenc\u0103rcare a bateriei). Aceast\u0103 serie de invertoare s-a dovedit a fi un echipament fiabil \u0219i eficient.<\/p>","protected":false},"featured_media":5129,"template":"","meta":{"site-sidebar-layout":"default","site-content-layout":"","ast-site-content-layout":"default","site-content-style":"default","site-sidebar-style":"default","ast-global-header-display":"","ast-banner-title-visibility":"","ast-main-header-display":"","ast-hfb-above-header-display":"","ast-hfb-below-header-display":"","ast-hfb-mobile-header-display":"","site-post-title":"","ast-breadcrumbs-content":"","ast-featured-img":"","footer-sml-layout":"","ast-disable-related-posts":"","theme-transparent-header-meta":"","adv-header-id-meta":"","stick-header-meta":"","header-above-stick-meta":"","header-main-stick-meta":"","header-below-stick-meta":"","astra-migrate-meta-layouts":"default","ast-page-background-enabled":"default","ast-page-background-meta":{"desktop":{"background-color":"var(--ast-global-color-5)","background-image":"","background-repeat":"repeat","background-position":"center center","background-size":"auto","background-attachment":"scroll","background-type":"","background-media":"","overlay-type":"","overlay-color":"","overlay-opacity":"","overlay-gradient":""},"tablet":{"background-color":"","background-image":"","background-repeat":"repeat","background-position":"center center","background-size":"auto","background-attachment":"scroll","background-type":"","background-media":"","overlay-type":"","overlay-color":"","overlay-opacity":"","overlay-gradient":""},"mobile":{"background-color":"","background-image":"","background-repeat":"repeat","background-position":"center center","background-size":"auto","background-attachment":"scroll","background-type":"","background-media":"","overlay-type":"","overlay-color":"","overlay-opacity":"","overlay-gradient":""}},"ast-content-background-meta":{"desktop":{"background-color":"var(--ast-global-color-4)","background-image":"","background-repeat":"repeat","background-position":"center center","background-size":"auto","background-attachment":"scroll","background-type":"","background-media":"","overlay-type":"","overlay-color":"","overlay-opacity":"","overlay-gradient":""},"tablet":{"background-color":"var(--ast-global-color-4)","background-image":"","background-repeat":"repeat","background-position":"center center","background-size":"auto","background-attachment":"scroll","background-type":"","background-media":"","overlay-type":"","overlay-color":"","overlay-opacity":"","overlay-gradient":""},"mobile":{"background-color":"var(--ast-global-color-4)","background-image":"","background-repeat":"repeat","background-position":"center center","background-size":"auto","background-attachment":"scroll","background-type":"","background-media":"","overlay-type":"","overlay-color":"","overlay-opacity":"","overlay-gradient":""}}},"product_brand":[],"product_cat":[25],"product_tag":[],"yst_prominent_words":[],"class_list":{"0":"post-4370","1":"product","2":"type-product","3":"status-publish","4":"has-post-thumbnail","6":"product_cat-invertory","7":"desktop-align-left","8":"tablet-align-left","9":"mobile-align-left","11":"first","12":"outofstock","13":"shipping-taxable","14":"purchasable","15":"product-type-simple"},"_links":{"self":[{"href":"https:\/\/solars.md\/ro\/wp-json\/wp\/v2\/product\/4370","targetHints":{"allow":["GET"]}}],"collection":[{"href":"https:\/\/solars.md\/ro\/wp-json\/wp\/v2\/product"}],"about":[{"href":"https:\/\/solars.md\/ro\/wp-json\/wp\/v2\/types\/product"}],"wp:featuredmedia":[{"embeddable":true,"href":"https:\/\/solars.md\/ro\/wp-json\/wp\/v2\/media\/5129"}],"wp:attachment":[{"href":"https:\/\/solars.md\/ro\/wp-json\/wp\/v2\/media?parent=4370"}],"wp:term":[{"taxonomy":"product_brand","embeddable":true,"href":"https:\/\/solars.md\/ro\/wp-json\/wp\/v2\/product_brand?post=4370"},{"taxonomy":"product_cat","embeddable":true,"href":"https:\/\/solars.md\/ro\/wp-json\/wp\/v2\/product_cat?post=4370"},{"taxonomy":"product_tag","embeddable":true,"href":"https:\/\/solars.md\/ro\/wp-json\/wp\/v2\/product_tag?post=4370"},{"taxonomy":"yst_prominent_words","embeddable":true,"href":"https:\/\/solars.md\/ro\/wp-json\/wp\/v2\/yst_prominent_words?post=4370"}],"curies":[{"name":"wp","href":"https:\/\/api.w.org\/{rel}","templated":true}]}}