{"id":4481,"date":"2021-04-26T12:10:39","date_gmt":"2021-04-26T09:10:39","guid":{"rendered":"http:\/\/solars.md\/?post_type=product&#038;p=4481"},"modified":"2026-05-05T18:34:50","modified_gmt":"2026-05-05T15:34:50","slug":"battery-cs-hdc-12-200-vrla-lead-carbon","status":"publish","type":"product","link":"https:\/\/solars.md\/ro\/produs\/battery-cs-hdc-12-200-vrla-lead-carbon\/","title":{"rendered":"CS Battery HDC-12-200 VRLA Lead Carbon"},"content":{"rendered":"<table width=\"380\">\n<tbody>\n<tr>\n<td colspan=\"2\" width=\"380\">Caracteristici:<\/td>\n<\/tr>\n<tr>\n<td width=\"208\">Tip<\/td>\n<td>PbCa Nesupravegheat<\/td>\n<\/tr>\n<tr>\n<td width=\"208\">Capacitate Ah<\/td>\n<td width=\"172\">200<\/td>\n<\/tr>\n<tr>\n<td width=\"208\">Tensiunea V<\/td>\n<td width=\"172\">12<\/td>\n<\/tr>\n<tr>\n<td width=\"208\">Ad\u00e2ncimea optim\u0103 de desc\u0103rcare %<\/td>\n<td width=\"172\">\u0434\u043e 50<\/td>\n<\/tr>\n<tr>\n<td width=\"208\">Ad\u00e2ncimea de desc\u0103rcare admis\u0103 %<\/td>\n<td width=\"172\">\u0434\u043e 80<\/td>\n<\/tr>\n<tr>\n<td width=\"208\">Capacitate (W)<\/td>\n<td width=\"172\">2400<\/td>\n<\/tr>\n<tr>\n<td width=\"208\">Cicluri la desc\u0103rcare de 20%.<\/td>\n<td width=\"172\">6500<\/td>\n<\/tr>\n<tr>\n<td width=\"208\">Cicluri la desc\u0103rcare de 50%.<\/td>\n<td width=\"172\">3500<\/td>\n<\/tr>\n<tr>\n<td width=\"208\">Cicluri la desc\u0103rcare de 80%.<\/td>\n<td width=\"172\">2000<\/td>\n<\/tr>\n<tr>\n<td width=\"208\">Autodesc\u0103rcare pe lun\u0103<\/td>\n<td width=\"172\">\u0434\u043e 3%<\/td>\n<\/tr>\n<tr>\n<td width=\"208\">Temperatura optima (Gr. C)<\/td>\n<td width=\"172\">+15 \u0434\u043e +25<\/td>\n<\/tr>\n<tr>\n<td width=\"208\">Interval de operare Ritm. (Gr.C)<\/td>\n<td width=\"172\">-20 \u0434\u043e +65<\/td>\n<\/tr>\n<tr>\n<td width=\"208\">Durata de viata la +25gr. (C, ani)<\/td>\n<td width=\"172\">\u0434\u043e 25<\/td>\n<\/tr>\n<tr>\n<td width=\"208\">Curent de \u00eenc\u0103rcare<\/td>\n<td width=\"172\">\u042110<\/td>\n<\/tr>\n<tr>\n<td width=\"208\">Dimensiuni mm (L\/D\/H)<\/td>\n<td width=\"172\">522*240*219<\/td>\n<\/tr>\n<tr>\n<td width=\"208\">Greutate, (kg)<\/td>\n<td width=\"172\">64,8<\/td>\n<\/tr>\n<tr>\n<td><\/td>\n<td><\/td>\n<\/tr>\n<\/tbody>\n<\/table>","protected":false},"excerpt":{"rendered":"<p>Un nou tip de baterie bazat pe tehnologia Lead Carbon. Avantajul acestei tehnologii (ad\u0103ugarea de carbon la anod) este c\u0103 reduce formarea de sulfa\u021bi pe placa negativ\u0103. Particulele de carbon foarte conductive sunt str\u00e2ns legate de materialul activ, cre\u00e2nd o re\u021bea conductiv\u0103 \u00eembun\u0103t\u0103\u021bit\u0103, reduc\u00e2nd rezisten\u021ba intern\u0103, cresc\u00e2nd densitatea energiei \u0219i o bun\u0103 recuperare dup\u0103 desc\u0103rcare. Aceast\u0103 tehnologie permite 2000 de cicluri de \u00eenc\u0103rcare-desc\u0103rcare la 80% D.O.D., aceast\u0103 cifr\u0103 este apropiat\u0103 de bateriile pe baz\u0103 de litiu, dar mult mai ieftin\u0103. Aceste baterii nu necesit\u0103 sisteme BMS \u0219i au un nivel ridicat de siguran\u021b\u0103. Unul dintre dezavantaje este, desigur, greutatea mare a bateriei, ca \u0219i bateriile conven\u021bionale cu acid. Pute\u021bi afla informa\u021bii detaliate despre tipurile de baterii acces\u00e2nd linkul http:\/\/solars.md\/review-of-main-battery-types\/<\/p>","protected":false},"featured_media":4503,"template":"","meta":{"site-sidebar-layout":"default","site-content-layout":"","ast-site-content-layout":"default","site-content-style":"default","site-sidebar-style":"default","ast-global-header-display":"","ast-banner-title-visibility":"","ast-main-header-display":"","ast-hfb-above-header-display":"","ast-hfb-below-header-display":"","ast-hfb-mobile-header-display":"","site-post-title":"","ast-breadcrumbs-content":"","ast-featured-img":"","footer-sml-layout":"","ast-disable-related-posts":"","theme-transparent-header-meta":"","adv-header-id-meta":"","stick-header-meta":"","header-above-stick-meta":"","header-main-stick-meta":"","header-below-stick-meta":"","astra-migrate-meta-layouts":"default","ast-page-background-enabled":"default","ast-page-background-meta":{"desktop":{"background-color":"var(--ast-global-color-5)","background-image":"","background-repeat":"repeat","background-position":"center center","background-size":"auto","background-attachment":"scroll","background-type":"","background-media":"","overlay-type":"","overlay-color":"","overlay-opacity":"","overlay-gradient":""},"tablet":{"background-color":"","background-image":"","background-repeat":"repeat","background-position":"center center","background-size":"auto","background-attachment":"scroll","background-type":"","background-media":"","overlay-type":"","overlay-color":"","overlay-opacity":"","overlay-gradient":""},"mobile":{"background-color":"","background-image":"","background-repeat":"repeat","background-position":"center center","background-size":"auto","background-attachment":"scroll","background-type":"","background-media":"","overlay-type":"","overlay-color":"","overlay-opacity":"","overlay-gradient":""}},"ast-content-background-meta":{"desktop":{"background-color":"var(--ast-global-color-4)","background-image":"","background-repeat":"repeat","background-position":"center center","background-size":"auto","background-attachment":"scroll","background-type":"","background-media":"","overlay-type":"","overlay-color":"","overlay-opacity":"","overlay-gradient":""},"tablet":{"background-color":"var(--ast-global-color-4)","background-image":"","background-repeat":"repeat","background-position":"center center","background-size":"auto","background-attachment":"scroll","background-type":"","background-media":"","overlay-type":"","overlay-color":"","overlay-opacity":"","overlay-gradient":""},"mobile":{"background-color":"var(--ast-global-color-4)","background-image":"","background-repeat":"repeat","background-position":"center center","background-size":"auto","background-attachment":"scroll","background-type":"","background-media":"","overlay-type":"","overlay-color":"","overlay-opacity":"","overlay-gradient":""}}},"product_brand":[],"product_cat":[26],"product_tag":[],"yst_prominent_words":[],"class_list":{"0":"post-4481","1":"product","2":"type-product","3":"status-publish","4":"has-post-thumbnail","6":"product_cat-akkumulyatory","7":"desktop-align-left","8":"tablet-align-left","9":"mobile-align-left","11":"first","12":"instock","13":"shipping-taxable","14":"purchasable","15":"product-type-simple"},"_links":{"self":[{"href":"https:\/\/solars.md\/ro\/wp-json\/wp\/v2\/product\/4481","targetHints":{"allow":["GET"]}}],"collection":[{"href":"https:\/\/solars.md\/ro\/wp-json\/wp\/v2\/product"}],"about":[{"href":"https:\/\/solars.md\/ro\/wp-json\/wp\/v2\/types\/product"}],"wp:featuredmedia":[{"embeddable":true,"href":"https:\/\/solars.md\/ro\/wp-json\/wp\/v2\/media\/4503"}],"wp:attachment":[{"href":"https:\/\/solars.md\/ro\/wp-json\/wp\/v2\/media?parent=4481"}],"wp:term":[{"taxonomy":"product_brand","embeddable":true,"href":"https:\/\/solars.md\/ro\/wp-json\/wp\/v2\/product_brand?post=4481"},{"taxonomy":"product_cat","embeddable":true,"href":"https:\/\/solars.md\/ro\/wp-json\/wp\/v2\/product_cat?post=4481"},{"taxonomy":"product_tag","embeddable":true,"href":"https:\/\/solars.md\/ro\/wp-json\/wp\/v2\/product_tag?post=4481"},{"taxonomy":"yst_prominent_words","embeddable":true,"href":"https:\/\/solars.md\/ro\/wp-json\/wp\/v2\/yst_prominent_words?post=4481"}],"curies":[{"name":"wp","href":"https:\/\/api.w.org\/{rel}","templated":true}]}}