{"id":4487,"date":"2021-04-26T13:37:24","date_gmt":"2021-04-26T10:37:24","guid":{"rendered":"http:\/\/solars.md\/?post_type=product&#038;p=4487"},"modified":"2026-03-23T17:42:25","modified_gmt":"2026-03-23T14:42:25","slug":"battery-cs-hdc-12-100-vrla-lead-carbon","status":"publish","type":"product","link":"https:\/\/solars.md\/ro\/produs\/battery-cs-hdc-12-100-vrla-lead-carbon\/","title":{"rendered":"Battery CS HDC-12-100 VRLA Lead Carbon"},"content":{"rendered":"<table width=\"380\">\n<tbody>\n<tr>\n<td colspan=\"2\" width=\"380\">Caracteristici:<\/td>\n<\/tr>\n<tr>\n<td width=\"208\">Tip<\/td>\n<td>PbCa Nesupravegheat<\/td>\n<\/tr>\n<tr>\n<td width=\"208\">Capacitate Ah<\/td>\n<td width=\"172\">100<\/td>\n<\/tr>\n<tr>\n<td width=\"208\">Tensiunea V<\/td>\n<td width=\"172\">12<\/td>\n<\/tr>\n<tr>\n<td width=\"208\">Ad\u00e2ncimea optim\u0103 de desc\u0103rcare %<\/td>\n<td width=\"172\">\u0434\u043e 50<\/td>\n<\/tr>\n<tr>\n<td width=\"208\">Ad\u00e2ncimea de desc\u0103rcare admis\u0103 %<\/td>\n<td width=\"172\">\u0434\u043e 80<\/td>\n<\/tr>\n<tr>\n<td width=\"208\">Capacitate (W)<\/td>\n<td width=\"172\">1200<\/td>\n<\/tr>\n<tr>\n<td width=\"208\">Cicluri la desc\u0103rcare de 20%.<\/td>\n<td width=\"172\">6500<\/td>\n<\/tr>\n<tr>\n<td width=\"208\">Cicluri la desc\u0103rcare de 50%.<\/td>\n<td width=\"172\">3500<\/td>\n<\/tr>\n<tr>\n<td width=\"208\">Cicluri la desc\u0103rcare de 80%.<\/td>\n<td width=\"172\">2000<\/td>\n<\/tr>\n<tr>\n<td width=\"208\">Autodesc\u0103rcare pe lun\u0103<\/td>\n<td width=\"172\">\u0434\u043e 3%<\/td>\n<\/tr>\n<tr>\n<td width=\"208\">Temperatura optima (Gr. C)<\/td>\n<td width=\"172\">+15 \u0434\u043e +25<\/td>\n<\/tr>\n<tr>\n<td width=\"208\">Interval de operare Ritm. (Gr.C)<\/td>\n<td width=\"172\">-20 \u0434\u043e +65<\/td>\n<\/tr>\n<tr>\n<td width=\"208\">Durata de viata la +25gr. (C, ani)<\/td>\n<td width=\"172\">\u0434\u043e 25<\/td>\n<\/tr>\n<tr>\n<td width=\"208\">Curent de \u00eenc\u0103rcare<\/td>\n<td width=\"172\">\u042110<\/td>\n<\/tr>\n<tr>\n<td width=\"208\">Dimensiuni mm (L\/D\/H)<\/td>\n<td width=\"172\">331*176*219<\/td>\n<\/tr>\n<tr>\n<td width=\"208\">Greutate, (kg)<\/td>\n<td width=\"172\">33,6<\/td>\n<\/tr>\n<tr>\n<td><\/td>\n<td><\/td>\n<\/tr>\n<\/tbody>\n<\/table>","protected":false},"excerpt":{"rendered":"<p>Un nou tip de baterie bazat pe tehnologia Lead Carbon. Avantajul acestei tehnologii (ad\u0103ugarea de carbon la anod) este c\u0103 reduce formarea de sulfa\u021bi pe placa negativ\u0103. Particulele de carbon foarte conductive sunt str\u00e2ns legate de materialul activ, cre\u00e2nd o re\u021bea conductiv\u0103 \u00eembun\u0103t\u0103\u021bit\u0103, reduc\u00e2nd rezisten\u021ba intern\u0103, cresc\u00e2nd densitatea energiei \u0219i o bun\u0103 recuperare dup\u0103 desc\u0103rcare. Aceast\u0103 tehnologie permite 2000 de cicluri de \u00eenc\u0103rcare-desc\u0103rcare la 80% D.O.D., aceast\u0103 cifr\u0103 este apropiat\u0103 de bateriile pe baz\u0103 de litiu, dar mult mai ieftin\u0103. Aceste baterii nu necesit\u0103 sisteme BMS \u0219i au un nivel ridicat de siguran\u021b\u0103. Unul dintre dezavantaje este, desigur, greutatea mare a bateriei, ca \u0219i bateriile conven\u021bionale cu acid. Pute\u021bi afla mai multe despre baterii acces\u00e2nd linkul: http:\/\/solars.md\/review-of-the-main-battery-types\/<\/p>","protected":false},"featured_media":4504,"template":"","meta":{"site-sidebar-layout":"default","site-content-layout":"","ast-site-content-layout":"default","site-content-style":"default","site-sidebar-style":"default","ast-global-header-display":"","ast-banner-title-visibility":"","ast-main-header-display":"","ast-hfb-above-header-display":"","ast-hfb-below-header-display":"","ast-hfb-mobile-header-display":"","site-post-title":"","ast-breadcrumbs-content":"","ast-featured-img":"","footer-sml-layout":"","ast-disable-related-posts":"","theme-transparent-header-meta":"default","adv-header-id-meta":"","stick-header-meta":"","header-above-stick-meta":"","header-main-stick-meta":"","header-below-stick-meta":"","astra-migrate-meta-layouts":"set","ast-page-background-enabled":"default","ast-page-background-meta":{"desktop":{"background-color":"var(--ast-global-color-5)","background-image":"","background-repeat":"repeat","background-position":"center center","background-size":"auto","background-attachment":"scroll","background-type":"","background-media":"","overlay-type":"","overlay-color":"","overlay-opacity":"","overlay-gradient":""},"tablet":{"background-color":"","background-image":"","background-repeat":"repeat","background-position":"center center","background-size":"auto","background-attachment":"scroll","background-type":"","background-media":"","overlay-type":"","overlay-color":"","overlay-opacity":"","overlay-gradient":""},"mobile":{"background-color":"","background-image":"","background-repeat":"repeat","background-position":"center center","background-size":"auto","background-attachment":"scroll","background-type":"","background-media":"","overlay-type":"","overlay-color":"","overlay-opacity":"","overlay-gradient":""}},"ast-content-background-meta":{"desktop":{"background-color":"var(--ast-global-color-4)","background-image":"","background-repeat":"repeat","background-position":"center center","background-size":"auto","background-attachment":"scroll","background-type":"","background-media":"","overlay-type":"","overlay-color":"","overlay-opacity":"","overlay-gradient":""},"tablet":{"background-color":"var(--ast-global-color-4)","background-image":"","background-repeat":"repeat","background-position":"center center","background-size":"auto","background-attachment":"scroll","background-type":"","background-media":"","overlay-type":"","overlay-color":"","overlay-opacity":"","overlay-gradient":""},"mobile":{"background-color":"var(--ast-global-color-4)","background-image":"","background-repeat":"repeat","background-position":"center center","background-size":"auto","background-attachment":"scroll","background-type":"","background-media":"","overlay-type":"","overlay-color":"","overlay-opacity":"","overlay-gradient":""}}},"product_brand":[],"product_cat":[26],"product_tag":[],"class_list":{"0":"post-4487","1":"product","2":"type-product","3":"status-publish","4":"has-post-thumbnail","6":"product_cat-akkumulyatory","7":"desktop-align-left","8":"tablet-align-left","9":"mobile-align-left","11":"first","12":"outofstock","13":"shipping-taxable","14":"purchasable","15":"product-type-simple"},"yoast_head":"<!-- This site is optimized with the Yoast SEO plugin v27.4 - https:\/\/yoast.com\/product\/yoast-seo-wordpress\/ -->\n<title>Battery CS HDC-12-100 VRLA Lead Carbon |<\/title>\n<meta name=\"description\" content=\"\u0421\u043e\u043b\u043d\u0435\u0447\u043d\u044b\u0435 \u043f\u0430\u043d\u0435\u043b\u0438, \u0438\u043d\u0432\u0435\u0440\u0442\u043e\u0440\u0430, \u043a\u043e\u043d\u0442\u0440\u043e\u043b\u043b\u0435\u0440\u044b, \u0430\u043a\u043a\u0443\u043c\u0443\u043b\u044f\u0442\u043e\u0440\u044b \u0438 \u0441\u0438\u0441\u0442\u0435\u043c\u044b \u0445\u0440\u0430\u043d\u0435\u043d\u0438\u044f \u044d\u043d\u0435\u0440\u0433\u0438\u0438 \u043a\u0443\u043f\u0438\u0442\u044c \u0432 \u041c\u043e\u043b\u0434\u043e\u0432\u0435. \u0423\u0441\u0442\u0430\u043d\u043e\u0432\u043a\u0430 \u0441\u043e\u043b\u043d\u0435\u0447\u043d\u044b\u0445 \u0441\u0442\u0430\u043d\u0446\u0438\u0439 \u043f\u043e\u0434 \u043a\u043b\u044e\u0447. Panouri solare, invertoare, controlere, baterii \u0219i sisteme de stocare a energiei cump\u0103ra\u021bi \u00een Moldova. Instalarea la cheie a instala\u021biilor solare\" \/>\n<meta name=\"robots\" content=\"index, follow, max-snippet:-1, max-image-preview:large, max-video-preview:-1\" \/>\n<link rel=\"canonical\" href=\"https:\/\/solars.md\/ro\/produs\/battery-cs-hdc-12-100-vrla-lead-carbon\/\" \/>\n<meta property=\"og:locale\" content=\"ro_RO\" \/>\n<meta property=\"og:type\" content=\"article\" \/>\n<meta property=\"og:title\" content=\"Battery CS HDC-12-100 VRLA Lead Carbon |\" \/>\n<meta property=\"og:description\" content=\"\u0421\u043e\u043b\u043d\u0435\u0447\u043d\u044b\u0435 \u043f\u0430\u043d\u0435\u043b\u0438, \u0438\u043d\u0432\u0435\u0440\u0442\u043e\u0440\u0430, \u043a\u043e\u043d\u0442\u0440\u043e\u043b\u043b\u0435\u0440\u044b, \u0430\u043a\u043a\u0443\u043c\u0443\u043b\u044f\u0442\u043e\u0440\u044b \u0438 \u0441\u0438\u0441\u0442\u0435\u043c\u044b \u0445\u0440\u0430\u043d\u0435\u043d\u0438\u044f \u044d\u043d\u0435\u0440\u0433\u0438\u0438 \u043a\u0443\u043f\u0438\u0442\u044c \u0432 \u041c\u043e\u043b\u0434\u043e\u0432\u0435. \u0423\u0441\u0442\u0430\u043d\u043e\u0432\u043a\u0430 \u0441\u043e\u043b\u043d\u0435\u0447\u043d\u044b\u0445 \u0441\u0442\u0430\u043d\u0446\u0438\u0439 \u043f\u043e\u0434 \u043a\u043b\u044e\u0447. Panouri solare, invertoare, controlere, baterii \u0219i sisteme de stocare a energiei cump\u0103ra\u021bi \u00een Moldova. Instalarea la cheie a instala\u021biilor solare\" \/>\n<meta property=\"og:url\" content=\"https:\/\/solars.md\/ro\/produs\/battery-cs-hdc-12-100-vrla-lead-carbon\/\" \/>\n<meta property=\"article:publisher\" content=\"https:\/\/www.facebook.com\/profile.php?id=100092330353235\" \/>\n<meta property=\"article:modified_time\" content=\"2026-03-23T14:42:25+00:00\" \/>\n<meta property=\"og:image\" content=\"https:\/\/solars.md\/wp-content\/uploads\/2021\/04\/HDC12-100-jpg.webp\" \/>\n\t<meta property=\"og:image:width\" content=\"562\" \/>\n\t<meta property=\"og:image:height\" content=\"562\" \/>\n\t<meta property=\"og:image:type\" content=\"image\/jpeg\" \/>\n<meta name=\"twitter:card\" content=\"summary_large_image\" \/>\n<meta name=\"twitter:label1\" content=\"Timp estimat pentru citire\" \/>\n\t<meta name=\"twitter:data1\" content=\"1 minut\" \/>\n<script type=\"application\/ld+json\" class=\"yoast-schema-graph\">{\"@context\":\"https:\\\/\\\/schema.org\",\"@graph\":[{\"@type\":\"WebPage\",\"@id\":\"https:\\\/\\\/solars.md\\\/product\\\/battery-cs-hdc-12-100-vrla-lead-carbon\\\/\",\"url\":\"https:\\\/\\\/solars.md\\\/product\\\/battery-cs-hdc-12-100-vrla-lead-carbon\\\/\",\"name\":\"Battery CS HDC-12-100 VRLA Lead Carbon |\",\"isPartOf\":{\"@id\":\"https:\\\/\\\/solars.md\\\/#website\"},\"primaryImageOfPage\":{\"@id\":\"https:\\\/\\\/solars.md\\\/product\\\/battery-cs-hdc-12-100-vrla-lead-carbon\\\/#primaryimage\"},\"image\":{\"@id\":\"https:\\\/\\\/solars.md\\\/product\\\/battery-cs-hdc-12-100-vrla-lead-carbon\\\/#primaryimage\"},\"thumbnailUrl\":\"https:\\\/\\\/solars.md\\\/wp-content\\\/uploads\\\/2021\\\/04\\\/HDC12-100-jpg.webp\",\"datePublished\":\"2021-04-26T10:37:24+00:00\",\"dateModified\":\"2026-03-23T14:42:25+00:00\",\"description\":\"\u0421\u043e\u043b\u043d\u0435\u0447\u043d\u044b\u0435 \u043f\u0430\u043d\u0435\u043b\u0438, \u0438\u043d\u0432\u0435\u0440\u0442\u043e\u0440\u0430, \u043a\u043e\u043d\u0442\u0440\u043e\u043b\u043b\u0435\u0440\u044b, \u0430\u043a\u043a\u0443\u043c\u0443\u043b\u044f\u0442\u043e\u0440\u044b \u0438 \u0441\u0438\u0441\u0442\u0435\u043c\u044b \u0445\u0440\u0430\u043d\u0435\u043d\u0438\u044f \u044d\u043d\u0435\u0440\u0433\u0438\u0438 \u043a\u0443\u043f\u0438\u0442\u044c \u0432 \u041c\u043e\u043b\u0434\u043e\u0432\u0435. \u0423\u0441\u0442\u0430\u043d\u043e\u0432\u043a\u0430 \u0441\u043e\u043b\u043d\u0435\u0447\u043d\u044b\u0445 \u0441\u0442\u0430\u043d\u0446\u0438\u0439 \u043f\u043e\u0434 \u043a\u043b\u044e\u0447. Panouri solare, invertoare, controlere, baterii \u0219i sisteme de stocare a energiei cump\u0103ra\u021bi \u00een Moldova. Instalarea la cheie a instala\u021biilor solare\",\"breadcrumb\":{\"@id\":\"https:\\\/\\\/solars.md\\\/product\\\/battery-cs-hdc-12-100-vrla-lead-carbon\\\/#breadcrumb\"},\"inLanguage\":\"ro-RO\",\"potentialAction\":[{\"@type\":\"ReadAction\",\"target\":[\"https:\\\/\\\/solars.md\\\/product\\\/battery-cs-hdc-12-100-vrla-lead-carbon\\\/\"]}]},{\"@type\":\"ImageObject\",\"inLanguage\":\"ro-RO\",\"@id\":\"https:\\\/\\\/solars.md\\\/product\\\/battery-cs-hdc-12-100-vrla-lead-carbon\\\/#primaryimage\",\"url\":\"https:\\\/\\\/solars.md\\\/wp-content\\\/uploads\\\/2021\\\/04\\\/HDC12-100-jpg.webp\",\"contentUrl\":\"https:\\\/\\\/solars.md\\\/wp-content\\\/uploads\\\/2021\\\/04\\\/HDC12-100-jpg.webp\",\"width\":562,\"height\":562,\"caption\":\"Battery CS HDC-12-100 VRLA Lead Carbon\"},{\"@type\":\"BreadcrumbList\",\"@id\":\"https:\\\/\\\/solars.md\\\/product\\\/battery-cs-hdc-12-100-vrla-lead-carbon\\\/#breadcrumb\",\"itemListElement\":[{\"@type\":\"ListItem\",\"position\":1,\"name\":\"\u0413\u043b\u0430\u0432\u043d\u0430\u044f \u0441\u0442\u0440\u0430\u043d\u0438\u0446\u0430\",\"item\":\"https:\\\/\\\/solars.md\\\/\"},{\"@type\":\"ListItem\",\"position\":2,\"name\":\"\u041c\u0430\u0433\u0430\u0437\u0438\u043d\",\"item\":\"https:\\\/\\\/solars.md\\\/shop\\\/\"},{\"@type\":\"ListItem\",\"position\":3,\"name\":\"Battery CS HDC-12-100 VRLA Lead Carbon\"}]},{\"@type\":\"WebSite\",\"@id\":\"https:\\\/\\\/solars.md\\\/#website\",\"url\":\"https:\\\/\\\/solars.md\\\/\",\"name\":\"Solars\",\"description\":\"\u0421\u043e\u043b\u043d\u0435\u0447\u043d\u044b\u0435 \u043f\u0430\u043d\u0435\u043b\u0438 \u0432 \u041c\u043e\u043b\u0434\u043e\u0432\u0435\",\"publisher\":{\"@id\":\"https:\\\/\\\/solars.md\\\/#organization\"},\"potentialAction\":[{\"@type\":\"SearchAction\",\"target\":{\"@type\":\"EntryPoint\",\"urlTemplate\":\"https:\\\/\\\/solars.md\\\/?s={search_term_string}\"},\"query-input\":{\"@type\":\"PropertyValueSpecification\",\"valueRequired\":true,\"valueName\":\"search_term_string\"}}],\"inLanguage\":\"ro-RO\"},{\"@type\":\"Organization\",\"@id\":\"https:\\\/\\\/solars.md\\\/#organization\",\"name\":\"Solars\",\"url\":\"https:\\\/\\\/solars.md\\\/\",\"logo\":{\"@type\":\"ImageObject\",\"inLanguage\":\"ro-RO\",\"@id\":\"https:\\\/\\\/solars.md\\\/#\\\/schema\\\/logo\\\/image\\\/\",\"url\":\"https:\\\/\\\/solars.md\\\/wp-content\\\/uploads\\\/2023\\\/02\\\/Solars-new.png\",\"contentUrl\":\"https:\\\/\\\/solars.md\\\/wp-content\\\/uploads\\\/2023\\\/02\\\/Solars-new.png\",\"width\":1134,\"height\":1134,\"caption\":\"Solars\"},\"image\":{\"@id\":\"https:\\\/\\\/solars.md\\\/#\\\/schema\\\/logo\\\/image\\\/\"},\"sameAs\":[\"https:\\\/\\\/www.facebook.com\\\/profile.php?id=100092330353235\"]}]}<\/script>\n<!-- \/ Yoast SEO plugin. -->","yoast_head_json":{"title":"Battery CS HDC-12-100 VRLA Lead Carbon |","description":"\u0421\u043e\u043b\u043d\u0435\u0447\u043d\u044b\u0435 \u043f\u0430\u043d\u0435\u043b\u0438, \u0438\u043d\u0432\u0435\u0440\u0442\u043e\u0440\u0430, \u043a\u043e\u043d\u0442\u0440\u043e\u043b\u043b\u0435\u0440\u044b, \u0430\u043a\u043a\u0443\u043c\u0443\u043b\u044f\u0442\u043e\u0440\u044b \u0438 \u0441\u0438\u0441\u0442\u0435\u043c\u044b \u0445\u0440\u0430\u043d\u0435\u043d\u0438\u044f \u044d\u043d\u0435\u0440\u0433\u0438\u0438 \u043a\u0443\u043f\u0438\u0442\u044c \u0432 \u041c\u043e\u043b\u0434\u043e\u0432\u0435. \u0423\u0441\u0442\u0430\u043d\u043e\u0432\u043a\u0430 \u0441\u043e\u043b\u043d\u0435\u0447\u043d\u044b\u0445 \u0441\u0442\u0430\u043d\u0446\u0438\u0439 \u043f\u043e\u0434 \u043a\u043b\u044e\u0447. Panouri solare, invertoare, controlere, baterii \u0219i sisteme de stocare a energiei cump\u0103ra\u021bi \u00een Moldova. Instalarea la cheie a instala\u021biilor solare","robots":{"index":"index","follow":"follow","max-snippet":"max-snippet:-1","max-image-preview":"max-image-preview:large","max-video-preview":"max-video-preview:-1"},"canonical":"https:\/\/solars.md\/ro\/produs\/battery-cs-hdc-12-100-vrla-lead-carbon\/","og_locale":"ro_RO","og_type":"article","og_title":"Battery CS HDC-12-100 VRLA Lead Carbon |","og_description":"\u0421\u043e\u043b\u043d\u0435\u0447\u043d\u044b\u0435 \u043f\u0430\u043d\u0435\u043b\u0438, \u0438\u043d\u0432\u0435\u0440\u0442\u043e\u0440\u0430, \u043a\u043e\u043d\u0442\u0440\u043e\u043b\u043b\u0435\u0440\u044b, \u0430\u043a\u043a\u0443\u043c\u0443\u043b\u044f\u0442\u043e\u0440\u044b \u0438 \u0441\u0438\u0441\u0442\u0435\u043c\u044b \u0445\u0440\u0430\u043d\u0435\u043d\u0438\u044f \u044d\u043d\u0435\u0440\u0433\u0438\u0438 \u043a\u0443\u043f\u0438\u0442\u044c \u0432 \u041c\u043e\u043b\u0434\u043e\u0432\u0435. \u0423\u0441\u0442\u0430\u043d\u043e\u0432\u043a\u0430 \u0441\u043e\u043b\u043d\u0435\u0447\u043d\u044b\u0445 \u0441\u0442\u0430\u043d\u0446\u0438\u0439 \u043f\u043e\u0434 \u043a\u043b\u044e\u0447. Panouri solare, invertoare, controlere, baterii \u0219i sisteme de stocare a energiei cump\u0103ra\u021bi \u00een Moldova. Instalarea la cheie a instala\u021biilor solare","og_url":"https:\/\/solars.md\/ro\/produs\/battery-cs-hdc-12-100-vrla-lead-carbon\/","article_publisher":"https:\/\/www.facebook.com\/profile.php?id=100092330353235","article_modified_time":"2026-03-23T14:42:25+00:00","og_image":[{"width":562,"height":562,"url":"https:\/\/solars.md\/wp-content\/uploads\/2021\/04\/HDC12-100-jpg.webp","type":"image\/jpeg"}],"twitter_card":"summary_large_image","twitter_misc":{"Timp estimat pentru citire":"1 minut"},"schema":{"@context":"https:\/\/schema.org","@graph":[{"@type":"WebPage","@id":"https:\/\/solars.md\/product\/battery-cs-hdc-12-100-vrla-lead-carbon\/","url":"https:\/\/solars.md\/product\/battery-cs-hdc-12-100-vrla-lead-carbon\/","name":"Battery CS HDC-12-100 VRLA Lead Carbon |","isPartOf":{"@id":"https:\/\/solars.md\/#website"},"primaryImageOfPage":{"@id":"https:\/\/solars.md\/product\/battery-cs-hdc-12-100-vrla-lead-carbon\/#primaryimage"},"image":{"@id":"https:\/\/solars.md\/product\/battery-cs-hdc-12-100-vrla-lead-carbon\/#primaryimage"},"thumbnailUrl":"https:\/\/solars.md\/wp-content\/uploads\/2021\/04\/HDC12-100-jpg.webp","datePublished":"2021-04-26T10:37:24+00:00","dateModified":"2026-03-23T14:42:25+00:00","description":"\u0421\u043e\u043b\u043d\u0435\u0447\u043d\u044b\u0435 \u043f\u0430\u043d\u0435\u043b\u0438, \u0438\u043d\u0432\u0435\u0440\u0442\u043e\u0440\u0430, \u043a\u043e\u043d\u0442\u0440\u043e\u043b\u043b\u0435\u0440\u044b, \u0430\u043a\u043a\u0443\u043c\u0443\u043b\u044f\u0442\u043e\u0440\u044b \u0438 \u0441\u0438\u0441\u0442\u0435\u043c\u044b \u0445\u0440\u0430\u043d\u0435\u043d\u0438\u044f \u044d\u043d\u0435\u0440\u0433\u0438\u0438 \u043a\u0443\u043f\u0438\u0442\u044c \u0432 \u041c\u043e\u043b\u0434\u043e\u0432\u0435. \u0423\u0441\u0442\u0430\u043d\u043e\u0432\u043a\u0430 \u0441\u043e\u043b\u043d\u0435\u0447\u043d\u044b\u0445 \u0441\u0442\u0430\u043d\u0446\u0438\u0439 \u043f\u043e\u0434 \u043a\u043b\u044e\u0447. Panouri solare, invertoare, controlere, baterii \u0219i sisteme de stocare a energiei cump\u0103ra\u021bi \u00een Moldova. Instalarea la cheie a instala\u021biilor solare","breadcrumb":{"@id":"https:\/\/solars.md\/product\/battery-cs-hdc-12-100-vrla-lead-carbon\/#breadcrumb"},"inLanguage":"ro-RO","potentialAction":[{"@type":"ReadAction","target":["https:\/\/solars.md\/product\/battery-cs-hdc-12-100-vrla-lead-carbon\/"]}]},{"@type":"ImageObject","inLanguage":"ro-RO","@id":"https:\/\/solars.md\/product\/battery-cs-hdc-12-100-vrla-lead-carbon\/#primaryimage","url":"https:\/\/solars.md\/wp-content\/uploads\/2021\/04\/HDC12-100-jpg.webp","contentUrl":"https:\/\/solars.md\/wp-content\/uploads\/2021\/04\/HDC12-100-jpg.webp","width":562,"height":562,"caption":"Battery CS HDC-12-100 VRLA Lead Carbon"},{"@type":"BreadcrumbList","@id":"https:\/\/solars.md\/product\/battery-cs-hdc-12-100-vrla-lead-carbon\/#breadcrumb","itemListElement":[{"@type":"ListItem","position":1,"name":"\u0413\u043b\u0430\u0432\u043d\u0430\u044f \u0441\u0442\u0440\u0430\u043d\u0438\u0446\u0430","item":"https:\/\/solars.md\/"},{"@type":"ListItem","position":2,"name":"\u041c\u0430\u0433\u0430\u0437\u0438\u043d","item":"https:\/\/solars.md\/shop\/"},{"@type":"ListItem","position":3,"name":"Battery CS HDC-12-100 VRLA Lead Carbon"}]},{"@type":"WebSite","@id":"https:\/\/solars.md\/#website","url":"https:\/\/solars.md\/","name":"Solars","description":"Panouri solare \u00een Moldova","publisher":{"@id":"https:\/\/solars.md\/#organization"},"potentialAction":[{"@type":"SearchAction","target":{"@type":"EntryPoint","urlTemplate":"https:\/\/solars.md\/?s={search_term_string}"},"query-input":{"@type":"PropertyValueSpecification","valueRequired":true,"valueName":"search_term_string"}}],"inLanguage":"ro-RO"},{"@type":"Organization","@id":"https:\/\/solars.md\/#organization","name":"Solars","url":"https:\/\/solars.md\/","logo":{"@type":"ImageObject","inLanguage":"ro-RO","@id":"https:\/\/solars.md\/#\/schema\/logo\/image\/","url":"https:\/\/solars.md\/wp-content\/uploads\/2023\/02\/Solars-new.png","contentUrl":"https:\/\/solars.md\/wp-content\/uploads\/2023\/02\/Solars-new.png","width":1134,"height":1134,"caption":"Solars"},"image":{"@id":"https:\/\/solars.md\/#\/schema\/logo\/image\/"},"sameAs":["https:\/\/www.facebook.com\/profile.php?id=100092330353235"]}]}},"_links":{"self":[{"href":"https:\/\/solars.md\/ro\/wp-json\/wp\/v2\/product\/4487","targetHints":{"allow":["GET"]}}],"collection":[{"href":"https:\/\/solars.md\/ro\/wp-json\/wp\/v2\/product"}],"about":[{"href":"https:\/\/solars.md\/ro\/wp-json\/wp\/v2\/types\/product"}],"wp:featuredmedia":[{"embeddable":true,"href":"https:\/\/solars.md\/ro\/wp-json\/wp\/v2\/media\/4504"}],"wp:attachment":[{"href":"https:\/\/solars.md\/ro\/wp-json\/wp\/v2\/media?parent=4487"}],"wp:term":[{"taxonomy":"product_brand","embeddable":true,"href":"https:\/\/solars.md\/ro\/wp-json\/wp\/v2\/product_brand?post=4487"},{"taxonomy":"product_cat","embeddable":true,"href":"https:\/\/solars.md\/ro\/wp-json\/wp\/v2\/product_cat?post=4487"},{"taxonomy":"product_tag","embeddable":true,"href":"https:\/\/solars.md\/ro\/wp-json\/wp\/v2\/product_tag?post=4487"}],"curies":[{"name":"wp","href":"https:\/\/api.w.org\/{rel}","templated":true}]}}