{"id":4592,"date":"2021-10-21T16:29:50","date_gmt":"2021-10-21T13:29:50","guid":{"rendered":"https:\/\/solars.md\/?post_type=product&#038;p=4592"},"modified":"2025-02-17T17:51:04","modified_gmt":"2025-02-17T14:51:04","slug":"avtonomnaya-fotoelektricheskaya-stantsi","status":"publish","type":"product","link":"https:\/\/solars.md\/ro\/produs\/avtonomnaya-fotoelektricheskaya-stantsi\/","title":{"rendered":"Instala\u021bie fotovoltaic\u0103 hibrid\u0103 5000W LFP AC-export"},"content":{"rendered":"<p>&nbsp;<\/p>\n<table style=\"height: 1032px; width: 1113px;\" width=\"528\">\n<tbody>\n<tr style=\"height: 57px;\">\n<td style=\"text-align: center; height: 57px; width: 244px;\"><strong>Model<\/strong><\/td>\n<td style=\"text-align: center; height: 57px; width: 751px;\"><strong>Description<\/strong><\/td>\n<td style=\"text-align: center; height: 57px; width: 118px;\"><strong>Nr.<\/strong><\/td>\n<\/tr>\n<tr style=\"height: 105px;\">\n<td style=\"text-align: center; height: 105px; width: 244px;\">Amerisolar AS-7M144N-HC 580W N-Type TOPCon<\/td>\n<td style=\"height: 105px; width: 751px;\">144 cells Mono 550W Voc 51,2V\/Isc 14,24A, Vmpp-43V\/Imp-13,49A Maximum system Voltage &#8212; 1500V (IEC), Maximum series Fuse raiting &#8212; 25A, Maximum Efficiency: 22,45%, Size -2279x1134x35,Weight &#8212; 27,5Kg 3.2mm Tempered Low Iron Glass<\/td>\n<td style=\"text-align: center; height: 105px; width: 118px;\">10<\/td>\n<\/tr>\n<tr style=\"height: 81px;\">\n<td style=\"text-align: center; height: 81px; width: 244px;\">InfiniSolar V II 5KW<\/td>\n<td style=\"height: 81px; width: 751px;\">InfiniSolar V II 5KW Max. PV imp 5000W,Num. MPPT tracker 1x17A MPPT Voltage Range 120~450VDC, AC Output AC 202\/208\/220\/230\/240 VAC 23,9A, AC Input 170-240 40A, Battery Voltage 48VDC,100A<\/td>\n<td style=\"text-align: center; height: 81px; width: 118px;\">1<\/td>\n<\/tr>\n<tr style=\"height: 105px;\">\n<td style=\"text-align: center; height: 105px; width: 244px;\">CS SUN 12,8V 100Ah<\/td>\n<td style=\"height: 105px; width: 751px;\">Type-LFP (LiFePo4), 12,8V\/100Ah, 1280W, Cycle Life \uff1e6000cycles @80% DOD, Charge Voltage 14.6-15.2V, Charge Current 30A, Max. Charge Current 100A, Max continuous discharge current 100A, 330*172*215mm 11,5kg<\/td>\n<td style=\"text-align: center; height: 105px; width: 118px;\">4<\/td>\n<\/tr>\n<tr style=\"height: 57px;\">\n<td style=\"text-align: center; height: 57px; width: 244px;\">\u00a0Profil AL6005<\/td>\n<td style=\"height: 57px; width: 751px;\">AL6005 1m<\/td>\n<td style=\"text-align: center; height: 57px; width: 118px;\">28<\/td>\n<\/tr>\n<tr style=\"height: 57px;\">\n<td style=\"text-align: center; height: 57px; width: 244px;\">Fix AL6005<\/td>\n<td style=\"height: 57px; width: 751px;\">Clema<\/td>\n<td style=\"text-align: center; height: 57px; width: 118px;\">46<\/td>\n<\/tr>\n<tr style=\"height: 57px;\">\n<td style=\"text-align: center; height: 57px; width: 244px;\">Suport<\/td>\n<td style=\"height: 57px; width: 751px;\">Anker bolt+Lfeet<\/td>\n<td style=\"text-align: center; height: 57px; width: 118px;\">28<\/td>\n<\/tr>\n<tr style=\"height: 57px;\">\n<td style=\"text-align: center; height: 57px; width: 244px;\">\u00a0DC line<\/td>\n<td style=\"height: 57px; width: 751px;\">BOX DC ( 1 GPV 2P 32A, 2 GPV 1000VDC 15A, 1 TRS3-C40 2P 1000VDC)<\/td>\n<td style=\"text-align: center; height: 57px; width: 118px;\">2<\/td>\n<\/tr>\n<tr style=\"height: 57px;\">\n<td style=\"text-align: center; height: 57px; width: 244px;\">BOX DC Line<\/td>\n<td style=\"height: 57px; width: 751px;\">Plastic BOX 12 IP65<\/td>\n<td style=\"text-align: center; height: 57px; width: 118px;\">1<\/td>\n<\/tr>\n<tr style=\"height: 57px;\">\n<td style=\"text-align: center; height: 57px; width: 244px;\">Grounding<\/td>\n<td style=\"height: 57px; width: 751px;\">2m-2m-2m 30-4mm Fe<\/td>\n<td style=\"text-align: center; height: 57px; width: 118px;\">1<\/td>\n<\/tr>\n<tr style=\"height: 57px;\">\n<td style=\"text-align: center; height: 57px; width: 244px;\">PV Cablu<\/td>\n<td style=\"height: 57px; width: 751px;\">PV cablu\/ 4mm<\/td>\n<td style=\"text-align: center; height: 57px; width: 118px;\">100<\/td>\n<\/tr>\n<tr style=\"height: 57px;\">\n<td style=\"text-align: center; height: 57px; width: 244px;\">PE Cablu<\/td>\n<td style=\"height: 57px; width: 751px;\">PE\/ 6mm Cu<\/td>\n<td style=\"text-align: center; height: 57px; width: 118px;\">20<\/td>\n<\/tr>\n<tr style=\"height: 57px;\">\n<td style=\"text-align: center; height: 57px; width: 244px;\">AC Cable<\/td>\n<td style=\"height: 57px; width: 751px;\">3*6 Cu<\/td>\n<td style=\"text-align: center; height: 57px; width: 118px;\">10<\/td>\n<\/tr>\n<tr style=\"height: 57px;\">\n<td style=\"text-align: center; height: 57px; width: 244px;\">Conectoare MC4<\/td>\n<td style=\"height: 57px; width: 751px;\">Rated current: 30A, Rated voltage: 1000VDC (+\/-)<\/td>\n<td style=\"text-align: center; height: 57px; width: 118px;\">2<\/td>\n<\/tr>\n<tr style=\"height: 57px;\">\n<td style=\"text-align: center; height: 57px; width: 244px;\">Tub metallic<\/td>\n<td style=\"height: 57px; width: 751px;\">Tub metalic flexibil cu izola\u021bie PVC 21<\/td>\n<td style=\"text-align: center; height: 57px; width: 118px;\">50<\/td>\n<\/tr>\n<tr style=\"height: 57px;\">\n<td style=\"text-align: center; height: 57px; width: 244px;\">Instalarea sistem<\/td>\n<td style=\"height: 57px; width: 751px;\">Instalarea, conectorea, testarea sistemului<\/td>\n<td style=\"text-align: center; height: 57px; width: 118px;\">6<\/td>\n<\/tr>\n<tr>\n<td style=\"width: 244px; text-align: center;\" width=\"116\">Documete<\/td>\n<td style=\"width: 751px;\" width=\"356\">Proiectoarea<\/td>\n<td style=\"width: 118px; text-align: center;\" width=\"56\">1<\/td>\n<\/tr>\n<tr>\n<td style=\"width: 244px; text-align: center;\" width=\"116\">Documente<\/td>\n<td style=\"width: 751px;\" width=\"356\">coordonarea \u0219i punerea \u00een func\u021biune a unei centrale fotovoltaice<\/td>\n<td style=\"width: 118px; text-align: center;\">1<\/td>\n<\/tr>\n<\/tbody>\n<\/table>","protected":false},"excerpt":{"rendered":"<p>Central\u0103 fotovoltaic\u0103 hibrid\u0103 de 5.000 de wa\u021bi, v\u0103 ofer\u0103 independen\u021b\u0103 \u0219i confort complet. Aceast\u0103 sta\u021bie func\u021bioneaz\u0103 at\u00e2t offline, c\u00e2t \u0219i \u00een modul Export-Import cu re\u021beaua ora\u0219ului. Sta\u021bia se bazeaz\u0103 pe trei dispozitive cheie: panouri fotovoltaice cu o capacitate de 5.800 de wa\u021bi, un invertor hibrid de 5.000 de wa\u021bi cu capacitatea de a exporta excesul de energie \u00een re\u021beaua ora\u0219ului \u0219i, \u00een caz de lips\u0103 de energie solar\u0103 sau baterie, amestecarea energiei din re\u021bea, o baterie LiFePO4 cu o capacitate de 5,1 kW.<\/p>\n<p>Aceast\u0103 sta\u021bie este cea mai bun\u0103 alegere pentru o cas\u0103 sau caban\u0103, centru de recreere sau ferm\u0103.<\/p>\n<p>Principalele avantaje:<\/p>\n<ol>\n<li>Nu exist\u0103 piese mecanice care trebuie \u00eentre\u021binute \u00een mod constant, <span style=\"background-color: transparent;\">f\u0103r\u0103 zgomot str\u0103in, <\/span>3. f\u0103r\u0103 gaze de e\u0219apament, 4. f\u0103r\u0103 costuri de combustibil, 5. chiar dac\u0103 nu sunte\u021bi la instala\u021bie, sta\u021bia solar\u0103 genereaz\u0103 energie.<\/li>\n<\/ol>\n<p><span style=\"background-color: transparent;\">Pentru<\/span><span style=\"background-color: transparent;\">Pentru o func\u021bionare de \u00eenalt\u0103 calitate \u0219i \u00een siguran\u021b\u0103 a sta\u021biei, instala\u021bia trebuie s\u0103 aib\u0103 paratr\u0103snet \u0219i \u00eemp\u0103m\u00e2ntare!\u00a0<\/span><\/p>\n<p>Panourile fotovoltaice sunt garantate timp de 20 de ani. Invertorul este garantat timp de 5 ani. Sistemul de instalare este garantat timp de 20 de ani.<\/p>\n<p>Pute\u021bi ob\u021bine informa\u021bii detaliate dac\u0103 ne suna\u021bi +373 022 887 022 +373 79407110 sau scrie\u021bi un e-mail la saler2@birou.md<\/p>","protected":false},"featured_media":5400,"template":"","meta":{"site-sidebar-layout":"default","site-content-layout":"","ast-site-content-layout":"default","site-content-style":"default","site-sidebar-style":"default","ast-global-header-display":"","ast-banner-title-visibility":"","ast-main-header-display":"","ast-hfb-above-header-display":"","ast-hfb-below-header-display":"","ast-hfb-mobile-header-display":"","site-post-title":"","ast-breadcrumbs-content":"","ast-featured-img":"","footer-sml-layout":"","ast-disable-related-posts":"","theme-transparent-header-meta":"","adv-header-id-meta":"","stick-header-meta":"","header-above-stick-meta":"","header-main-stick-meta":"","header-below-stick-meta":"","astra-migrate-meta-layouts":"default","ast-page-background-enabled":"default","ast-page-background-meta":{"desktop":{"background-color":"var(--ast-global-color-5)","background-image":"","background-repeat":"repeat","background-position":"center center","background-size":"auto","background-attachment":"scroll","background-type":"","background-media":"","overlay-type":"","overlay-color":"","overlay-opacity":"","overlay-gradient":""},"tablet":{"background-color":"","background-image":"","background-repeat":"repeat","background-position":"center center","background-size":"auto","background-attachment":"scroll","background-type":"","background-media":"","overlay-type":"","overlay-color":"","overlay-opacity":"","overlay-gradient":""},"mobile":{"background-color":"","background-image":"","background-repeat":"repeat","background-position":"center center","background-size":"auto","background-attachment":"scroll","background-type":"","background-media":"","overlay-type":"","overlay-color":"","overlay-opacity":"","overlay-gradient":""}},"ast-content-background-meta":{"desktop":{"background-color":"var(--ast-global-color-4)","background-image":"","background-repeat":"repeat","background-position":"center center","background-size":"auto","background-attachment":"scroll","background-type":"","background-media":"","overlay-type":"","overlay-color":"","overlay-opacity":"","overlay-gradient":""},"tablet":{"background-color":"var(--ast-global-color-4)","background-image":"","background-repeat":"repeat","background-position":"center center","background-size":"auto","background-attachment":"scroll","background-type":"","background-media":"","overlay-type":"","overlay-color":"","overlay-opacity":"","overlay-gradient":""},"mobile":{"background-color":"var(--ast-global-color-4)","background-image":"","background-repeat":"repeat","background-position":"center center","background-size":"auto","background-attachment":"scroll","background-type":"","background-media":"","overlay-type":"","overlay-color":"","overlay-opacity":"","overlay-gradient":""}}},"product_brand":[],"product_cat":[20],"product_tag":[],"class_list":{"0":"post-4592","1":"product","2":"type-product","3":"status-publish","4":"has-post-thumbnail","6":"product_cat-solnechnye-stantsii-dlya-doma","7":"desktop-align-left","8":"tablet-align-left","9":"mobile-align-left","11":"first","12":"instock","13":"shipping-taxable","14":"purchasable","15":"product-type-simple"},"yoast_head":"<!-- This site is optimized with the Yoast SEO plugin v27.4 - https:\/\/yoast.com\/product\/yoast-seo-wordpress\/ -->\n<title>\u0413\u0438\u0431\u0440\u0438\u0434\u043d\u0430\u044f \u0444\u043e\u0442\u043e\u044d\u043b\u0435\u043a\u0442\u0440\u0438\u0447\u0435\u0441\u043a\u0430\u044f \u0441\u0442\u0430\u043d\u0446\u0438\u044f 5000W LFP \u0410\u0421-\u044d\u043a\u0441\u043f\u043e\u0440\u0442 |<\/title>\n<meta name=\"description\" content=\"\u0421\u043e\u043b\u043d\u0435\u0447\u043d\u044b\u0435 \u043f\u0430\u043d\u0435\u043b\u0438, \u0438\u043d\u0432\u0435\u0440\u0442\u043e\u0440\u0430, \u043a\u043e\u043d\u0442\u0440\u043e\u043b\u043b\u0435\u0440\u044b, \u0430\u043a\u043a\u0443\u043c\u0443\u043b\u044f\u0442\u043e\u0440\u044b \u0438 \u0441\u0438\u0441\u0442\u0435\u043c\u044b \u0445\u0440\u0430\u043d\u0435\u043d\u0438\u044f \u044d\u043d\u0435\u0440\u0433\u0438\u0438 \u043a\u0443\u043f\u0438\u0442\u044c \u0432 \u041c\u043e\u043b\u0434\u043e\u0432\u0435. \u0423\u0441\u0442\u0430\u043d\u043e\u0432\u043a\u0430 \u0441\u043e\u043b\u043d\u0435\u0447\u043d\u044b\u0445 \u0441\u0442\u0430\u043d\u0446\u0438\u0439 \u043f\u043e\u0434 \u043a\u043b\u044e\u0447. Panouri solare, invertoare, controlere, baterii \u0219i sisteme de stocare a energiei cump\u0103ra\u021bi \u00een Moldova. Instalarea la cheie a instala\u021biilor solare\" \/>\n<meta name=\"robots\" content=\"index, follow, max-snippet:-1, max-image-preview:large, max-video-preview:-1\" \/>\n<link rel=\"canonical\" href=\"https:\/\/solars.md\/ro\/produs\/avtonomnaya-fotoelektricheskaya-stantsi\/\" \/>\n<meta property=\"og:locale\" content=\"ro_RO\" \/>\n<meta property=\"og:type\" content=\"article\" \/>\n<meta property=\"og:title\" content=\"\u0413\u0438\u0431\u0440\u0438\u0434\u043d\u0430\u044f \u0444\u043e\u0442\u043e\u044d\u043b\u0435\u043a\u0442\u0440\u0438\u0447\u0435\u0441\u043a\u0430\u044f \u0441\u0442\u0430\u043d\u0446\u0438\u044f 5000W LFP \u0410\u0421-\u044d\u043a\u0441\u043f\u043e\u0440\u0442 |\" \/>\n<meta property=\"og:description\" content=\"\u0421\u043e\u043b\u043d\u0435\u0447\u043d\u044b\u0435 \u043f\u0430\u043d\u0435\u043b\u0438, \u0438\u043d\u0432\u0435\u0440\u0442\u043e\u0440\u0430, \u043a\u043e\u043d\u0442\u0440\u043e\u043b\u043b\u0435\u0440\u044b, \u0430\u043a\u043a\u0443\u043c\u0443\u043b\u044f\u0442\u043e\u0440\u044b \u0438 \u0441\u0438\u0441\u0442\u0435\u043c\u044b \u0445\u0440\u0430\u043d\u0435\u043d\u0438\u044f \u044d\u043d\u0435\u0440\u0433\u0438\u0438 \u043a\u0443\u043f\u0438\u0442\u044c \u0432 \u041c\u043e\u043b\u0434\u043e\u0432\u0435. \u0423\u0441\u0442\u0430\u043d\u043e\u0432\u043a\u0430 \u0441\u043e\u043b\u043d\u0435\u0447\u043d\u044b\u0445 \u0441\u0442\u0430\u043d\u0446\u0438\u0439 \u043f\u043e\u0434 \u043a\u043b\u044e\u0447. Panouri solare, invertoare, controlere, baterii \u0219i sisteme de stocare a energiei cump\u0103ra\u021bi \u00een Moldova. Instalarea la cheie a instala\u021biilor solare\" \/>\n<meta property=\"og:url\" content=\"https:\/\/solars.md\/ro\/produs\/avtonomnaya-fotoelektricheskaya-stantsi\/\" \/>\n<meta property=\"article:publisher\" content=\"https:\/\/www.facebook.com\/profile.php?id=100092330353235\" \/>\n<meta property=\"article:modified_time\" content=\"2025-02-17T14:51:04+00:00\" \/>\n<meta property=\"og:image\" content=\"https:\/\/solars.md\/wp-content\/uploads\/2021\/10\/81.jpg\" \/>\n\t<meta property=\"og:image:width\" content=\"576\" \/>\n\t<meta property=\"og:image:height\" content=\"384\" \/>\n\t<meta property=\"og:image:type\" content=\"image\/jpeg\" \/>\n<meta name=\"twitter:card\" content=\"summary_large_image\" \/>\n<meta name=\"twitter:label1\" content=\"Timp estimat pentru citire\" \/>\n\t<meta name=\"twitter:data1\" content=\"1 minut\" \/>\n<script type=\"application\/ld+json\" class=\"yoast-schema-graph\">{\"@context\":\"https:\\\/\\\/schema.org\",\"@graph\":[{\"@type\":\"WebPage\",\"@id\":\"https:\\\/\\\/solars.md\\\/product\\\/avtonomnaya-fotoelektricheskaya-stantsi\\\/\",\"url\":\"https:\\\/\\\/solars.md\\\/product\\\/avtonomnaya-fotoelektricheskaya-stantsi\\\/\",\"name\":\"\u0413\u0438\u0431\u0440\u0438\u0434\u043d\u0430\u044f \u0444\u043e\u0442\u043e\u044d\u043b\u0435\u043a\u0442\u0440\u0438\u0447\u0435\u0441\u043a\u0430\u044f \u0441\u0442\u0430\u043d\u0446\u0438\u044f 5000W LFP \u0410\u0421-\u044d\u043a\u0441\u043f\u043e\u0440\u0442 |\",\"isPartOf\":{\"@id\":\"https:\\\/\\\/solars.md\\\/#website\"},\"primaryImageOfPage\":{\"@id\":\"https:\\\/\\\/solars.md\\\/product\\\/avtonomnaya-fotoelektricheskaya-stantsi\\\/#primaryimage\"},\"image\":{\"@id\":\"https:\\\/\\\/solars.md\\\/product\\\/avtonomnaya-fotoelektricheskaya-stantsi\\\/#primaryimage\"},\"thumbnailUrl\":\"https:\\\/\\\/solars.md\\\/wp-content\\\/uploads\\\/2021\\\/10\\\/81.jpg\",\"datePublished\":\"2021-10-21T13:29:50+00:00\",\"dateModified\":\"2025-02-17T14:51:04+00:00\",\"description\":\"\u0421\u043e\u043b\u043d\u0435\u0447\u043d\u044b\u0435 \u043f\u0430\u043d\u0435\u043b\u0438, \u0438\u043d\u0432\u0435\u0440\u0442\u043e\u0440\u0430, \u043a\u043e\u043d\u0442\u0440\u043e\u043b\u043b\u0435\u0440\u044b, \u0430\u043a\u043a\u0443\u043c\u0443\u043b\u044f\u0442\u043e\u0440\u044b \u0438 \u0441\u0438\u0441\u0442\u0435\u043c\u044b \u0445\u0440\u0430\u043d\u0435\u043d\u0438\u044f \u044d\u043d\u0435\u0440\u0433\u0438\u0438 \u043a\u0443\u043f\u0438\u0442\u044c \u0432 \u041c\u043e\u043b\u0434\u043e\u0432\u0435. \u0423\u0441\u0442\u0430\u043d\u043e\u0432\u043a\u0430 \u0441\u043e\u043b\u043d\u0435\u0447\u043d\u044b\u0445 \u0441\u0442\u0430\u043d\u0446\u0438\u0439 \u043f\u043e\u0434 \u043a\u043b\u044e\u0447. Panouri solare, invertoare, controlere, baterii \u0219i sisteme de stocare a energiei cump\u0103ra\u021bi \u00een Moldova. Instalarea la cheie a instala\u021biilor solare\",\"breadcrumb\":{\"@id\":\"https:\\\/\\\/solars.md\\\/product\\\/avtonomnaya-fotoelektricheskaya-stantsi\\\/#breadcrumb\"},\"inLanguage\":\"ro-RO\",\"potentialAction\":[{\"@type\":\"ReadAction\",\"target\":[\"https:\\\/\\\/solars.md\\\/product\\\/avtonomnaya-fotoelektricheskaya-stantsi\\\/\"]}]},{\"@type\":\"ImageObject\",\"inLanguage\":\"ro-RO\",\"@id\":\"https:\\\/\\\/solars.md\\\/product\\\/avtonomnaya-fotoelektricheskaya-stantsi\\\/#primaryimage\",\"url\":\"https:\\\/\\\/solars.md\\\/wp-content\\\/uploads\\\/2021\\\/10\\\/81.jpg\",\"contentUrl\":\"https:\\\/\\\/solars.md\\\/wp-content\\\/uploads\\\/2021\\\/10\\\/81.jpg\",\"width\":576,\"height\":384},{\"@type\":\"BreadcrumbList\",\"@id\":\"https:\\\/\\\/solars.md\\\/product\\\/avtonomnaya-fotoelektricheskaya-stantsi\\\/#breadcrumb\",\"itemListElement\":[{\"@type\":\"ListItem\",\"position\":1,\"name\":\"\u0413\u043b\u0430\u0432\u043d\u0430\u044f \u0441\u0442\u0440\u0430\u043d\u0438\u0446\u0430\",\"item\":\"https:\\\/\\\/solars.md\\\/\"},{\"@type\":\"ListItem\",\"position\":2,\"name\":\"\u041c\u0430\u0433\u0430\u0437\u0438\u043d\",\"item\":\"https:\\\/\\\/solars.md\\\/shop\\\/\"},{\"@type\":\"ListItem\",\"position\":3,\"name\":\"\u0413\u0438\u0431\u0440\u0438\u0434\u043d\u0430\u044f \u0444\u043e\u0442\u043e\u044d\u043b\u0435\u043a\u0442\u0440\u0438\u0447\u0435\u0441\u043a\u0430\u044f \u0441\u0442\u0430\u043d\u0446\u0438\u044f 5000W LFP \u0410\u0421-\u044d\u043a\u0441\u043f\u043e\u0440\u0442\"}]},{\"@type\":\"WebSite\",\"@id\":\"https:\\\/\\\/solars.md\\\/#website\",\"url\":\"https:\\\/\\\/solars.md\\\/\",\"name\":\"Solars\",\"description\":\"\u0421\u043e\u043b\u043d\u0435\u0447\u043d\u044b\u0435 \u043f\u0430\u043d\u0435\u043b\u0438 \u0432 \u041c\u043e\u043b\u0434\u043e\u0432\u0435\",\"publisher\":{\"@id\":\"https:\\\/\\\/solars.md\\\/#organization\"},\"potentialAction\":[{\"@type\":\"SearchAction\",\"target\":{\"@type\":\"EntryPoint\",\"urlTemplate\":\"https:\\\/\\\/solars.md\\\/?s={search_term_string}\"},\"query-input\":{\"@type\":\"PropertyValueSpecification\",\"valueRequired\":true,\"valueName\":\"search_term_string\"}}],\"inLanguage\":\"ro-RO\"},{\"@type\":\"Organization\",\"@id\":\"https:\\\/\\\/solars.md\\\/#organization\",\"name\":\"Solars\",\"url\":\"https:\\\/\\\/solars.md\\\/\",\"logo\":{\"@type\":\"ImageObject\",\"inLanguage\":\"ro-RO\",\"@id\":\"https:\\\/\\\/solars.md\\\/#\\\/schema\\\/logo\\\/image\\\/\",\"url\":\"https:\\\/\\\/solars.md\\\/wp-content\\\/uploads\\\/2023\\\/02\\\/Solars-new.png\",\"contentUrl\":\"https:\\\/\\\/solars.md\\\/wp-content\\\/uploads\\\/2023\\\/02\\\/Solars-new.png\",\"width\":1134,\"height\":1134,\"caption\":\"Solars\"},\"image\":{\"@id\":\"https:\\\/\\\/solars.md\\\/#\\\/schema\\\/logo\\\/image\\\/\"},\"sameAs\":[\"https:\\\/\\\/www.facebook.com\\\/profile.php?id=100092330353235\"]}]}<\/script>\n<!-- \/ Yoast SEO plugin. -->","yoast_head_json":{"title":"\u0413\u0438\u0431\u0440\u0438\u0434\u043d\u0430\u044f \u0444\u043e\u0442\u043e\u044d\u043b\u0435\u043a\u0442\u0440\u0438\u0447\u0435\u0441\u043a\u0430\u044f \u0441\u0442\u0430\u043d\u0446\u0438\u044f 5000W LFP \u0410\u0421-\u044d\u043a\u0441\u043f\u043e\u0440\u0442 |","description":"\u0421\u043e\u043b\u043d\u0435\u0447\u043d\u044b\u0435 \u043f\u0430\u043d\u0435\u043b\u0438, \u0438\u043d\u0432\u0435\u0440\u0442\u043e\u0440\u0430, \u043a\u043e\u043d\u0442\u0440\u043e\u043b\u043b\u0435\u0440\u044b, \u0430\u043a\u043a\u0443\u043c\u0443\u043b\u044f\u0442\u043e\u0440\u044b \u0438 \u0441\u0438\u0441\u0442\u0435\u043c\u044b \u0445\u0440\u0430\u043d\u0435\u043d\u0438\u044f \u044d\u043d\u0435\u0440\u0433\u0438\u0438 \u043a\u0443\u043f\u0438\u0442\u044c \u0432 \u041c\u043e\u043b\u0434\u043e\u0432\u0435. \u0423\u0441\u0442\u0430\u043d\u043e\u0432\u043a\u0430 \u0441\u043e\u043b\u043d\u0435\u0447\u043d\u044b\u0445 \u0441\u0442\u0430\u043d\u0446\u0438\u0439 \u043f\u043e\u0434 \u043a\u043b\u044e\u0447. Panouri solare, invertoare, controlere, baterii \u0219i sisteme de stocare a energiei cump\u0103ra\u021bi \u00een Moldova. Instalarea la cheie a instala\u021biilor solare","robots":{"index":"index","follow":"follow","max-snippet":"max-snippet:-1","max-image-preview":"max-image-preview:large","max-video-preview":"max-video-preview:-1"},"canonical":"https:\/\/solars.md\/ro\/produs\/avtonomnaya-fotoelektricheskaya-stantsi\/","og_locale":"ro_RO","og_type":"article","og_title":"\u0413\u0438\u0431\u0440\u0438\u0434\u043d\u0430\u044f \u0444\u043e\u0442\u043e\u044d\u043b\u0435\u043a\u0442\u0440\u0438\u0447\u0435\u0441\u043a\u0430\u044f \u0441\u0442\u0430\u043d\u0446\u0438\u044f 5000W LFP \u0410\u0421-\u044d\u043a\u0441\u043f\u043e\u0440\u0442 |","og_description":"\u0421\u043e\u043b\u043d\u0435\u0447\u043d\u044b\u0435 \u043f\u0430\u043d\u0435\u043b\u0438, \u0438\u043d\u0432\u0435\u0440\u0442\u043e\u0440\u0430, \u043a\u043e\u043d\u0442\u0440\u043e\u043b\u043b\u0435\u0440\u044b, \u0430\u043a\u043a\u0443\u043c\u0443\u043b\u044f\u0442\u043e\u0440\u044b \u0438 \u0441\u0438\u0441\u0442\u0435\u043c\u044b \u0445\u0440\u0430\u043d\u0435\u043d\u0438\u044f \u044d\u043d\u0435\u0440\u0433\u0438\u0438 \u043a\u0443\u043f\u0438\u0442\u044c \u0432 \u041c\u043e\u043b\u0434\u043e\u0432\u0435. \u0423\u0441\u0442\u0430\u043d\u043e\u0432\u043a\u0430 \u0441\u043e\u043b\u043d\u0435\u0447\u043d\u044b\u0445 \u0441\u0442\u0430\u043d\u0446\u0438\u0439 \u043f\u043e\u0434 \u043a\u043b\u044e\u0447. Panouri solare, invertoare, controlere, baterii \u0219i sisteme de stocare a energiei cump\u0103ra\u021bi \u00een Moldova. Instalarea la cheie a instala\u021biilor solare","og_url":"https:\/\/solars.md\/ro\/produs\/avtonomnaya-fotoelektricheskaya-stantsi\/","article_publisher":"https:\/\/www.facebook.com\/profile.php?id=100092330353235","article_modified_time":"2025-02-17T14:51:04+00:00","og_image":[{"width":576,"height":384,"url":"https:\/\/solars.md\/wp-content\/uploads\/2021\/10\/81.jpg","type":"image\/jpeg"}],"twitter_card":"summary_large_image","twitter_misc":{"Timp estimat pentru citire":"1 minut"},"schema":{"@context":"https:\/\/schema.org","@graph":[{"@type":"WebPage","@id":"https:\/\/solars.md\/product\/avtonomnaya-fotoelektricheskaya-stantsi\/","url":"https:\/\/solars.md\/product\/avtonomnaya-fotoelektricheskaya-stantsi\/","name":"\u0413\u0438\u0431\u0440\u0438\u0434\u043d\u0430\u044f \u0444\u043e\u0442\u043e\u044d\u043b\u0435\u043a\u0442\u0440\u0438\u0447\u0435\u0441\u043a\u0430\u044f \u0441\u0442\u0430\u043d\u0446\u0438\u044f 5000W LFP \u0410\u0421-\u044d\u043a\u0441\u043f\u043e\u0440\u0442 |","isPartOf":{"@id":"https:\/\/solars.md\/#website"},"primaryImageOfPage":{"@id":"https:\/\/solars.md\/product\/avtonomnaya-fotoelektricheskaya-stantsi\/#primaryimage"},"image":{"@id":"https:\/\/solars.md\/product\/avtonomnaya-fotoelektricheskaya-stantsi\/#primaryimage"},"thumbnailUrl":"https:\/\/solars.md\/wp-content\/uploads\/2021\/10\/81.jpg","datePublished":"2021-10-21T13:29:50+00:00","dateModified":"2025-02-17T14:51:04+00:00","description":"\u0421\u043e\u043b\u043d\u0435\u0447\u043d\u044b\u0435 \u043f\u0430\u043d\u0435\u043b\u0438, \u0438\u043d\u0432\u0435\u0440\u0442\u043e\u0440\u0430, \u043a\u043e\u043d\u0442\u0440\u043e\u043b\u043b\u0435\u0440\u044b, \u0430\u043a\u043a\u0443\u043c\u0443\u043b\u044f\u0442\u043e\u0440\u044b \u0438 \u0441\u0438\u0441\u0442\u0435\u043c\u044b \u0445\u0440\u0430\u043d\u0435\u043d\u0438\u044f \u044d\u043d\u0435\u0440\u0433\u0438\u0438 \u043a\u0443\u043f\u0438\u0442\u044c \u0432 \u041c\u043e\u043b\u0434\u043e\u0432\u0435. \u0423\u0441\u0442\u0430\u043d\u043e\u0432\u043a\u0430 \u0441\u043e\u043b\u043d\u0435\u0447\u043d\u044b\u0445 \u0441\u0442\u0430\u043d\u0446\u0438\u0439 \u043f\u043e\u0434 \u043a\u043b\u044e\u0447. Panouri solare, invertoare, controlere, baterii \u0219i sisteme de stocare a energiei cump\u0103ra\u021bi \u00een Moldova. Instalarea la cheie a instala\u021biilor solare","breadcrumb":{"@id":"https:\/\/solars.md\/product\/avtonomnaya-fotoelektricheskaya-stantsi\/#breadcrumb"},"inLanguage":"ro-RO","potentialAction":[{"@type":"ReadAction","target":["https:\/\/solars.md\/product\/avtonomnaya-fotoelektricheskaya-stantsi\/"]}]},{"@type":"ImageObject","inLanguage":"ro-RO","@id":"https:\/\/solars.md\/product\/avtonomnaya-fotoelektricheskaya-stantsi\/#primaryimage","url":"https:\/\/solars.md\/wp-content\/uploads\/2021\/10\/81.jpg","contentUrl":"https:\/\/solars.md\/wp-content\/uploads\/2021\/10\/81.jpg","width":576,"height":384},{"@type":"BreadcrumbList","@id":"https:\/\/solars.md\/product\/avtonomnaya-fotoelektricheskaya-stantsi\/#breadcrumb","itemListElement":[{"@type":"ListItem","position":1,"name":"\u0413\u043b\u0430\u0432\u043d\u0430\u044f \u0441\u0442\u0440\u0430\u043d\u0438\u0446\u0430","item":"https:\/\/solars.md\/"},{"@type":"ListItem","position":2,"name":"\u041c\u0430\u0433\u0430\u0437\u0438\u043d","item":"https:\/\/solars.md\/shop\/"},{"@type":"ListItem","position":3,"name":"\u0413\u0438\u0431\u0440\u0438\u0434\u043d\u0430\u044f \u0444\u043e\u0442\u043e\u044d\u043b\u0435\u043a\u0442\u0440\u0438\u0447\u0435\u0441\u043a\u0430\u044f \u0441\u0442\u0430\u043d\u0446\u0438\u044f 5000W LFP \u0410\u0421-\u044d\u043a\u0441\u043f\u043e\u0440\u0442"}]},{"@type":"WebSite","@id":"https:\/\/solars.md\/#website","url":"https:\/\/solars.md\/","name":"Solars","description":"Panouri solare \u00een Moldova","publisher":{"@id":"https:\/\/solars.md\/#organization"},"potentialAction":[{"@type":"SearchAction","target":{"@type":"EntryPoint","urlTemplate":"https:\/\/solars.md\/?s={search_term_string}"},"query-input":{"@type":"PropertyValueSpecification","valueRequired":true,"valueName":"search_term_string"}}],"inLanguage":"ro-RO"},{"@type":"Organization","@id":"https:\/\/solars.md\/#organization","name":"Solars","url":"https:\/\/solars.md\/","logo":{"@type":"ImageObject","inLanguage":"ro-RO","@id":"https:\/\/solars.md\/#\/schema\/logo\/image\/","url":"https:\/\/solars.md\/wp-content\/uploads\/2023\/02\/Solars-new.png","contentUrl":"https:\/\/solars.md\/wp-content\/uploads\/2023\/02\/Solars-new.png","width":1134,"height":1134,"caption":"Solars"},"image":{"@id":"https:\/\/solars.md\/#\/schema\/logo\/image\/"},"sameAs":["https:\/\/www.facebook.com\/profile.php?id=100092330353235"]}]}},"_links":{"self":[{"href":"https:\/\/solars.md\/ro\/wp-json\/wp\/v2\/product\/4592","targetHints":{"allow":["GET"]}}],"collection":[{"href":"https:\/\/solars.md\/ro\/wp-json\/wp\/v2\/product"}],"about":[{"href":"https:\/\/solars.md\/ro\/wp-json\/wp\/v2\/types\/product"}],"wp:featuredmedia":[{"embeddable":true,"href":"https:\/\/solars.md\/ro\/wp-json\/wp\/v2\/media\/5400"}],"wp:attachment":[{"href":"https:\/\/solars.md\/ro\/wp-json\/wp\/v2\/media?parent=4592"}],"wp:term":[{"taxonomy":"product_brand","embeddable":true,"href":"https:\/\/solars.md\/ro\/wp-json\/wp\/v2\/product_brand?post=4592"},{"taxonomy":"product_cat","embeddable":true,"href":"https:\/\/solars.md\/ro\/wp-json\/wp\/v2\/product_cat?post=4592"},{"taxonomy":"product_tag","embeddable":true,"href":"https:\/\/solars.md\/ro\/wp-json\/wp\/v2\/product_tag?post=4592"}],"curies":[{"name":"wp","href":"https:\/\/api.w.org\/{rel}","templated":true}]}}