{"id":4618,"date":"2022-02-23T14:55:04","date_gmt":"2022-02-23T11:55:04","guid":{"rendered":"https:\/\/solars.md\/?post_type=product&#038;p=4618"},"modified":"2025-11-18T18:39:59","modified_gmt":"2025-11-18T15:39:59","slug":"inverter-think-power-tp15ktl-ongrid-kopirovat","status":"publish","type":"product","link":"https:\/\/solars.md\/ro\/produs\/inverter-think-power-tp15ktl-ongrid-kopirovat\/","title":{"rendered":"Inverter Think Power TP12KTL OnGrid"},"content":{"rendered":"<table style=\"height: 2280px;\" width=\"408\">\n<tbody>\n<tr style=\"height: 57px;\">\n<td style=\"height: 57px; width: 1140px;\" colspan=\"2\">Caracteristici<\/td>\n<\/tr>\n<tr style=\"height: 57px;\">\n<td style=\"height: 57px; width: 818.672px;\">input DC<\/td>\n<td style=\"height: 57px; width: 321.328px;\"><\/td>\n<\/tr>\n<tr style=\"height: 57px;\">\n<td style=\"height: 57px; width: 818.672px;\">Max PV power (W)<\/td>\n<td style=\"height: 57px; width: 321.328px;\">13200<\/td>\n<\/tr>\n<tr style=\"height: 57px;\">\n<td style=\"height: 57px; width: 818.672px;\">Rated voltage (V)<\/td>\n<td style=\"height: 57px; width: 321.328px;\">850<\/td>\n<\/tr>\n<tr style=\"height: 57px;\">\n<td style=\"height: 57px; width: 818.672px;\">Max. input voltage (V)<\/td>\n<td style=\"height: 57px; width: 321.328px;\">1000<\/td>\n<\/tr>\n<tr style=\"height: 57px;\">\n<td style=\"height: 57px; width: 818.672px;\">Start-up voltage (V)<\/td>\n<td style=\"height: 57px; width: 321.328px;\">250<\/td>\n<\/tr>\n<tr style=\"height: 57px;\">\n<td style=\"height: 57px; width: 818.672px;\">Max. short circuit current (A)<\/td>\n<td style=\"height: 57px; width: 321.328px;\">17\/17<\/td>\n<\/tr>\n<tr style=\"height: 57px;\">\n<td style=\"height: 57px; width: 818.672px;\">Max. input current (A)<\/td>\n<td style=\"height: 57px; width: 321.328px;\">15\/15<\/td>\n<\/tr>\n<tr style=\"height: 57px;\">\n<td style=\"height: 57px; width: 818.672px;\">MPPT voltage range (V)<\/td>\n<td style=\"height: 57px; width: 321.328px;\">250-850<\/td>\n<\/tr>\n<tr style=\"height: 57px;\">\n<td style=\"height: 57px; width: 818.672px;\">Max. input strings number<\/td>\n<td style=\"height: 57px; width: 321.328px;\">2<\/td>\n<\/tr>\n<tr style=\"height: 57px;\">\n<td style=\"height: 57px; width: 818.672px;\">MPPT number<\/td>\n<td style=\"height: 57px; width: 321.328px;\">2<\/td>\n<\/tr>\n<tr style=\"height: 57px;\">\n<td style=\"height: 57px; width: 818.672px;\">Output AC<\/td>\n<td style=\"height: 57px; width: 321.328px;\"><\/td>\n<\/tr>\n<tr style=\"height: 57px;\">\n<td style=\"height: 57px; width: 818.672px;\">Rated output power (W)<\/td>\n<td style=\"height: 57px; width: 321.328px;\">12000<\/td>\n<\/tr>\n<tr style=\"height: 57px;\">\n<td style=\"height: 57px; width: 818.672px;\">Max AC out (W)<\/td>\n<td style=\"height: 57px; width: 321.328px;\">13200<\/td>\n<\/tr>\n<tr style=\"height: 57px;\">\n<td style=\"height: 57px; width: 818.672px;\">Nominal out Voltage (V)<\/td>\n<td style=\"height: 57px; width: 321.328px;\">230V\/50Hz<\/td>\n<\/tr>\n<tr style=\"height: 57px;\">\n<td style=\"height: 57px; width: 818.672px;\">Max. output current (A)<\/td>\n<td style=\"height: 57px; width: 321.328px;\">23<\/td>\n<\/tr>\n<tr style=\"height: 57px;\">\n<td style=\"height: 57px; width: 818.672px;\">Rated grid voltage<\/td>\n<td style=\"height: 57px; width: 321.328px;\">3W\/N\/PE, 280-490 Vac<\/td>\n<\/tr>\n<tr style=\"height: 57px;\">\n<td style=\"height: 57px; width: 818.672px;\">Efficiency<\/td>\n<td style=\"height: 57px; width: 321.328px;\"><\/td>\n<\/tr>\n<tr style=\"height: 57px;\">\n<td style=\"height: 57px; width: 818.672px;\">Max.efficiency<\/td>\n<td style=\"height: 57px; width: 321.328px;\">98.1%<\/td>\n<\/tr>\n<tr style=\"height: 57px;\">\n<td style=\"height: 57px; width: 818.672px;\">EU efficiency<\/td>\n<td style=\"height: 57px; width: 321.328px;\">97.3%<\/td>\n<\/tr>\n<tr style=\"height: 57px;\">\n<td style=\"height: 57px; width: 818.672px;\">Protection<\/td>\n<td style=\"height: 57px; width: 321.328px;\"><\/td>\n<\/tr>\n<tr style=\"height: 57px;\">\n<td style=\"height: 57px; width: 818.672px;\">DC reverse-polarity protection<\/td>\n<td style=\"height: 57px; width: 321.328px;\">Yes<\/td>\n<\/tr>\n<tr style=\"height: 57px;\">\n<td style=\"height: 57px; width: 818.672px;\">Short circuit protection<\/td>\n<td style=\"height: 57px; width: 321.328px;\">Yes<\/td>\n<\/tr>\n<tr style=\"height: 57px;\">\n<td style=\"height: 57px; width: 818.672px;\">Output over current protection<\/td>\n<td style=\"height: 57px; width: 321.328px;\">Yes<\/td>\n<\/tr>\n<tr style=\"height: 57px;\">\n<td style=\"height: 57px; width: 818.672px;\">Surge protection<\/td>\n<td style=\"height: 57px; width: 321.328px;\">Yes<\/td>\n<\/tr>\n<tr style=\"height: 57px;\">\n<td style=\"height: 57px; width: 818.672px;\">Anti-islanding protection<\/td>\n<td style=\"height: 57px; width: 321.328px;\">Yes<\/td>\n<\/tr>\n<tr style=\"height: 57px;\">\n<td style=\"height: 57px; width: 818.672px;\">Grid monitoring<\/td>\n<td style=\"height: 57px; width: 321.328px;\">Yes<\/td>\n<\/tr>\n<tr style=\"height: 57px;\">\n<td style=\"height: 57px; width: 818.672px;\">Temperature protection<\/td>\n<td style=\"height: 57px; width: 321.328px;\">Yes<\/td>\n<\/tr>\n<tr style=\"height: 57px;\">\n<td style=\"height: 57px; width: 818.672px;\">Integrated DC switch<\/td>\n<td style=\"height: 57px; width: 321.328px;\">Optional<\/td>\n<\/tr>\n<tr style=\"height: 57px;\">\n<td style=\"height: 57px; width: 818.672px;\">Dimension<\/td>\n<td style=\"height: 57px; width: 321.328px;\"><\/td>\n<\/tr>\n<tr style=\"height: 57px;\">\n<td style=\"height: 57px; width: 818.672px;\">(DxWxH) mm<\/td>\n<td style=\"height: 57px; width: 321.328px;\">780*450*230<\/td>\n<\/tr>\n<tr style=\"height: 57px;\">\n<td style=\"height: 57px; width: 818.672px;\">Weight (Kg)<\/td>\n<td style=\"height: 57px; width: 321.328px;\">35<\/td>\n<\/tr>\n<tr style=\"height: 57px;\">\n<td style=\"height: 57px; width: 818.672px;\">Operating ambient temperature range<\/td>\n<td style=\"height: 57px; width: 321.328px;\">-25~60\u2103<\/td>\n<\/tr>\n<tr style=\"height: 57px;\">\n<td style=\"height: 57px; width: 818.672px;\">Ingress protection<\/td>\n<td style=\"height: 57px; width: 321.328px;\">Ip65<\/td>\n<\/tr>\n<tr style=\"height: 57px;\">\n<td style=\"height: 57px; width: 818.672px;\">Cooling concept<\/td>\n<td style=\"height: 57px; width: 321.328px;\">Natural convection<\/td>\n<\/tr>\n<tr style=\"height: 57px;\">\n<td style=\"height: 57px; width: 818.672px;\">Features<\/td>\n<td style=\"height: 57px; width: 321.328px;\"><\/td>\n<\/tr>\n<tr style=\"height: 57px;\">\n<td style=\"height: 57px; width: 818.672px;\">DC connection<\/td>\n<td style=\"height: 57px; width: 321.328px;\">MC4 connector<\/td>\n<\/tr>\n<tr style=\"height: 57px;\">\n<td style=\"height: 57px; width: 818.672px;\">Display<\/td>\n<td style=\"height: 57px; width: 321.328px;\">LCD<\/td>\n<\/tr>\n<tr style=\"height: 57px;\">\n<td style=\"height: 57px; width: 818.672px;\">AC connection<\/td>\n<td style=\"height: 57px; width: 321.328px;\">Quick connection plug<\/td>\n<\/tr>\n<tr style=\"height: 57px;\">\n<td style=\"height: 57px; width: 818.672px;\">Communication<\/td>\n<td style=\"height: 57px; width: 321.328px;\">RS485,Wi-Fi, Optional:\u00a0 GPRS<\/td>\n<\/tr>\n<\/tbody>\n<\/table>","protected":false},"excerpt":{"rendered":"<p class=\"translation-block\">Invertorul de re\u021bea trifazat ThinkPower TP12KTL este un dispozitiv modern de \u00eenalt\u0103 tehnologie care \u00eendepline\u0219te cele mai \u00eenalte cerin\u021be de calitate \u0219i siguran\u021b\u0103.Datorit\u0103 gamei largi de tensiuni MPPT (matrice de panouri solare de urm\u0103rire a punctului de putere maxim\u0103), eficien\u021ba resurselor modulului solar ajunge la 99,5%. Cu eficien\u021ba \u00eentregului sistem: 97,9%.<br> <strong>Scop:<\/strong>Invertorul solar conectat la re\u021bea este proiectat s\u0103 transforme energia solar\u0103 \u00een curent alternativ 380V \/ 50Hz.<br> Nu necesit\u0103 conexiune la baterii, datorit\u0103 c\u0103rora reduce costul total al unei centrale solare.<br> O condi\u021bie prealabil\u0103 pentru func\u021bionare este prezen\u021ba unei re\u021bele de alimentare cu energie a ora\u0219ului.<\/p>","protected":false},"featured_media":4619,"template":"","meta":{"site-sidebar-layout":"default","site-content-layout":"","ast-site-content-layout":"default","site-content-style":"default","site-sidebar-style":"default","ast-global-header-display":"","ast-banner-title-visibility":"","ast-main-header-display":"","ast-hfb-above-header-display":"","ast-hfb-below-header-display":"","ast-hfb-mobile-header-display":"","site-post-title":"","ast-breadcrumbs-content":"","ast-featured-img":"","footer-sml-layout":"","ast-disable-related-posts":"","theme-transparent-header-meta":"","adv-header-id-meta":"","stick-header-meta":"","header-above-stick-meta":"","header-main-stick-meta":"","header-below-stick-meta":"","astra-migrate-meta-layouts":"default","ast-page-background-enabled":"default","ast-page-background-meta":{"desktop":{"background-color":"var(--ast-global-color-5)","background-image":"","background-repeat":"repeat","background-position":"center center","background-size":"auto","background-attachment":"scroll","background-type":"","background-media":"","overlay-type":"","overlay-color":"","overlay-opacity":"","overlay-gradient":""},"tablet":{"background-color":"","background-image":"","background-repeat":"repeat","background-position":"center center","background-size":"auto","background-attachment":"scroll","background-type":"","background-media":"","overlay-type":"","overlay-color":"","overlay-opacity":"","overlay-gradient":""},"mobile":{"background-color":"","background-image":"","background-repeat":"repeat","background-position":"center center","background-size":"auto","background-attachment":"scroll","background-type":"","background-media":"","overlay-type":"","overlay-color":"","overlay-opacity":"","overlay-gradient":""}},"ast-content-background-meta":{"desktop":{"background-color":"var(--ast-global-color-4)","background-image":"","background-repeat":"repeat","background-position":"center center","background-size":"auto","background-attachment":"scroll","background-type":"","background-media":"","overlay-type":"","overlay-color":"","overlay-opacity":"","overlay-gradient":""},"tablet":{"background-color":"var(--ast-global-color-4)","background-image":"","background-repeat":"repeat","background-position":"center center","background-size":"auto","background-attachment":"scroll","background-type":"","background-media":"","overlay-type":"","overlay-color":"","overlay-opacity":"","overlay-gradient":""},"mobile":{"background-color":"var(--ast-global-color-4)","background-image":"","background-repeat":"repeat","background-position":"center center","background-size":"auto","background-attachment":"scroll","background-type":"","background-media":"","overlay-type":"","overlay-color":"","overlay-opacity":"","overlay-gradient":""}}},"product_brand":[],"product_cat":[25],"product_tag":[],"class_list":{"0":"post-4618","1":"product","2":"type-product","3":"status-publish","4":"has-post-thumbnail","6":"product_cat-invertory","7":"desktop-align-left","8":"tablet-align-left","9":"mobile-align-left","11":"first","12":"instock","13":"shipping-taxable","14":"purchasable","15":"product-type-simple"},"yoast_head":"<!-- This site is optimized with the Yoast SEO plugin v27.4 - https:\/\/yoast.com\/product\/yoast-seo-wordpress\/ -->\n<title>Inverter Think Power TP12KTL OnGrid |<\/title>\n<meta name=\"description\" content=\"\u0421\u043e\u043b\u043d\u0435\u0447\u043d\u044b\u0435 \u043f\u0430\u043d\u0435\u043b\u0438, \u0438\u043d\u0432\u0435\u0440\u0442\u043e\u0440\u0430, \u043a\u043e\u043d\u0442\u0440\u043e\u043b\u043b\u0435\u0440\u044b, \u0430\u043a\u043a\u0443\u043c\u0443\u043b\u044f\u0442\u043e\u0440\u044b \u0438 \u0441\u0438\u0441\u0442\u0435\u043c\u044b \u0445\u0440\u0430\u043d\u0435\u043d\u0438\u044f \u044d\u043d\u0435\u0440\u0433\u0438\u0438 \u043a\u0443\u043f\u0438\u0442\u044c \u0432 \u041c\u043e\u043b\u0434\u043e\u0432\u0435. \u0423\u0441\u0442\u0430\u043d\u043e\u0432\u043a\u0430 \u0441\u043e\u043b\u043d\u0435\u0447\u043d\u044b\u0445 \u0441\u0442\u0430\u043d\u0446\u0438\u0439 \u043f\u043e\u0434 \u043a\u043b\u044e\u0447. Panouri solare, invertoare, controlere, baterii \u0219i sisteme de stocare a energiei cump\u0103ra\u021bi \u00een Moldova. Instalarea la cheie a instala\u021biilor solare\" \/>\n<meta name=\"robots\" content=\"index, follow, max-snippet:-1, max-image-preview:large, max-video-preview:-1\" \/>\n<link rel=\"canonical\" href=\"https:\/\/solars.md\/ro\/produs\/inverter-think-power-tp15ktl-ongrid-kopirovat\/\" \/>\n<meta property=\"og:locale\" content=\"ro_RO\" \/>\n<meta property=\"og:type\" content=\"article\" \/>\n<meta property=\"og:title\" content=\"Inverter Think Power TP12KTL OnGrid |\" \/>\n<meta property=\"og:description\" content=\"\u0421\u043e\u043b\u043d\u0435\u0447\u043d\u044b\u0435 \u043f\u0430\u043d\u0435\u043b\u0438, \u0438\u043d\u0432\u0435\u0440\u0442\u043e\u0440\u0430, \u043a\u043e\u043d\u0442\u0440\u043e\u043b\u043b\u0435\u0440\u044b, \u0430\u043a\u043a\u0443\u043c\u0443\u043b\u044f\u0442\u043e\u0440\u044b \u0438 \u0441\u0438\u0441\u0442\u0435\u043c\u044b \u0445\u0440\u0430\u043d\u0435\u043d\u0438\u044f \u044d\u043d\u0435\u0440\u0433\u0438\u0438 \u043a\u0443\u043f\u0438\u0442\u044c \u0432 \u041c\u043e\u043b\u0434\u043e\u0432\u0435. \u0423\u0441\u0442\u0430\u043d\u043e\u0432\u043a\u0430 \u0441\u043e\u043b\u043d\u0435\u0447\u043d\u044b\u0445 \u0441\u0442\u0430\u043d\u0446\u0438\u0439 \u043f\u043e\u0434 \u043a\u043b\u044e\u0447. Panouri solare, invertoare, controlere, baterii \u0219i sisteme de stocare a energiei cump\u0103ra\u021bi \u00een Moldova. Instalarea la cheie a instala\u021biilor solare\" \/>\n<meta property=\"og:url\" content=\"https:\/\/solars.md\/ro\/produs\/inverter-think-power-tp15ktl-ongrid-kopirovat\/\" \/>\n<meta property=\"article:publisher\" content=\"https:\/\/www.facebook.com\/profile.php?id=100092330353235\" \/>\n<meta property=\"article:modified_time\" content=\"2025-11-18T15:39:59+00:00\" \/>\n<meta property=\"og:image\" content=\"https:\/\/solars.md\/wp-content\/uploads\/2022\/02\/2-5-jpg.webp\" \/>\n\t<meta property=\"og:image:width\" content=\"336\" \/>\n\t<meta property=\"og:image:height\" content=\"336\" \/>\n\t<meta property=\"og:image:type\" content=\"image\/jpeg\" \/>\n<meta name=\"twitter:card\" content=\"summary_large_image\" \/>\n<meta name=\"twitter:label1\" content=\"Timp estimat pentru citire\" \/>\n\t<meta name=\"twitter:data1\" content=\"1 minut\" \/>\n<script type=\"application\/ld+json\" class=\"yoast-schema-graph\">{\"@context\":\"https:\\\/\\\/schema.org\",\"@graph\":[{\"@type\":\"WebPage\",\"@id\":\"https:\\\/\\\/solars.md\\\/product\\\/inverter-think-power-tp15ktl-ongrid-kopirovat\\\/\",\"url\":\"https:\\\/\\\/solars.md\\\/product\\\/inverter-think-power-tp15ktl-ongrid-kopirovat\\\/\",\"name\":\"Inverter Think Power TP12KTL OnGrid |\",\"isPartOf\":{\"@id\":\"https:\\\/\\\/solars.md\\\/#website\"},\"primaryImageOfPage\":{\"@id\":\"https:\\\/\\\/solars.md\\\/product\\\/inverter-think-power-tp15ktl-ongrid-kopirovat\\\/#primaryimage\"},\"image\":{\"@id\":\"https:\\\/\\\/solars.md\\\/product\\\/inverter-think-power-tp15ktl-ongrid-kopirovat\\\/#primaryimage\"},\"thumbnailUrl\":\"https:\\\/\\\/solars.md\\\/wp-content\\\/uploads\\\/2022\\\/02\\\/2-5-jpg.webp\",\"datePublished\":\"2022-02-23T11:55:04+00:00\",\"dateModified\":\"2025-11-18T15:39:59+00:00\",\"description\":\"\u0421\u043e\u043b\u043d\u0435\u0447\u043d\u044b\u0435 \u043f\u0430\u043d\u0435\u043b\u0438, \u0438\u043d\u0432\u0435\u0440\u0442\u043e\u0440\u0430, \u043a\u043e\u043d\u0442\u0440\u043e\u043b\u043b\u0435\u0440\u044b, \u0430\u043a\u043a\u0443\u043c\u0443\u043b\u044f\u0442\u043e\u0440\u044b \u0438 \u0441\u0438\u0441\u0442\u0435\u043c\u044b \u0445\u0440\u0430\u043d\u0435\u043d\u0438\u044f \u044d\u043d\u0435\u0440\u0433\u0438\u0438 \u043a\u0443\u043f\u0438\u0442\u044c \u0432 \u041c\u043e\u043b\u0434\u043e\u0432\u0435. \u0423\u0441\u0442\u0430\u043d\u043e\u0432\u043a\u0430 \u0441\u043e\u043b\u043d\u0435\u0447\u043d\u044b\u0445 \u0441\u0442\u0430\u043d\u0446\u0438\u0439 \u043f\u043e\u0434 \u043a\u043b\u044e\u0447. Panouri solare, invertoare, controlere, baterii \u0219i sisteme de stocare a energiei cump\u0103ra\u021bi \u00een Moldova. Instalarea la cheie a instala\u021biilor solare\",\"breadcrumb\":{\"@id\":\"https:\\\/\\\/solars.md\\\/product\\\/inverter-think-power-tp15ktl-ongrid-kopirovat\\\/#breadcrumb\"},\"inLanguage\":\"ro-RO\",\"potentialAction\":[{\"@type\":\"ReadAction\",\"target\":[\"https:\\\/\\\/solars.md\\\/product\\\/inverter-think-power-tp15ktl-ongrid-kopirovat\\\/\"]}]},{\"@type\":\"ImageObject\",\"inLanguage\":\"ro-RO\",\"@id\":\"https:\\\/\\\/solars.md\\\/product\\\/inverter-think-power-tp15ktl-ongrid-kopirovat\\\/#primaryimage\",\"url\":\"https:\\\/\\\/solars.md\\\/wp-content\\\/uploads\\\/2022\\\/02\\\/2-5-jpg.webp\",\"contentUrl\":\"https:\\\/\\\/solars.md\\\/wp-content\\\/uploads\\\/2022\\\/02\\\/2-5-jpg.webp\",\"width\":336,\"height\":336,\"caption\":\"Inverter Think Power TP15KTL OnGrid\"},{\"@type\":\"BreadcrumbList\",\"@id\":\"https:\\\/\\\/solars.md\\\/product\\\/inverter-think-power-tp15ktl-ongrid-kopirovat\\\/#breadcrumb\",\"itemListElement\":[{\"@type\":\"ListItem\",\"position\":1,\"name\":\"\u0413\u043b\u0430\u0432\u043d\u0430\u044f \u0441\u0442\u0440\u0430\u043d\u0438\u0446\u0430\",\"item\":\"https:\\\/\\\/solars.md\\\/\"},{\"@type\":\"ListItem\",\"position\":2,\"name\":\"\u041c\u0430\u0433\u0430\u0437\u0438\u043d\",\"item\":\"https:\\\/\\\/solars.md\\\/shop\\\/\"},{\"@type\":\"ListItem\",\"position\":3,\"name\":\"Inverter Think Power TP12KTL OnGrid\"}]},{\"@type\":\"WebSite\",\"@id\":\"https:\\\/\\\/solars.md\\\/#website\",\"url\":\"https:\\\/\\\/solars.md\\\/\",\"name\":\"Solars\",\"description\":\"\u0421\u043e\u043b\u043d\u0435\u0447\u043d\u044b\u0435 \u043f\u0430\u043d\u0435\u043b\u0438 \u0432 \u041c\u043e\u043b\u0434\u043e\u0432\u0435\",\"publisher\":{\"@id\":\"https:\\\/\\\/solars.md\\\/#organization\"},\"potentialAction\":[{\"@type\":\"SearchAction\",\"target\":{\"@type\":\"EntryPoint\",\"urlTemplate\":\"https:\\\/\\\/solars.md\\\/?s={search_term_string}\"},\"query-input\":{\"@type\":\"PropertyValueSpecification\",\"valueRequired\":true,\"valueName\":\"search_term_string\"}}],\"inLanguage\":\"ro-RO\"},{\"@type\":\"Organization\",\"@id\":\"https:\\\/\\\/solars.md\\\/#organization\",\"name\":\"Solars\",\"url\":\"https:\\\/\\\/solars.md\\\/\",\"logo\":{\"@type\":\"ImageObject\",\"inLanguage\":\"ro-RO\",\"@id\":\"https:\\\/\\\/solars.md\\\/#\\\/schema\\\/logo\\\/image\\\/\",\"url\":\"https:\\\/\\\/solars.md\\\/wp-content\\\/uploads\\\/2023\\\/02\\\/Solars-new.png\",\"contentUrl\":\"https:\\\/\\\/solars.md\\\/wp-content\\\/uploads\\\/2023\\\/02\\\/Solars-new.png\",\"width\":1134,\"height\":1134,\"caption\":\"Solars\"},\"image\":{\"@id\":\"https:\\\/\\\/solars.md\\\/#\\\/schema\\\/logo\\\/image\\\/\"},\"sameAs\":[\"https:\\\/\\\/www.facebook.com\\\/profile.php?id=100092330353235\"]}]}<\/script>\n<!-- \/ Yoast SEO plugin. -->","yoast_head_json":{"title":"Inverter Think Power TP12KTL OnGrid |","description":"\u0421\u043e\u043b\u043d\u0435\u0447\u043d\u044b\u0435 \u043f\u0430\u043d\u0435\u043b\u0438, \u0438\u043d\u0432\u0435\u0440\u0442\u043e\u0440\u0430, \u043a\u043e\u043d\u0442\u0440\u043e\u043b\u043b\u0435\u0440\u044b, \u0430\u043a\u043a\u0443\u043c\u0443\u043b\u044f\u0442\u043e\u0440\u044b \u0438 \u0441\u0438\u0441\u0442\u0435\u043c\u044b \u0445\u0440\u0430\u043d\u0435\u043d\u0438\u044f \u044d\u043d\u0435\u0440\u0433\u0438\u0438 \u043a\u0443\u043f\u0438\u0442\u044c \u0432 \u041c\u043e\u043b\u0434\u043e\u0432\u0435. \u0423\u0441\u0442\u0430\u043d\u043e\u0432\u043a\u0430 \u0441\u043e\u043b\u043d\u0435\u0447\u043d\u044b\u0445 \u0441\u0442\u0430\u043d\u0446\u0438\u0439 \u043f\u043e\u0434 \u043a\u043b\u044e\u0447. Panouri solare, invertoare, controlere, baterii \u0219i sisteme de stocare a energiei cump\u0103ra\u021bi \u00een Moldova. Instalarea la cheie a instala\u021biilor solare","robots":{"index":"index","follow":"follow","max-snippet":"max-snippet:-1","max-image-preview":"max-image-preview:large","max-video-preview":"max-video-preview:-1"},"canonical":"https:\/\/solars.md\/ro\/produs\/inverter-think-power-tp15ktl-ongrid-kopirovat\/","og_locale":"ro_RO","og_type":"article","og_title":"Inverter Think Power TP12KTL OnGrid |","og_description":"\u0421\u043e\u043b\u043d\u0435\u0447\u043d\u044b\u0435 \u043f\u0430\u043d\u0435\u043b\u0438, \u0438\u043d\u0432\u0435\u0440\u0442\u043e\u0440\u0430, \u043a\u043e\u043d\u0442\u0440\u043e\u043b\u043b\u0435\u0440\u044b, \u0430\u043a\u043a\u0443\u043c\u0443\u043b\u044f\u0442\u043e\u0440\u044b \u0438 \u0441\u0438\u0441\u0442\u0435\u043c\u044b \u0445\u0440\u0430\u043d\u0435\u043d\u0438\u044f \u044d\u043d\u0435\u0440\u0433\u0438\u0438 \u043a\u0443\u043f\u0438\u0442\u044c \u0432 \u041c\u043e\u043b\u0434\u043e\u0432\u0435. \u0423\u0441\u0442\u0430\u043d\u043e\u0432\u043a\u0430 \u0441\u043e\u043b\u043d\u0435\u0447\u043d\u044b\u0445 \u0441\u0442\u0430\u043d\u0446\u0438\u0439 \u043f\u043e\u0434 \u043a\u043b\u044e\u0447. Panouri solare, invertoare, controlere, baterii \u0219i sisteme de stocare a energiei cump\u0103ra\u021bi \u00een Moldova. Instalarea la cheie a instala\u021biilor solare","og_url":"https:\/\/solars.md\/ro\/produs\/inverter-think-power-tp15ktl-ongrid-kopirovat\/","article_publisher":"https:\/\/www.facebook.com\/profile.php?id=100092330353235","article_modified_time":"2025-11-18T15:39:59+00:00","og_image":[{"width":336,"height":336,"url":"https:\/\/solars.md\/wp-content\/uploads\/2022\/02\/2-5-jpg.webp","type":"image\/jpeg"}],"twitter_card":"summary_large_image","twitter_misc":{"Timp estimat pentru citire":"1 minut"},"schema":{"@context":"https:\/\/schema.org","@graph":[{"@type":"WebPage","@id":"https:\/\/solars.md\/product\/inverter-think-power-tp15ktl-ongrid-kopirovat\/","url":"https:\/\/solars.md\/product\/inverter-think-power-tp15ktl-ongrid-kopirovat\/","name":"Inverter Think Power TP12KTL OnGrid |","isPartOf":{"@id":"https:\/\/solars.md\/#website"},"primaryImageOfPage":{"@id":"https:\/\/solars.md\/product\/inverter-think-power-tp15ktl-ongrid-kopirovat\/#primaryimage"},"image":{"@id":"https:\/\/solars.md\/product\/inverter-think-power-tp15ktl-ongrid-kopirovat\/#primaryimage"},"thumbnailUrl":"https:\/\/solars.md\/wp-content\/uploads\/2022\/02\/2-5-jpg.webp","datePublished":"2022-02-23T11:55:04+00:00","dateModified":"2025-11-18T15:39:59+00:00","description":"\u0421\u043e\u043b\u043d\u0435\u0447\u043d\u044b\u0435 \u043f\u0430\u043d\u0435\u043b\u0438, \u0438\u043d\u0432\u0435\u0440\u0442\u043e\u0440\u0430, \u043a\u043e\u043d\u0442\u0440\u043e\u043b\u043b\u0435\u0440\u044b, \u0430\u043a\u043a\u0443\u043c\u0443\u043b\u044f\u0442\u043e\u0440\u044b \u0438 \u0441\u0438\u0441\u0442\u0435\u043c\u044b \u0445\u0440\u0430\u043d\u0435\u043d\u0438\u044f \u044d\u043d\u0435\u0440\u0433\u0438\u0438 \u043a\u0443\u043f\u0438\u0442\u044c \u0432 \u041c\u043e\u043b\u0434\u043e\u0432\u0435. \u0423\u0441\u0442\u0430\u043d\u043e\u0432\u043a\u0430 \u0441\u043e\u043b\u043d\u0435\u0447\u043d\u044b\u0445 \u0441\u0442\u0430\u043d\u0446\u0438\u0439 \u043f\u043e\u0434 \u043a\u043b\u044e\u0447. Panouri solare, invertoare, controlere, baterii \u0219i sisteme de stocare a energiei cump\u0103ra\u021bi \u00een Moldova. Instalarea la cheie a instala\u021biilor solare","breadcrumb":{"@id":"https:\/\/solars.md\/product\/inverter-think-power-tp15ktl-ongrid-kopirovat\/#breadcrumb"},"inLanguage":"ro-RO","potentialAction":[{"@type":"ReadAction","target":["https:\/\/solars.md\/product\/inverter-think-power-tp15ktl-ongrid-kopirovat\/"]}]},{"@type":"ImageObject","inLanguage":"ro-RO","@id":"https:\/\/solars.md\/product\/inverter-think-power-tp15ktl-ongrid-kopirovat\/#primaryimage","url":"https:\/\/solars.md\/wp-content\/uploads\/2022\/02\/2-5-jpg.webp","contentUrl":"https:\/\/solars.md\/wp-content\/uploads\/2022\/02\/2-5-jpg.webp","width":336,"height":336,"caption":"Inverter Think Power TP15KTL OnGrid"},{"@type":"BreadcrumbList","@id":"https:\/\/solars.md\/product\/inverter-think-power-tp15ktl-ongrid-kopirovat\/#breadcrumb","itemListElement":[{"@type":"ListItem","position":1,"name":"\u0413\u043b\u0430\u0432\u043d\u0430\u044f \u0441\u0442\u0440\u0430\u043d\u0438\u0446\u0430","item":"https:\/\/solars.md\/"},{"@type":"ListItem","position":2,"name":"\u041c\u0430\u0433\u0430\u0437\u0438\u043d","item":"https:\/\/solars.md\/shop\/"},{"@type":"ListItem","position":3,"name":"Inverter Think Power TP12KTL OnGrid"}]},{"@type":"WebSite","@id":"https:\/\/solars.md\/#website","url":"https:\/\/solars.md\/","name":"Solars","description":"Panouri solare \u00een Moldova","publisher":{"@id":"https:\/\/solars.md\/#organization"},"potentialAction":[{"@type":"SearchAction","target":{"@type":"EntryPoint","urlTemplate":"https:\/\/solars.md\/?s={search_term_string}"},"query-input":{"@type":"PropertyValueSpecification","valueRequired":true,"valueName":"search_term_string"}}],"inLanguage":"ro-RO"},{"@type":"Organization","@id":"https:\/\/solars.md\/#organization","name":"Solars","url":"https:\/\/solars.md\/","logo":{"@type":"ImageObject","inLanguage":"ro-RO","@id":"https:\/\/solars.md\/#\/schema\/logo\/image\/","url":"https:\/\/solars.md\/wp-content\/uploads\/2023\/02\/Solars-new.png","contentUrl":"https:\/\/solars.md\/wp-content\/uploads\/2023\/02\/Solars-new.png","width":1134,"height":1134,"caption":"Solars"},"image":{"@id":"https:\/\/solars.md\/#\/schema\/logo\/image\/"},"sameAs":["https:\/\/www.facebook.com\/profile.php?id=100092330353235"]}]}},"_links":{"self":[{"href":"https:\/\/solars.md\/ro\/wp-json\/wp\/v2\/product\/4618","targetHints":{"allow":["GET"]}}],"collection":[{"href":"https:\/\/solars.md\/ro\/wp-json\/wp\/v2\/product"}],"about":[{"href":"https:\/\/solars.md\/ro\/wp-json\/wp\/v2\/types\/product"}],"wp:featuredmedia":[{"embeddable":true,"href":"https:\/\/solars.md\/ro\/wp-json\/wp\/v2\/media\/4619"}],"wp:attachment":[{"href":"https:\/\/solars.md\/ro\/wp-json\/wp\/v2\/media?parent=4618"}],"wp:term":[{"taxonomy":"product_brand","embeddable":true,"href":"https:\/\/solars.md\/ro\/wp-json\/wp\/v2\/product_brand?post=4618"},{"taxonomy":"product_cat","embeddable":true,"href":"https:\/\/solars.md\/ro\/wp-json\/wp\/v2\/product_cat?post=4618"},{"taxonomy":"product_tag","embeddable":true,"href":"https:\/\/solars.md\/ro\/wp-json\/wp\/v2\/product_tag?post=4618"}],"curies":[{"name":"wp","href":"https:\/\/api.w.org\/{rel}","templated":true}]}}