{"id":4688,"date":"2022-11-09T14:16:24","date_gmt":"2022-11-09T11:16:24","guid":{"rendered":"https:\/\/solars.md\/?post_type=product&#038;p=4688"},"modified":"2026-05-05T18:08:10","modified_gmt":"2026-05-05T15:08:10","slug":"inverter-solplanet-asw-15k-lt-g2-ongrid","status":"publish","type":"product","link":"https:\/\/solars.md\/ro\/produs\/inverter-solplanet-asw-15k-lt-g2-ongrid\/","title":{"rendered":"Inverter SolPlanet ASW 15K-LT G2 OnGrid"},"content":{"rendered":"<table style=\"height: 2280px;\" width=\"408\">\n<tbody>\n<tr style=\"height: 57px;\">\n<td style=\"height: 57px; width: 1140px;\" colspan=\"2\">Caracteristici<\/td>\n<\/tr>\n<tr style=\"height: 57px;\">\n<td style=\"height: 57px; width: 818.672px;\">input DC<\/td>\n<td style=\"height: 57px; width: 321.328px;\"><\/td>\n<\/tr>\n<tr style=\"height: 57px;\">\n<td style=\"height: 57px; width: 818.672px;\">Max PV power (W)<\/td>\n<td style=\"height: 57px; width: 321.328px;\">22500<\/td>\n<\/tr>\n<tr style=\"height: 57px;\">\n<td style=\"height: 57px; width: 818.672px;\">Rated voltage (V)<\/td>\n<td style=\"height: 57px; width: 321.328px;\">630<\/td>\n<\/tr>\n<tr style=\"height: 57px;\">\n<td style=\"height: 57px; width: 818.672px;\">Max. input voltage (V)<\/td>\n<td style=\"height: 57px; width: 321.328px;\">1100<\/td>\n<\/tr>\n<tr style=\"height: 57px;\">\n<td style=\"height: 57px; width: 818.672px;\">Start-up voltage (V)<\/td>\n<td style=\"height: 57px; width: 321.328px;\">150<\/td>\n<\/tr>\n<tr style=\"height: 57px;\">\n<td style=\"height: 57px; width: 818.672px;\">Max. short circuit current (A)<\/td>\n<td style=\"height: 57px; width: 321.328px;\">40\/40<\/td>\n<\/tr>\n<tr style=\"height: 57px;\">\n<td style=\"height: 57px; width: 818.672px;\">Max. input current (A)<\/td>\n<td style=\"height: 57px; width: 321.328px;\">26\/26<\/td>\n<\/tr>\n<tr style=\"height: 57px;\">\n<td style=\"height: 57px; width: 818.672px;\">MPPT voltage range (V)<\/td>\n<td style=\"height: 57px; width: 321.328px;\">150-1000<\/td>\n<\/tr>\n<tr style=\"height: 57px;\">\n<td style=\"height: 57px; width: 818.672px;\">Max. input strings number<\/td>\n<td style=\"height: 57px; width: 321.328px;\">3<\/td>\n<\/tr>\n<tr style=\"height: 57px;\">\n<td style=\"height: 57px; width: 818.672px;\">MPPT number<\/td>\n<td style=\"height: 57px; width: 321.328px;\">2<\/td>\n<\/tr>\n<tr style=\"height: 57px;\">\n<td style=\"height: 57px; width: 818.672px;\">Output AC<\/td>\n<td style=\"height: 57px; width: 321.328px;\"><\/td>\n<\/tr>\n<tr style=\"height: 57px;\">\n<td style=\"height: 57px; width: 818.672px;\">Rated output power (W)<\/td>\n<td style=\"height: 57px; width: 321.328px;\">15000<\/td>\n<\/tr>\n<tr style=\"height: 57px;\">\n<td style=\"height: 57px; width: 818.672px;\">Max AC out (W)<\/td>\n<td style=\"height: 57px; width: 321.328px;\">15000<\/td>\n<\/tr>\n<tr style=\"height: 57px;\">\n<td style=\"height: 57px; width: 818.672px;\">Nominal out Voltage (V)<\/td>\n<td style=\"height: 57px; width: 321.328px;\">230V\/50Hz<\/td>\n<\/tr>\n<tr style=\"height: 57px;\">\n<td style=\"height: 57px; width: 818.672px;\">Max. output current (A)<\/td>\n<td style=\"height: 57px; width: 321.328px;\">24<\/td>\n<\/tr>\n<tr style=\"height: 57px;\">\n<td style=\"height: 57px; width: 818.672px;\">Rated grid voltage<\/td>\n<td style=\"height: 57px; width: 321.328px;\">3W\/N\/PE, 280-490 Vac<\/td>\n<\/tr>\n<tr style=\"height: 57px;\">\n<td style=\"height: 57px; width: 818.672px;\">Efficiency<\/td>\n<td style=\"height: 57px; width: 321.328px;\"><\/td>\n<\/tr>\n<tr style=\"height: 57px;\">\n<td style=\"height: 57px; width: 818.672px;\">Max.efficiency<\/td>\n<td style=\"height: 57px; width: 321.328px;\">98.6%<\/td>\n<\/tr>\n<tr style=\"height: 57px;\">\n<td style=\"height: 57px; width: 818.672px;\">EU efficiency<\/td>\n<td style=\"height: 57px; width: 321.328px;\">98.2%<\/td>\n<\/tr>\n<tr style=\"height: 57px;\">\n<td style=\"height: 57px; width: 818.672px;\">Protection<\/td>\n<td style=\"height: 57px; width: 321.328px;\"><\/td>\n<\/tr>\n<tr style=\"height: 57px;\">\n<td style=\"height: 57px; width: 818.672px;\">DC reverse-polarity protection<\/td>\n<td style=\"height: 57px; width: 321.328px;\">Yes<\/td>\n<\/tr>\n<tr style=\"height: 57px;\">\n<td style=\"height: 57px; width: 818.672px;\">Short circuit protection<\/td>\n<td style=\"height: 57px; width: 321.328px;\">Yes<\/td>\n<\/tr>\n<tr style=\"height: 57px;\">\n<td style=\"height: 57px; width: 818.672px;\">Output over current protection<\/td>\n<td style=\"height: 57px; width: 321.328px;\">Yes<\/td>\n<\/tr>\n<tr style=\"height: 57px;\">\n<td style=\"height: 57px; width: 818.672px;\">Surge protection<\/td>\n<td style=\"height: 57px; width: 321.328px;\">Yes<\/td>\n<\/tr>\n<tr style=\"height: 57px;\">\n<td style=\"height: 57px; width: 818.672px;\">Anti-islanding protection<\/td>\n<td style=\"height: 57px; width: 321.328px;\">Yes<\/td>\n<\/tr>\n<tr style=\"height: 57px;\">\n<td style=\"height: 57px; width: 818.672px;\">Grid monitoring<\/td>\n<td style=\"height: 57px; width: 321.328px;\">Yes<\/td>\n<\/tr>\n<tr style=\"height: 57px;\">\n<td style=\"height: 57px; width: 818.672px;\">Temperature protection<\/td>\n<td style=\"height: 57px; width: 321.328px;\">Yes<\/td>\n<\/tr>\n<tr style=\"height: 57px;\">\n<td style=\"height: 57px; width: 818.672px;\">Integrated DC switch<\/td>\n<td style=\"height: 57px; width: 321.328px;\">Optional<\/td>\n<\/tr>\n<tr style=\"height: 57px;\">\n<td style=\"height: 57px; width: 818.672px;\">Dimension<\/td>\n<td style=\"height: 57px; width: 321.328px;\"><\/td>\n<\/tr>\n<tr style=\"height: 57px;\">\n<td style=\"height: 57px; width: 818.672px;\">(DxWxH) mm<\/td>\n<td style=\"height: 57px; width: 321.328px;\">503*435*183<\/td>\n<\/tr>\n<tr style=\"height: 57px;\">\n<td style=\"height: 57px; width: 818.672px;\">Weight (Kg)<\/td>\n<td style=\"height: 57px; width: 321.328px;\">17.5<\/td>\n<\/tr>\n<tr style=\"height: 57px;\">\n<td style=\"height: 57px; width: 818.672px;\">Operating ambient temperature range<\/td>\n<td style=\"height: 57px; width: 321.328px;\">-25~60\u2103<\/td>\n<\/tr>\n<tr style=\"height: 57px;\">\n<td style=\"height: 57px; width: 818.672px;\">Ingress protection<\/td>\n<td style=\"height: 57px; width: 321.328px;\">Ip66<\/td>\n<\/tr>\n<tr style=\"height: 57px;\">\n<td style=\"height: 57px; width: 818.672px;\">Cooling concept<\/td>\n<td style=\"height: 57px; width: 321.328px;\">Natural convection<\/td>\n<\/tr>\n<tr style=\"height: 57px;\">\n<td style=\"height: 57px; width: 818.672px;\">Features<\/td>\n<td style=\"height: 57px; width: 321.328px;\"><\/td>\n<\/tr>\n<tr style=\"height: 57px;\">\n<td style=\"height: 57px; width: 818.672px;\">DC connection<\/td>\n<td style=\"height: 57px; width: 321.328px;\">MC4 connector<\/td>\n<\/tr>\n<tr style=\"height: 57px;\">\n<td style=\"height: 57px; width: 818.672px;\">Display<\/td>\n<td style=\"height: 57px; width: 321.328px;\">LCD<\/td>\n<\/tr>\n<tr style=\"height: 57px;\">\n<td style=\"height: 57px; width: 818.672px;\">AC connection<\/td>\n<td style=\"height: 57px; width: 321.328px;\">Quick connection plug<\/td>\n<\/tr>\n<tr style=\"height: 57px;\">\n<td style=\"height: 57px; width: 818.672px;\">Communication<\/td>\n<td style=\"height: 57px; width: 321.328px;\">RS485,Wi-Fi,4G- Optional<\/td>\n<\/tr>\n<\/tbody>\n<\/table>","protected":false},"excerpt":{"rendered":"<p class=\"translation-block\">Invertorul de re\u021bea trifazat SolPlanet ASW 10K-LT G2 este un dispozitiv modern de \u00eenalt\u0103 tehnologie care \u00eendepline\u0219te cele mai \u00eenalte cerin\u021be de calitate \u0219i siguran\u021b\u0103.Datorit\u0103 gamei largi de tensiuni MPPT (matrice de panouri solare de urm\u0103rire a punctului de putere maxim\u0103), eficien\u021ba resurselor modulului solar ajunge la 99,5%. Cu eficien\u021ba \u00eentregului sistem: 98,6%.<br> <strong>Scop:<\/strong>Invertorul solar conectat la re\u021bea este proiectat s\u0103 transforme energia solar\u0103 \u00een curent alternativ 380V \/ 50Hz.<br> Nu necesit\u0103 conexiune la baterii, datorit\u0103 c\u0103rora reduce costul total al unei centrale solare.<br> O condi\u021bie prealabil\u0103 pentru func\u021bionare este prezen\u021ba unei re\u021bele de alimentare cu energie a ora\u0219ului.<\/p>","protected":false},"featured_media":4689,"template":"","meta":{"site-sidebar-layout":"default","site-content-layout":"","ast-site-content-layout":"default","site-content-style":"default","site-sidebar-style":"default","ast-global-header-display":"","ast-banner-title-visibility":"","ast-main-header-display":"","ast-hfb-above-header-display":"","ast-hfb-below-header-display":"","ast-hfb-mobile-header-display":"","site-post-title":"","ast-breadcrumbs-content":"","ast-featured-img":"","footer-sml-layout":"","ast-disable-related-posts":"","theme-transparent-header-meta":"","adv-header-id-meta":"","stick-header-meta":"","header-above-stick-meta":"","header-main-stick-meta":"","header-below-stick-meta":"","astra-migrate-meta-layouts":"default","ast-page-background-enabled":"default","ast-page-background-meta":{"desktop":{"background-color":"var(--ast-global-color-5)","background-image":"","background-repeat":"repeat","background-position":"center center","background-size":"auto","background-attachment":"scroll","background-type":"","background-media":"","overlay-type":"","overlay-color":"","overlay-opacity":"","overlay-gradient":""},"tablet":{"background-color":"","background-image":"","background-repeat":"repeat","background-position":"center center","background-size":"auto","background-attachment":"scroll","background-type":"","background-media":"","overlay-type":"","overlay-color":"","overlay-opacity":"","overlay-gradient":""},"mobile":{"background-color":"","background-image":"","background-repeat":"repeat","background-position":"center center","background-size":"auto","background-attachment":"scroll","background-type":"","background-media":"","overlay-type":"","overlay-color":"","overlay-opacity":"","overlay-gradient":""}},"ast-content-background-meta":{"desktop":{"background-color":"var(--ast-global-color-4)","background-image":"","background-repeat":"repeat","background-position":"center center","background-size":"auto","background-attachment":"scroll","background-type":"","background-media":"","overlay-type":"","overlay-color":"","overlay-opacity":"","overlay-gradient":""},"tablet":{"background-color":"var(--ast-global-color-4)","background-image":"","background-repeat":"repeat","background-position":"center center","background-size":"auto","background-attachment":"scroll","background-type":"","background-media":"","overlay-type":"","overlay-color":"","overlay-opacity":"","overlay-gradient":""},"mobile":{"background-color":"var(--ast-global-color-4)","background-image":"","background-repeat":"repeat","background-position":"center center","background-size":"auto","background-attachment":"scroll","background-type":"","background-media":"","overlay-type":"","overlay-color":"","overlay-opacity":"","overlay-gradient":""}}},"product_brand":[],"product_cat":[25],"product_tag":[],"yst_prominent_words":[],"class_list":{"0":"post-4688","1":"product","2":"type-product","3":"status-publish","4":"has-post-thumbnail","6":"product_cat-invertory","7":"desktop-align-left","8":"tablet-align-left","9":"mobile-align-left","11":"first","12":"instock","13":"shipping-taxable","14":"purchasable","15":"product-type-simple"},"_links":{"self":[{"href":"https:\/\/solars.md\/ro\/wp-json\/wp\/v2\/product\/4688","targetHints":{"allow":["GET"]}}],"collection":[{"href":"https:\/\/solars.md\/ro\/wp-json\/wp\/v2\/product"}],"about":[{"href":"https:\/\/solars.md\/ro\/wp-json\/wp\/v2\/types\/product"}],"wp:featuredmedia":[{"embeddable":true,"href":"https:\/\/solars.md\/ro\/wp-json\/wp\/v2\/media\/4689"}],"wp:attachment":[{"href":"https:\/\/solars.md\/ro\/wp-json\/wp\/v2\/media?parent=4688"}],"wp:term":[{"taxonomy":"product_brand","embeddable":true,"href":"https:\/\/solars.md\/ro\/wp-json\/wp\/v2\/product_brand?post=4688"},{"taxonomy":"product_cat","embeddable":true,"href":"https:\/\/solars.md\/ro\/wp-json\/wp\/v2\/product_cat?post=4688"},{"taxonomy":"product_tag","embeddable":true,"href":"https:\/\/solars.md\/ro\/wp-json\/wp\/v2\/product_tag?post=4688"},{"taxonomy":"yst_prominent_words","embeddable":true,"href":"https:\/\/solars.md\/ro\/wp-json\/wp\/v2\/yst_prominent_words?post=4688"}],"curies":[{"name":"wp","href":"https:\/\/api.w.org\/{rel}","templated":true}]}}