{"id":4712,"date":"2022-12-12T11:02:43","date_gmt":"2022-12-12T08:02:43","guid":{"rendered":"https:\/\/solars.md\/?post_type=product&#038;p=4712"},"modified":"2024-09-06T17:45:13","modified_gmt":"2024-09-06T14:45:13","slug":"kstar-blue-15kt-m1","status":"publish","type":"product","link":"https:\/\/solars.md\/ro\/produs\/kstar-blue-15kt-m1\/","title":{"rendered":"KSTAR BluE-15KT-M1"},"content":{"rendered":"<table width=\"472\">\n<tbody>\n<tr>\n<td colspan=\"2\" width=\"472\">Caracteristici<\/td>\n<\/tr>\n<tr>\n<td>input DC<\/td>\n<td><\/td>\n<\/tr>\n<tr>\n<td>Max PV power (W)<\/td>\n<td>18500<\/td>\n<\/tr>\n<tr>\n<td width=\"293\">Rated voltage (V)<\/td>\n<td>620<\/td>\n<\/tr>\n<tr>\n<td width=\"293\">Max. DC voltage (V)<\/td>\n<td>1100<\/td>\n<\/tr>\n<tr>\n<td width=\"293\">Start-up voltage (V)<\/td>\n<td>180<\/td>\n<\/tr>\n<tr>\n<td>Max. short circuit current (A)<\/td>\n<td>40<\/td>\n<\/tr>\n<tr>\n<td>Max. input current (A)<\/td>\n<td>30<\/td>\n<\/tr>\n<tr>\n<td>MPPT voltage range (V)<\/td>\n<td>140-1100<\/td>\n<\/tr>\n<tr>\n<td>Max. input strings number<\/td>\n<td>4<\/td>\n<\/tr>\n<tr>\n<td>MPPT number\/String per MPPT<\/td>\n<td>2\/2<\/td>\n<\/tr>\n<tr>\n<td>Output AC<\/td>\n<td><\/td>\n<\/tr>\n<tr>\n<td>Rated output power (W)<\/td>\n<td>15000<\/td>\n<\/tr>\n<tr>\n<td>Max AC out (W)<\/td>\n<td>16500<\/td>\n<\/tr>\n<tr>\n<td>Nominal out Voltage (V)<\/td>\n<td>220\/380V, 230\/400V<\/td>\n<\/tr>\n<tr>\n<td>Max. output current (A)<\/td>\n<td>23,9<\/td>\n<\/tr>\n<tr>\n<td>Rated grid voltage<\/td>\n<td>3\/N\/PE<\/td>\n<\/tr>\n<tr>\n<td>Efficiency<\/td>\n<td><\/td>\n<\/tr>\n<tr>\n<td>Max.efficiency<\/td>\n<td>98.6%<\/td>\n<\/tr>\n<tr>\n<td>EU efficiency<\/td>\n<td>98.1%<\/td>\n<\/tr>\n<tr>\n<td>Protection<\/td>\n<td><\/td>\n<\/tr>\n<tr>\n<td>DC Switch<\/td>\n<td>Yes<\/td>\n<\/tr>\n<tr>\n<td>Short circuit protection<\/td>\n<td>Yes<\/td>\n<\/tr>\n<tr>\n<td>Output over current protection<\/td>\n<td>Yes<\/td>\n<\/tr>\n<tr>\n<td>Surge protection<\/td>\n<td>DC Type II \/ AC Type III<\/td>\n<\/tr>\n<tr>\n<td>Anti-islanding protection<\/td>\n<td>Yes<\/td>\n<\/tr>\n<tr>\n<td>String fault detaction<\/td>\n<td>Yes<\/td>\n<\/tr>\n<tr>\n<td>Temperature protection<\/td>\n<td>Yes<\/td>\n<\/tr>\n<tr>\n<td>Insulation detection<\/td>\n<td>Yes<\/td>\n<\/tr>\n<tr>\n<td>AC short circuit protection<\/td>\n<td>Yes<\/td>\n<\/tr>\n<tr>\n<td>Dimension<\/td>\n<td><\/td>\n<\/tr>\n<tr>\n<td>(DxWxH) mm<\/td>\n<td>380*483*183<\/td>\n<\/tr>\n<tr>\n<td>Weight (Kg)<\/td>\n<td>25<\/td>\n<\/tr>\n<tr>\n<td>Operating ambient temperature range<\/td>\n<td>-25~60\u2103<\/td>\n<\/tr>\n<tr>\n<td>Ingress protection<\/td>\n<td>Ip66<\/td>\n<\/tr>\n<tr>\n<td>Cooling concept<\/td>\n<td>Natural convection<\/td>\n<\/tr>\n<tr>\n<td>Features<\/td>\n<td><\/td>\n<\/tr>\n<tr>\n<td>DC connection<\/td>\n<td>MC4 connector<\/td>\n<\/tr>\n<tr>\n<td>Display<\/td>\n<td>LCD<\/td>\n<\/tr>\n<tr>\n<td>AC connection<\/td>\n<td width=\"179\">Quick connection plug<\/td>\n<\/tr>\n<tr>\n<td>Communication<\/td>\n<td width=\"179\">RS485, Optional: Wi-Fi, GPRS<\/td>\n<\/tr>\n<\/tbody>\n<\/table>","protected":false},"excerpt":{"rendered":"<p>On-GRID Inverter KSTAR este un dispozitiv de \u00eenalt\u0103 tehnologie cu caracteristici excelente pentru producerea de energie electric\u0103 din energia solar\u0103. Software-ul modern v\u0103 permite s\u0103 monitoriza\u021bi procesele \u0219i s\u0103 men\u021bine\u021bi \u00eenregistr\u0103ri sistematice. Invertorul are o garantie de 5 ani cu posibilitate de prelungire la 10 ani.<\/p>","protected":false},"featured_media":4711,"template":"","meta":{"site-sidebar-layout":"default","site-content-layout":"","ast-site-content-layout":"default","site-content-style":"default","site-sidebar-style":"default","ast-global-header-display":"","ast-banner-title-visibility":"","ast-main-header-display":"","ast-hfb-above-header-display":"","ast-hfb-below-header-display":"","ast-hfb-mobile-header-display":"","site-post-title":"","ast-breadcrumbs-content":"","ast-featured-img":"","footer-sml-layout":"","ast-disable-related-posts":"","theme-transparent-header-meta":"","adv-header-id-meta":"","stick-header-meta":"","header-above-stick-meta":"","header-main-stick-meta":"","header-below-stick-meta":"","astra-migrate-meta-layouts":"default","ast-page-background-enabled":"default","ast-page-background-meta":{"desktop":{"background-color":"var(--ast-global-color-5)","background-image":"","background-repeat":"repeat","background-position":"center center","background-size":"auto","background-attachment":"scroll","background-type":"","background-media":"","overlay-type":"","overlay-color":"","overlay-opacity":"","overlay-gradient":""},"tablet":{"background-color":"","background-image":"","background-repeat":"repeat","background-position":"center center","background-size":"auto","background-attachment":"scroll","background-type":"","background-media":"","overlay-type":"","overlay-color":"","overlay-opacity":"","overlay-gradient":""},"mobile":{"background-color":"","background-image":"","background-repeat":"repeat","background-position":"center center","background-size":"auto","background-attachment":"scroll","background-type":"","background-media":"","overlay-type":"","overlay-color":"","overlay-opacity":"","overlay-gradient":""}},"ast-content-background-meta":{"desktop":{"background-color":"var(--ast-global-color-4)","background-image":"","background-repeat":"repeat","background-position":"center center","background-size":"auto","background-attachment":"scroll","background-type":"","background-media":"","overlay-type":"","overlay-color":"","overlay-opacity":"","overlay-gradient":""},"tablet":{"background-color":"var(--ast-global-color-4)","background-image":"","background-repeat":"repeat","background-position":"center center","background-size":"auto","background-attachment":"scroll","background-type":"","background-media":"","overlay-type":"","overlay-color":"","overlay-opacity":"","overlay-gradient":""},"mobile":{"background-color":"var(--ast-global-color-4)","background-image":"","background-repeat":"repeat","background-position":"center center","background-size":"auto","background-attachment":"scroll","background-type":"","background-media":"","overlay-type":"","overlay-color":"","overlay-opacity":"","overlay-gradient":""}}},"product_brand":[],"product_cat":[25],"product_tag":[],"yst_prominent_words":[],"class_list":{"0":"post-4712","1":"product","2":"type-product","3":"status-publish","4":"has-post-thumbnail","6":"product_cat-invertory","7":"desktop-align-left","8":"tablet-align-left","9":"mobile-align-left","11":"first","12":"instock","13":"shipping-taxable","14":"purchasable","15":"product-type-simple"},"_links":{"self":[{"href":"https:\/\/solars.md\/ro\/wp-json\/wp\/v2\/product\/4712","targetHints":{"allow":["GET"]}}],"collection":[{"href":"https:\/\/solars.md\/ro\/wp-json\/wp\/v2\/product"}],"about":[{"href":"https:\/\/solars.md\/ro\/wp-json\/wp\/v2\/types\/product"}],"wp:featuredmedia":[{"embeddable":true,"href":"https:\/\/solars.md\/ro\/wp-json\/wp\/v2\/media\/4711"}],"wp:attachment":[{"href":"https:\/\/solars.md\/ro\/wp-json\/wp\/v2\/media?parent=4712"}],"wp:term":[{"taxonomy":"product_brand","embeddable":true,"href":"https:\/\/solars.md\/ro\/wp-json\/wp\/v2\/product_brand?post=4712"},{"taxonomy":"product_cat","embeddable":true,"href":"https:\/\/solars.md\/ro\/wp-json\/wp\/v2\/product_cat?post=4712"},{"taxonomy":"product_tag","embeddable":true,"href":"https:\/\/solars.md\/ro\/wp-json\/wp\/v2\/product_tag?post=4712"},{"taxonomy":"yst_prominent_words","embeddable":true,"href":"https:\/\/solars.md\/ro\/wp-json\/wp\/v2\/yst_prominent_words?post=4712"}],"curies":[{"name":"wp","href":"https:\/\/api.w.org\/{rel}","templated":true}]}}