{"id":4845,"date":"2023-02-20T17:40:18","date_gmt":"2023-02-20T14:40:18","guid":{"rendered":"https:\/\/solars.md\/?post_type=product&#038;p=4845"},"modified":"2026-05-05T18:05:53","modified_gmt":"2026-05-05T15:05:53","slug":"inverter-infinisolar-vii-3p9kw-hybrid","status":"publish","type":"product","link":"https:\/\/solars.md\/ro\/produs\/inverter-infinisolar-vii-3p9kw-hybrid\/","title":{"rendered":"Inverter InfiniSolar VII 3P9kW Hybrid"},"content":{"rendered":"<table style=\"height: 2166px;\" width=\"528\">\n<tbody>\n<tr style=\"height: 57px;\">\n<td style=\"height: 57px; width: 1114px;\" colspan=\"2\">Caracteristici<\/td>\n<\/tr>\n<tr style=\"height: 57px;\">\n<td style=\"height: 57px; width: 850.266px;\">Phaze<\/td>\n<td style=\"height: 57px; width: 263.734px;\">3<\/td>\n<\/tr>\n<tr style=\"height: 57px;\">\n<td style=\"height: 57px; width: 850.266px;\">input DC<\/td>\n<td style=\"height: 57px; width: 263.734px;\"><\/td>\n<\/tr>\n<tr style=\"height: 57px;\">\n<td style=\"height: 57px; width: 850.266px;\">Max PV power (W)<\/td>\n<td style=\"height: 57px; width: 263.734px;\">12000<\/td>\n<\/tr>\n<tr style=\"height: 57px;\">\n<td style=\"height: 57px; width: 850.266px;\">Rated voltage (V)<\/td>\n<td style=\"height: 57px; width: 263.734px;\">120-430VDC<\/td>\n<\/tr>\n<tr style=\"height: 57px;\">\n<td style=\"height: 57px; width: 850.266px;\">Max. input voltage (V)<\/td>\n<td style=\"height: 57px; width: 263.734px;\">450VDC<\/td>\n<\/tr>\n<tr style=\"height: 57px;\">\n<td style=\"height: 57px; width: 850.266px;\">Start-up voltage (V)<\/td>\n<td style=\"height: 57px; width: 263.734px;\">130VDC<\/td>\n<\/tr>\n<tr style=\"height: 57px;\">\n<td style=\"height: 57px; width: 850.266px;\">MPPT track<\/td>\n<td style=\"height: 57px; width: 263.734px;\">3<\/td>\n<\/tr>\n<tr style=\"height: 57px;\">\n<td style=\"height: 57px; width: 850.266px;\">Max. input current (A)<\/td>\n<td style=\"height: 57px; width: 263.734px;\">16<\/td>\n<\/tr>\n<tr style=\"height: 57px;\">\n<td style=\"height: 57px; width: 850.266px;\">Max. input strings number<\/td>\n<td style=\"height: 57px; width: 263.734px;\">1<\/td>\n<\/tr>\n<tr style=\"height: 57px;\">\n<td style=\"height: 57px; width: 850.266px;\">Bat. Data<\/td>\n<td style=\"height: 57px; width: 263.734px;\"><\/td>\n<\/tr>\n<tr style=\"height: 57px;\">\n<td style=\"height: 57px; width: 850.266px;\">Bat. Voltage<\/td>\n<td style=\"height: 57px; width: 263.734px;\">48VDC<\/td>\n<\/tr>\n<tr style=\"height: 57px;\">\n<td style=\"height: 57px; width: 850.266px;\">Max. Solar Charging Carent<\/td>\n<td style=\"height: 57px; width: 263.734px;\">180A<\/td>\n<\/tr>\n<tr style=\"height: 57px;\">\n<td style=\"height: 57px; width: 850.266px;\">Max. AC Charging Carent<\/td>\n<td style=\"height: 57px; width: 263.734px;\">180A<\/td>\n<\/tr>\n<tr style=\"height: 57px;\">\n<td style=\"height: 57px; width: 850.266px;\">Max. Charging Carent<\/td>\n<td style=\"height: 57px; width: 263.734px;\">180A<\/td>\n<\/tr>\n<tr style=\"height: 57px;\">\n<td style=\"height: 57px; width: 850.266px;\">Output AC<\/td>\n<td style=\"height: 57px; width: 263.734px;\"><\/td>\n<\/tr>\n<tr style=\"height: 57px;\">\n<td style=\"height: 57px; width: 850.266px;\">Rated output power (W)<\/td>\n<td style=\"height: 57px; width: 263.734px;\">9000<\/td>\n<\/tr>\n<tr style=\"height: 57px;\">\n<td style=\"height: 57px; width: 850.266px;\">Nominal out Voltage (V)<\/td>\n<td style=\"height: 57px; width: 263.734px;\">220\/230\/240VAC(P-N) 380\/400\/415VAC(P-P)<\/td>\n<\/tr>\n<tr style=\"height: 57px;\">\n<td style=\"height: 57px; width: 850.266px;\">Max. output current (A)<\/td>\n<td style=\"height: 57px; width: 263.734px;\">13 per phase<\/td>\n<\/tr>\n<tr style=\"height: 57px;\">\n<td style=\"height: 57px; width: 850.266px;\">Input AC Data<\/td>\n<td style=\"height: 57px; width: 263.734px;\"><\/td>\n<\/tr>\n<tr style=\"height: 57px;\">\n<td style=\"height: 57px; width: 850.266px;\">Nominal in Voltage<\/td>\n<td style=\"height: 57px; width: 263.734px;\">90-280V<\/td>\n<\/tr>\n<tr style=\"height: 57px;\">\n<td style=\"height: 57px; width: 850.266px;\">Maximal Current (A)<\/td>\n<td style=\"height: 57px; width: 263.734px;\">30<\/td>\n<\/tr>\n<tr style=\"height: 57px;\">\n<td style=\"height: 57px; width: 850.266px;\">Rated grid voltage<\/td>\n<td style=\"height: 57px; width: 263.734px;\">3\/N\/PE<\/td>\n<\/tr>\n<tr style=\"height: 57px;\">\n<td style=\"height: 57px; width: 850.266px;\">Efficiency<\/td>\n<td style=\"height: 57px; width: 263.734px;\"><\/td>\n<\/tr>\n<tr style=\"height: 57px;\">\n<td style=\"height: 57px; width: 850.266px;\">Max.efficiency<\/td>\n<td style=\"height: 57px; width: 263.734px;\">93%<\/td>\n<\/tr>\n<tr style=\"height: 57px;\">\n<td style=\"height: 57px; width: 850.266px;\">EU efficiency<\/td>\n<td style=\"height: 57px; width: 263.734px;\">93%<\/td>\n<\/tr>\n<tr style=\"height: 57px;\">\n<td style=\"height: 57px; width: 850.266px;\">Dimension<\/td>\n<td style=\"height: 57px; width: 263.734px;\"><\/td>\n<\/tr>\n<tr style=\"height: 57px;\">\n<td style=\"height: 57px; width: 850.266px;\">(DxWxH) mm<\/td>\n<td style=\"height: 57px; width: 263.734px;\">588*260*655<\/td>\n<\/tr>\n<tr style=\"height: 57px;\">\n<td style=\"height: 57px; width: 850.266px;\">Weight (Kg)<\/td>\n<td style=\"height: 57px; width: 263.734px;\">38<\/td>\n<\/tr>\n<tr style=\"height: 57px;\">\n<td style=\"height: 57px; width: 850.266px;\">Operating ambient temperature range<\/td>\n<td style=\"height: 57px; width: 263.734px;\">-25~60\u2103<\/td>\n<\/tr>\n<tr style=\"height: 57px;\">\n<td style=\"height: 57px; width: 850.266px;\">Ingress protection<\/td>\n<td style=\"height: 57px; width: 263.734px;\">Ip41<\/td>\n<\/tr>\n<tr style=\"height: 57px;\">\n<td style=\"height: 57px; width: 850.266px;\">Cooling concept<\/td>\n<td style=\"height: 57px; width: 263.734px;\">Natural convection<\/td>\n<\/tr>\n<tr style=\"height: 57px;\">\n<td style=\"height: 57px; width: 850.266px;\">Features<\/td>\n<td style=\"height: 57px; width: 263.734px;\"><\/td>\n<\/tr>\n<tr style=\"height: 57px;\">\n<td style=\"height: 57px; width: 850.266px;\">DC connection<\/td>\n<td style=\"height: 57px; width: 263.734px;\">MC4 connector<\/td>\n<\/tr>\n<tr style=\"height: 57px;\">\n<td style=\"height: 57px; width: 850.266px;\">Display<\/td>\n<td style=\"height: 57px; width: 263.734px;\">LCD<\/td>\n<\/tr>\n<tr style=\"height: 57px;\">\n<td style=\"height: 57px; width: 850.266px;\">AC connection<\/td>\n<td style=\"height: 57px; width: 263.734px;\">Quick connection plug<\/td>\n<\/tr>\n<tr style=\"height: 57px;\">\n<td style=\"height: 57px; width: 850.266px;\">Communication<\/td>\n<td style=\"height: 57px; width: 263.734px;\">USB\/RS232 and dry contact<\/td>\n<\/tr>\n<tr style=\"height: 57px;\">\n<td style=\"height: 57px; width: 850.266px;\">Paralel mode<\/td>\n<td style=\"height: 57px; width: 263.734px;\">3 units<\/td>\n<\/tr>\n<\/tbody>\n<\/table>","protected":false},"excerpt":{"rendered":"<p>Invertor InfiniSolar V II 3P 9kW- Invertor hibrid cu capacitatea de a func\u021biona autonom de la o baterie, precum \u0219i de a exporta excesul de energie \u00een re\u021beaua ora\u0219ului. O gam\u0103 larg\u0103 de set\u0103ri \u0219i un pre\u021b accesibil \u00eel fac o alegere excelent\u0103 pentru cas\u0103.<\/p>","protected":false},"featured_media":4846,"template":"","meta":{"site-sidebar-layout":"default","site-content-layout":"","ast-site-content-layout":"default","site-content-style":"default","site-sidebar-style":"default","ast-global-header-display":"","ast-banner-title-visibility":"","ast-main-header-display":"","ast-hfb-above-header-display":"","ast-hfb-below-header-display":"","ast-hfb-mobile-header-display":"","site-post-title":"","ast-breadcrumbs-content":"","ast-featured-img":"","footer-sml-layout":"","ast-disable-related-posts":"","theme-transparent-header-meta":"","adv-header-id-meta":"","stick-header-meta":"","header-above-stick-meta":"","header-main-stick-meta":"","header-below-stick-meta":"","astra-migrate-meta-layouts":"default","ast-page-background-enabled":"default","ast-page-background-meta":{"desktop":{"background-color":"var(--ast-global-color-5)","background-image":"","background-repeat":"repeat","background-position":"center center","background-size":"auto","background-attachment":"scroll","background-type":"","background-media":"","overlay-type":"","overlay-color":"","overlay-opacity":"","overlay-gradient":""},"tablet":{"background-color":"","background-image":"","background-repeat":"repeat","background-position":"center center","background-size":"auto","background-attachment":"scroll","background-type":"","background-media":"","overlay-type":"","overlay-color":"","overlay-opacity":"","overlay-gradient":""},"mobile":{"background-color":"","background-image":"","background-repeat":"repeat","background-position":"center center","background-size":"auto","background-attachment":"scroll","background-type":"","background-media":"","overlay-type":"","overlay-color":"","overlay-opacity":"","overlay-gradient":""}},"ast-content-background-meta":{"desktop":{"background-color":"var(--ast-global-color-4)","background-image":"","background-repeat":"repeat","background-position":"center center","background-size":"auto","background-attachment":"scroll","background-type":"","background-media":"","overlay-type":"","overlay-color":"","overlay-opacity":"","overlay-gradient":""},"tablet":{"background-color":"var(--ast-global-color-4)","background-image":"","background-repeat":"repeat","background-position":"center center","background-size":"auto","background-attachment":"scroll","background-type":"","background-media":"","overlay-type":"","overlay-color":"","overlay-opacity":"","overlay-gradient":""},"mobile":{"background-color":"var(--ast-global-color-4)","background-image":"","background-repeat":"repeat","background-position":"center center","background-size":"auto","background-attachment":"scroll","background-type":"","background-media":"","overlay-type":"","overlay-color":"","overlay-opacity":"","overlay-gradient":""}}},"product_brand":[],"product_cat":[25],"product_tag":[],"yst_prominent_words":[],"class_list":{"0":"post-4845","1":"product","2":"type-product","3":"status-publish","4":"has-post-thumbnail","6":"product_cat-invertory","7":"desktop-align-left","8":"tablet-align-left","9":"mobile-align-left","11":"first","12":"instock","13":"shipping-taxable","14":"purchasable","15":"product-type-simple"},"_links":{"self":[{"href":"https:\/\/solars.md\/ro\/wp-json\/wp\/v2\/product\/4845","targetHints":{"allow":["GET"]}}],"collection":[{"href":"https:\/\/solars.md\/ro\/wp-json\/wp\/v2\/product"}],"about":[{"href":"https:\/\/solars.md\/ro\/wp-json\/wp\/v2\/types\/product"}],"wp:featuredmedia":[{"embeddable":true,"href":"https:\/\/solars.md\/ro\/wp-json\/wp\/v2\/media\/4846"}],"wp:attachment":[{"href":"https:\/\/solars.md\/ro\/wp-json\/wp\/v2\/media?parent=4845"}],"wp:term":[{"taxonomy":"product_brand","embeddable":true,"href":"https:\/\/solars.md\/ro\/wp-json\/wp\/v2\/product_brand?post=4845"},{"taxonomy":"product_cat","embeddable":true,"href":"https:\/\/solars.md\/ro\/wp-json\/wp\/v2\/product_cat?post=4845"},{"taxonomy":"product_tag","embeddable":true,"href":"https:\/\/solars.md\/ro\/wp-json\/wp\/v2\/product_tag?post=4845"},{"taxonomy":"yst_prominent_words","embeddable":true,"href":"https:\/\/solars.md\/ro\/wp-json\/wp\/v2\/yst_prominent_words?post=4845"}],"curies":[{"name":"wp","href":"https:\/\/api.w.org\/{rel}","templated":true}]}}