{"id":5040,"date":"2023-05-16T14:22:16","date_gmt":"2023-05-16T11:22:16","guid":{"rendered":"https:\/\/solars.md\/?post_type=product&#038;p=5040"},"modified":"2026-05-05T18:06:52","modified_gmt":"2026-05-05T15:06:52","slug":"kstar-blue-20ktl-m1","status":"publish","type":"product","link":"https:\/\/solars.md\/ro\/produs\/kstar-blue-20ktl-m1\/","title":{"rendered":"KSTAR BluE-20KT-M1"},"content":{"rendered":"<table style=\"height: 2337px;\" width=\"472\">\n<tbody>\n<tr style=\"height: 57px;\">\n<td style=\"height: 57px; width: 1114px;\" colspan=\"2\">Caracteristici<\/td>\n<\/tr>\n<tr style=\"height: 57px;\">\n<td style=\"height: 57px; width: 691.516px;\">input DC<\/td>\n<td style=\"height: 57px; width: 422.484px;\"><\/td>\n<\/tr>\n<tr style=\"height: 57px;\">\n<td style=\"height: 57px; width: 691.516px;\">Max PV power (W)<\/td>\n<td style=\"height: 57px; width: 422.484px;\">21500<\/td>\n<\/tr>\n<tr style=\"height: 57px;\">\n<td style=\"height: 57px; width: 691.516px;\">Rated voltage (V)<\/td>\n<td style=\"height: 57px; width: 422.484px;\">620<\/td>\n<\/tr>\n<tr style=\"height: 57px;\">\n<td style=\"height: 57px; width: 691.516px;\">Max. DC voltage (V)<\/td>\n<td style=\"height: 57px; width: 422.484px;\">1100<\/td>\n<\/tr>\n<tr style=\"height: 57px;\">\n<td style=\"height: 57px; width: 691.516px;\">Start-up voltage (V)<\/td>\n<td style=\"height: 57px; width: 422.484px;\">250<\/td>\n<\/tr>\n<tr style=\"height: 57px;\">\n<td style=\"height: 57px; width: 691.516px;\">Max. short circuit current (A)<\/td>\n<td style=\"height: 57px; width: 422.484px;\">40<\/td>\n<\/tr>\n<tr style=\"height: 57px;\">\n<td style=\"height: 57px; width: 691.516px;\">Max. input current (A)<\/td>\n<td style=\"height: 57px; width: 422.484px;\">30<\/td>\n<\/tr>\n<tr style=\"height: 57px;\">\n<td style=\"height: 57px; width: 691.516px;\">MPPT voltage range (V)<\/td>\n<td style=\"height: 57px; width: 422.484px;\">140-1000<\/td>\n<\/tr>\n<tr style=\"height: 57px;\">\n<td style=\"height: 57px; width: 691.516px;\">Max. input strings number<\/td>\n<td style=\"height: 57px; width: 422.484px;\">2<\/td>\n<\/tr>\n<tr style=\"height: 57px;\">\n<td style=\"height: 57px; width: 691.516px;\">MPPT number\/String per MPPT<\/td>\n<td style=\"height: 57px; width: 422.484px;\">2\/2<\/td>\n<\/tr>\n<tr style=\"height: 57px;\">\n<td style=\"height: 57px; width: 691.516px;\">Output AC<\/td>\n<td style=\"height: 57px; width: 422.484px;\"><\/td>\n<\/tr>\n<tr style=\"height: 57px;\">\n<td style=\"height: 57px; width: 691.516px;\">Rated output power (W)<\/td>\n<td style=\"height: 57px; width: 422.484px;\">20000<\/td>\n<\/tr>\n<tr style=\"height: 57px;\">\n<td style=\"height: 57px; width: 691.516px;\">Max AC out (VA)<\/td>\n<td style=\"height: 57px; width: 422.484px;\">22000<\/td>\n<\/tr>\n<tr style=\"height: 57px;\">\n<td style=\"height: 57px; width: 691.516px;\">Nominal out Voltage (V)<\/td>\n<td style=\"height: 57px; width: 422.484px;\">220\/380V, 230\/400V<\/td>\n<\/tr>\n<tr style=\"height: 57px;\">\n<td style=\"height: 57px; width: 691.516px;\">Max. output current (A)<\/td>\n<td style=\"height: 57px; width: 422.484px;\">31.9<\/td>\n<\/tr>\n<tr style=\"height: 57px;\">\n<td style=\"height: 57px; width: 691.516px;\">Rated grid voltage<\/td>\n<td style=\"height: 57px; width: 422.484px;\">3\/N\/PE<\/td>\n<\/tr>\n<tr style=\"height: 57px;\">\n<td style=\"height: 57px; width: 691.516px;\">Efficiency<\/td>\n<td style=\"height: 57px; width: 422.484px;\"><\/td>\n<\/tr>\n<tr style=\"height: 57px;\">\n<td style=\"height: 57px; width: 691.516px;\">Max.efficiency<\/td>\n<td style=\"height: 57px; width: 422.484px;\">98.6%<\/td>\n<\/tr>\n<tr style=\"height: 57px;\">\n<td style=\"height: 57px; width: 691.516px;\">EU efficiency<\/td>\n<td style=\"height: 57px; width: 422.484px;\">98.1%<\/td>\n<\/tr>\n<tr style=\"height: 57px;\">\n<td style=\"height: 57px; width: 691.516px;\">Protection<\/td>\n<td style=\"height: 57px; width: 422.484px;\"><\/td>\n<\/tr>\n<tr style=\"height: 57px;\">\n<td style=\"height: 57px; width: 691.516px;\">DC Switch<\/td>\n<td style=\"height: 57px; width: 422.484px;\">Yes<\/td>\n<\/tr>\n<tr style=\"height: 57px;\">\n<td style=\"height: 57px; width: 691.516px;\">Short circuit protection<\/td>\n<td style=\"height: 57px; width: 422.484px;\">Yes<\/td>\n<\/tr>\n<tr style=\"height: 57px;\">\n<td style=\"height: 57px; width: 691.516px;\">Output over current protection<\/td>\n<td style=\"height: 57px; width: 422.484px;\">Yes<\/td>\n<\/tr>\n<tr style=\"height: 57px;\">\n<td style=\"height: 57px; width: 691.516px;\">Surge protection<\/td>\n<td style=\"height: 57px; width: 422.484px;\">DC Type II \/ AC Type III<\/td>\n<\/tr>\n<tr style=\"height: 57px;\">\n<td style=\"height: 57px; width: 691.516px;\">Anti-islanding protection<\/td>\n<td style=\"height: 57px; width: 422.484px;\">Yes<\/td>\n<\/tr>\n<tr style=\"height: 57px;\">\n<td style=\"height: 57px; width: 691.516px;\">String fault detaction<\/td>\n<td style=\"height: 57px; width: 422.484px;\">Yes<\/td>\n<\/tr>\n<tr style=\"height: 57px;\">\n<td style=\"height: 57px; width: 691.516px;\">Temperature protection<\/td>\n<td style=\"height: 57px; width: 422.484px;\">Yes<\/td>\n<\/tr>\n<tr style=\"height: 57px;\">\n<td style=\"height: 57px; width: 691.516px;\">Insulation detection<\/td>\n<td style=\"height: 57px; width: 422.484px;\">Yes<\/td>\n<\/tr>\n<tr style=\"height: 57px;\">\n<td style=\"height: 57px; width: 691.516px;\">AC short circuit protection<\/td>\n<td style=\"height: 57px; width: 422.484px;\">Yes<\/td>\n<\/tr>\n<tr style=\"height: 57px;\">\n<td style=\"height: 57px; width: 691.516px;\">Dimension<\/td>\n<td style=\"height: 57px; width: 422.484px;\"><\/td>\n<\/tr>\n<tr style=\"height: 57px;\">\n<td style=\"height: 57px; width: 691.516px;\">(DxWxH) mm<\/td>\n<td style=\"height: 57px; width: 422.484px;\">380*483*193<\/td>\n<\/tr>\n<tr style=\"height: 57px;\">\n<td style=\"height: 57px; width: 691.516px;\">Weight (Kg)<\/td>\n<td style=\"height: 57px; width: 422.484px;\">20<\/td>\n<\/tr>\n<tr style=\"height: 57px;\">\n<td style=\"height: 57px; width: 691.516px;\">Operating ambient temperature range<\/td>\n<td style=\"height: 57px; width: 422.484px;\">-25~60\u2103<\/td>\n<\/tr>\n<tr style=\"height: 57px;\">\n<td style=\"height: 57px; width: 691.516px;\">Ingress protection<\/td>\n<td style=\"height: 57px; width: 422.484px;\">Ip66<\/td>\n<\/tr>\n<tr style=\"height: 57px;\">\n<td style=\"height: 57px; width: 691.516px;\">Cooling concept<\/td>\n<td style=\"height: 57px; width: 422.484px;\">Natural convection<\/td>\n<\/tr>\n<tr style=\"height: 57px;\">\n<td style=\"height: 57px; width: 691.516px;\">Features<\/td>\n<td style=\"height: 57px; width: 422.484px;\"><\/td>\n<\/tr>\n<tr style=\"height: 57px;\">\n<td style=\"height: 57px; width: 691.516px;\">DC connection<\/td>\n<td style=\"height: 57px; width: 422.484px;\">MC4 connector<\/td>\n<\/tr>\n<tr style=\"height: 57px;\">\n<td style=\"height: 57px; width: 691.516px;\">Display<\/td>\n<td style=\"height: 57px; width: 422.484px;\">LCD<\/td>\n<\/tr>\n<tr style=\"height: 57px;\">\n<td style=\"height: 57px; width: 691.516px;\">AC connection<\/td>\n<td style=\"height: 57px; width: 422.484px;\">Quick connection plug<\/td>\n<\/tr>\n<tr style=\"height: 57px;\">\n<td style=\"height: 57px; width: 691.516px;\">Communication<\/td>\n<td style=\"height: 57px; width: 422.484px;\">RS485, Optional: Wi-Fi, GPRS<\/td>\n<\/tr>\n<\/tbody>\n<\/table>","protected":false},"excerpt":{"rendered":"<p>On-GRID Inverter KSTAR este un dispozitiv de \u00eenalt\u0103 tehnologie cu caracteristici excelente pentru producerea de energie electric\u0103 din energia solar\u0103. Software-ul modern v\u0103 permite s\u0103 monitoriza\u021bi procesele \u0219i s\u0103 men\u021bine\u021bi \u00eenregistr\u0103ri sistematice. Invertorul are o garantie de 5 ani cu posibilitate de prelungire la 10 ani.<\/p>","protected":false},"featured_media":4711,"template":"","meta":{"site-sidebar-layout":"default","site-content-layout":"","ast-site-content-layout":"default","site-content-style":"default","site-sidebar-style":"default","ast-global-header-display":"","ast-banner-title-visibility":"","ast-main-header-display":"","ast-hfb-above-header-display":"","ast-hfb-below-header-display":"","ast-hfb-mobile-header-display":"","site-post-title":"","ast-breadcrumbs-content":"","ast-featured-img":"","footer-sml-layout":"","ast-disable-related-posts":"","theme-transparent-header-meta":"","adv-header-id-meta":"","stick-header-meta":"","header-above-stick-meta":"","header-main-stick-meta":"","header-below-stick-meta":"","astra-migrate-meta-layouts":"default","ast-page-background-enabled":"default","ast-page-background-meta":{"desktop":{"background-color":"var(--ast-global-color-5)","background-image":"","background-repeat":"repeat","background-position":"center center","background-size":"auto","background-attachment":"scroll","background-type":"","background-media":"","overlay-type":"","overlay-color":"","overlay-opacity":"","overlay-gradient":""},"tablet":{"background-color":"","background-image":"","background-repeat":"repeat","background-position":"center center","background-size":"auto","background-attachment":"scroll","background-type":"","background-media":"","overlay-type":"","overlay-color":"","overlay-opacity":"","overlay-gradient":""},"mobile":{"background-color":"","background-image":"","background-repeat":"repeat","background-position":"center center","background-size":"auto","background-attachment":"scroll","background-type":"","background-media":"","overlay-type":"","overlay-color":"","overlay-opacity":"","overlay-gradient":""}},"ast-content-background-meta":{"desktop":{"background-color":"var(--ast-global-color-4)","background-image":"","background-repeat":"repeat","background-position":"center center","background-size":"auto","background-attachment":"scroll","background-type":"","background-media":"","overlay-type":"","overlay-color":"","overlay-opacity":"","overlay-gradient":""},"tablet":{"background-color":"var(--ast-global-color-4)","background-image":"","background-repeat":"repeat","background-position":"center center","background-size":"auto","background-attachment":"scroll","background-type":"","background-media":"","overlay-type":"","overlay-color":"","overlay-opacity":"","overlay-gradient":""},"mobile":{"background-color":"var(--ast-global-color-4)","background-image":"","background-repeat":"repeat","background-position":"center center","background-size":"auto","background-attachment":"scroll","background-type":"","background-media":"","overlay-type":"","overlay-color":"","overlay-opacity":"","overlay-gradient":""}}},"product_brand":[],"product_cat":[25],"product_tag":[],"yst_prominent_words":[],"class_list":{"0":"post-5040","1":"product","2":"type-product","3":"status-publish","4":"has-post-thumbnail","6":"product_cat-invertory","7":"desktop-align-left","8":"tablet-align-left","9":"mobile-align-left","11":"first","12":"outofstock","13":"shipping-taxable","14":"purchasable","15":"product-type-simple"},"_links":{"self":[{"href":"https:\/\/solars.md\/ro\/wp-json\/wp\/v2\/product\/5040","targetHints":{"allow":["GET"]}}],"collection":[{"href":"https:\/\/solars.md\/ro\/wp-json\/wp\/v2\/product"}],"about":[{"href":"https:\/\/solars.md\/ro\/wp-json\/wp\/v2\/types\/product"}],"wp:featuredmedia":[{"embeddable":true,"href":"https:\/\/solars.md\/ro\/wp-json\/wp\/v2\/media\/4711"}],"wp:attachment":[{"href":"https:\/\/solars.md\/ro\/wp-json\/wp\/v2\/media?parent=5040"}],"wp:term":[{"taxonomy":"product_brand","embeddable":true,"href":"https:\/\/solars.md\/ro\/wp-json\/wp\/v2\/product_brand?post=5040"},{"taxonomy":"product_cat","embeddable":true,"href":"https:\/\/solars.md\/ro\/wp-json\/wp\/v2\/product_cat?post=5040"},{"taxonomy":"product_tag","embeddable":true,"href":"https:\/\/solars.md\/ro\/wp-json\/wp\/v2\/product_tag?post=5040"},{"taxonomy":"yst_prominent_words","embeddable":true,"href":"https:\/\/solars.md\/ro\/wp-json\/wp\/v2\/yst_prominent_words?post=5040"}],"curies":[{"name":"wp","href":"https:\/\/api.w.org\/{rel}","templated":true}]}}