{"id":5042,"date":"2023-05-16T14:43:48","date_gmt":"2023-05-16T11:43:48","guid":{"rendered":"https:\/\/solars.md\/?post_type=product&#038;p=5042"},"modified":"2026-05-05T17:18:57","modified_gmt":"2026-05-05T14:18:57","slug":"kstar-blue-40kt-m1","status":"publish","type":"product","link":"https:\/\/solars.md\/ro\/product\/kstar-blue-40kt-m1\/","title":{"rendered":"KSTAR BluE-40KT-M1"},"content":{"rendered":"<table style=\"height: 2337px;\" width=\"472\">\n<tbody>\n<tr style=\"height: 57px;\">\n<td style=\"height: 57px; width: 1114px;\" colspan=\"2\">Caracteristici<\/td>\n<\/tr>\n<tr style=\"height: 57px;\">\n<td style=\"height: 57px; width: 691.516px;\">input DC<\/td>\n<td style=\"height: 57px; width: 422.484px;\"><\/td>\n<\/tr>\n<tr style=\"height: 57px;\">\n<td style=\"height: 57px; width: 691.516px;\">Max PV power (W)<\/td>\n<td style=\"height: 57px; width: 422.484px;\">42000<\/td>\n<\/tr>\n<tr style=\"height: 57px;\">\n<td style=\"height: 57px; width: 691.516px;\">Rated voltage (V)<\/td>\n<td style=\"height: 57px; width: 422.484px;\">620<\/td>\n<\/tr>\n<tr style=\"height: 57px;\">\n<td style=\"height: 57px; width: 691.516px;\">Max. DC voltage (V)<\/td>\n<td style=\"height: 57px; width: 422.484px;\">1100<\/td>\n<\/tr>\n<tr style=\"height: 57px;\">\n<td style=\"height: 57px; width: 691.516px;\">Start-up voltage (V)<\/td>\n<td style=\"height: 57px; width: 422.484px;\">250<\/td>\n<\/tr>\n<tr style=\"height: 57px;\">\n<td style=\"height: 57px; width: 691.516px;\">Max. short circuit current (A)<\/td>\n<td style=\"height: 57px; width: 422.484px;\">40<\/td>\n<\/tr>\n<tr style=\"height: 57px;\">\n<td style=\"height: 57px; width: 691.516px;\">Max. input current (A)<\/td>\n<td style=\"height: 57px; width: 422.484px;\">30<\/td>\n<\/tr>\n<tr style=\"height: 57px;\">\n<td style=\"height: 57px; width: 691.516px;\">MPPT voltage range (V)<\/td>\n<td style=\"height: 57px; width: 422.484px;\">140-1000<\/td>\n<\/tr>\n<tr style=\"height: 57px;\">\n<td style=\"height: 57px; width: 691.516px;\">Max. input strings number<\/td>\n<td style=\"height: 57px; width: 422.484px;\">3<\/td>\n<\/tr>\n<tr style=\"height: 57px;\">\n<td style=\"height: 57px; width: 691.516px;\">MPPT number\/String per MPPT<\/td>\n<td style=\"height: 57px; width: 422.484px;\">3\/2<\/td>\n<\/tr>\n<tr style=\"height: 57px;\">\n<td style=\"height: 57px; width: 691.516px;\">Output AC<\/td>\n<td style=\"height: 57px; width: 422.484px;\"><\/td>\n<\/tr>\n<tr style=\"height: 57px;\">\n<td style=\"height: 57px; width: 691.516px;\">Rated output power (W)<\/td>\n<td style=\"height: 57px; width: 422.484px;\">40000<\/td>\n<\/tr>\n<tr style=\"height: 57px;\">\n<td style=\"height: 57px; width: 691.516px;\">Max AC out (VA)<\/td>\n<td style=\"height: 57px; width: 422.484px;\">44000<\/td>\n<\/tr>\n<tr style=\"height: 57px;\">\n<td style=\"height: 57px; width: 691.516px;\">Nominal out Voltage (V)<\/td>\n<td style=\"height: 57px; width: 422.484px;\">220\/380V, 230\/400V<\/td>\n<\/tr>\n<tr style=\"height: 57px;\">\n<td style=\"height: 57px; width: 691.516px;\">Max. output current (A)<\/td>\n<td style=\"height: 57px; width: 422.484px;\">63.8<\/td>\n<\/tr>\n<tr style=\"height: 57px;\">\n<td style=\"height: 57px; width: 691.516px;\">Rated grid voltage<\/td>\n<td style=\"height: 57px; width: 422.484px;\">3\/N\/PE<\/td>\n<\/tr>\n<tr style=\"height: 57px;\">\n<td style=\"height: 57px; width: 691.516px;\">Efficiency<\/td>\n<td style=\"height: 57px; width: 422.484px;\"><\/td>\n<\/tr>\n<tr style=\"height: 57px;\">\n<td style=\"height: 57px; width: 691.516px;\">Max.efficiency<\/td>\n<td style=\"height: 57px; width: 422.484px;\">98.6%<\/td>\n<\/tr>\n<tr style=\"height: 57px;\">\n<td style=\"height: 57px; width: 691.516px;\">EU efficiency<\/td>\n<td style=\"height: 57px; width: 422.484px;\">98.1%<\/td>\n<\/tr>\n<tr style=\"height: 57px;\">\n<td style=\"height: 57px; width: 691.516px;\">Protection<\/td>\n<td style=\"height: 57px; width: 422.484px;\"><\/td>\n<\/tr>\n<tr style=\"height: 57px;\">\n<td style=\"height: 57px; width: 691.516px;\">DC Switch<\/td>\n<td style=\"height: 57px; width: 422.484px;\">Yes<\/td>\n<\/tr>\n<tr style=\"height: 57px;\">\n<td style=\"height: 57px; width: 691.516px;\">Short circuit protection<\/td>\n<td style=\"height: 57px; width: 422.484px;\">Yes<\/td>\n<\/tr>\n<tr style=\"height: 57px;\">\n<td style=\"height: 57px; width: 691.516px;\">Output over current protection<\/td>\n<td style=\"height: 57px; width: 422.484px;\">Yes<\/td>\n<\/tr>\n<tr style=\"height: 57px;\">\n<td style=\"height: 57px; width: 691.516px;\">Surge protection<\/td>\n<td style=\"height: 57px; width: 422.484px;\">DC Type II \/ AC Type III<\/td>\n<\/tr>\n<tr style=\"height: 57px;\">\n<td style=\"height: 57px; width: 691.516px;\">Anti-islanding protection<\/td>\n<td style=\"height: 57px; width: 422.484px;\">Yes<\/td>\n<\/tr>\n<tr style=\"height: 57px;\">\n<td style=\"height: 57px; width: 691.516px;\">String fault detaction<\/td>\n<td style=\"height: 57px; width: 422.484px;\">Yes<\/td>\n<\/tr>\n<tr style=\"height: 57px;\">\n<td style=\"height: 57px; width: 691.516px;\">Temperature protection<\/td>\n<td style=\"height: 57px; width: 422.484px;\">Yes<\/td>\n<\/tr>\n<tr style=\"height: 57px;\">\n<td style=\"height: 57px; width: 691.516px;\">Insulation detection<\/td>\n<td style=\"height: 57px; width: 422.484px;\">Yes<\/td>\n<\/tr>\n<tr style=\"height: 57px;\">\n<td style=\"height: 57px; width: 691.516px;\">AC short circuit protection<\/td>\n<td style=\"height: 57px; width: 422.484px;\">Yes<\/td>\n<\/tr>\n<tr style=\"height: 57px;\">\n<td style=\"height: 57px; width: 691.516px;\">Dimension<\/td>\n<td style=\"height: 57px; width: 422.484px;\"><\/td>\n<\/tr>\n<tr style=\"height: 57px;\">\n<td style=\"height: 57px; width: 691.516px;\">(DxWxH) mm<\/td>\n<td style=\"height: 57px; width: 422.484px;\">380*483*227<\/td>\n<\/tr>\n<tr style=\"height: 57px;\">\n<td style=\"height: 57px; width: 691.516px;\">Weight (Kg)<\/td>\n<td style=\"height: 57px; width: 422.484px;\">32.5<\/td>\n<\/tr>\n<tr style=\"height: 57px;\">\n<td style=\"height: 57px; width: 691.516px;\">Operating ambient temperature range<\/td>\n<td style=\"height: 57px; width: 422.484px;\">-25~60\u2103<\/td>\n<\/tr>\n<tr style=\"height: 57px;\">\n<td style=\"height: 57px; width: 691.516px;\">Ingress protection<\/td>\n<td style=\"height: 57px; width: 422.484px;\">Ip66<\/td>\n<\/tr>\n<tr style=\"height: 57px;\">\n<td style=\"height: 57px; width: 691.516px;\">Cooling concept<\/td>\n<td style=\"height: 57px; width: 422.484px;\">Natural convection<\/td>\n<\/tr>\n<tr style=\"height: 57px;\">\n<td style=\"height: 57px; width: 691.516px;\">Features<\/td>\n<td style=\"height: 57px; width: 422.484px;\"><\/td>\n<\/tr>\n<tr style=\"height: 57px;\">\n<td style=\"height: 57px; width: 691.516px;\">DC connection<\/td>\n<td style=\"height: 57px; width: 422.484px;\">MC4 connector<\/td>\n<\/tr>\n<tr style=\"height: 57px;\">\n<td style=\"height: 57px; width: 691.516px;\">Display<\/td>\n<td style=\"height: 57px; width: 422.484px;\">LCD<\/td>\n<\/tr>\n<tr style=\"height: 57px;\">\n<td style=\"height: 57px; width: 691.516px;\">AC connection<\/td>\n<td style=\"height: 57px; width: 422.484px;\">Quick connection plug<\/td>\n<\/tr>\n<tr style=\"height: 57px;\">\n<td style=\"height: 57px; width: 691.516px;\">Communication<\/td>\n<td style=\"height: 57px; width: 422.484px;\">RS485, Optional: Wi-Fi, GPRS<\/td>\n<\/tr>\n<\/tbody>\n<\/table>","protected":false},"excerpt":{"rendered":"<p>On-GRID Inverter KSTAR este un dispozitiv de \u00eenalt\u0103 tehnologie cu caracteristici excelente pentru producerea de energie electric\u0103 din energia solar\u0103. Software-ul modern v\u0103 permite s\u0103 monitoriza\u021bi procesele \u0219i s\u0103 men\u021bine\u021bi \u00eenregistr\u0103ri sistematice. Invertorul are o garantie de 5 ani cu posibilitate de prelungire la 10 ani.<\/p>","protected":false},"featured_media":4711,"template":"","meta":[],"product_cat":[25],"product_tag":[],"yst_prominent_words":[],"class_list":{"0":"post-5042","1":"product","2":"type-product","3":"status-publish","4":"has-post-thumbnail","6":"product_cat-invertory","8":"first","9":"outofstock","10":"shipping-taxable","11":"purchasable","12":"product-type-simple"},"_links":{"self":[{"href":"https:\/\/solars.md\/ro\/wp-json\/wp\/v2\/product\/5042","targetHints":{"allow":["GET"]}}],"collection":[{"href":"https:\/\/solars.md\/ro\/wp-json\/wp\/v2\/product"}],"about":[{"href":"https:\/\/solars.md\/ro\/wp-json\/wp\/v2\/types\/product"}],"wp:featuredmedia":[{"embeddable":true,"href":"https:\/\/solars.md\/ro\/wp-json\/wp\/v2\/media\/4711"}],"wp:attachment":[{"href":"https:\/\/solars.md\/ro\/wp-json\/wp\/v2\/media?parent=5042"}],"wp:term":[{"taxonomy":"product_cat","embeddable":true,"href":"https:\/\/solars.md\/ro\/wp-json\/wp\/v2\/product_cat?post=5042"},{"taxonomy":"product_tag","embeddable":true,"href":"https:\/\/solars.md\/ro\/wp-json\/wp\/v2\/product_tag?post=5042"},{"taxonomy":"yst_prominent_words","embeddable":true,"href":"https:\/\/solars.md\/ro\/wp-json\/wp\/v2\/yst_prominent_words?post=5042"}],"curies":[{"name":"wp","href":"https:\/\/api.w.org\/{rel}","templated":true}]}}