{"id":5141,"date":"2023-12-01T13:44:19","date_gmt":"2023-12-01T10:44:19","guid":{"rendered":"https:\/\/solars.md\/?post_type=product&#038;p=5141"},"modified":"2026-05-05T17:16:58","modified_gmt":"2026-05-05T14:16:58","slug":"amerisolar-as-7m144hc-550w","status":"publish","type":"product","link":"https:\/\/solars.md\/ro\/produs\/amerisolar-as-7m144hc-550w\/","title":{"rendered":"Amerisolar AS-7M144HC-550W"},"content":{"rendered":"<table width=\"607\">\n<tbody>\n<tr>\n<td colspan=\"2\" width=\"607\">Descriere<\/td>\n<\/tr>\n<tr>\n<td>Panouri Fotovoltaice:<\/td>\n<td>\u00a0Half Cell 9\u0412\u0412, PERC, Grade A, 144 cells<\/td>\n<\/tr>\n<tr>\n<td>Puterea modulului (W)<\/td>\n<td>550<\/td>\n<\/tr>\n<tr>\n<td>Tensiunea de sarcin\u0103 (V)<\/td>\n<td>41,8<\/td>\n<\/tr>\n<tr>\n<td>Curent de \u00eenc\u0103rcare (A)<\/td>\n<td>13,16<\/td>\n<\/tr>\n<tr>\n<td>Tensiunea circuitului deschis (V)<\/td>\n<td>50,0<\/td>\n<\/tr>\n<tr>\n<td>Curent de scurtcircuit (A)<\/td>\n<td>13,95<\/td>\n<\/tr>\n<tr>\n<td>Eficien\u021ba modulului solar (%)<\/td>\n<td>21,5<\/td>\n<\/tr>\n<tr>\n<td>Tensiunea maxim\u0103 (V)<\/td>\n<td>1500 (IEC)<\/td>\n<\/tr>\n<tr>\n<td>Num\u0103r de diode (buc)<\/td>\n<td>3<\/td>\n<\/tr>\n<tr>\n<td>Siguran\u021b\u0103 (A)<\/td>\n<td>25<\/td>\n<\/tr>\n<tr>\n<td>Temperatura de lucru (\u00b0 C)<\/td>\n<td>45 \u00b1 2<\/td>\n<\/tr>\n<tr>\n<td>t \u00b0 C coef. prin putere<\/td>\n<td>\u00a0-0.41% \/ \u00b0C<\/td>\n<\/tr>\n<tr>\n<td>t \u00b0 C coef. prin tensiune<\/td>\n<td>\u00a0-0.33% \/ \u00b0C<\/td>\n<\/tr>\n<tr>\n<td>t \u00b0 C coef. prin curent<\/td>\n<td>\u00a00.06% \/ \u00b0C<\/td>\n<\/tr>\n<tr>\n<td>Condi\u021bii de func\u021bionare standard<\/td>\n<td>(1000W \/ m2; temperatura elementului 25 \u00b0 C)<\/td>\n<\/tr>\n<tr>\n<td>Tipul conectorului<\/td>\n<td>MC4<\/td>\n<\/tr>\n<tr>\n<td>Tipul cablului, sec\u021biunea transversal\u0103 \u0219i lungimea<\/td>\n<td>\u0424 =4\u043c\u043c2, L=300\u00b15\u043c\u043c<\/td>\n<\/tr>\n<tr>\n<td>Dimensiuni AxBxC<\/td>\n<td>2256x1133x35\u043c\u043c<\/td>\n<\/tr>\n<tr>\n<td>Greutate (kg)<\/td>\n<td>29<\/td>\n<\/tr>\n<tr>\n<td>Cadru<\/td>\n<td>Tip aluminiu 6063T4<\/td>\n<\/tr>\n<tr>\n<td>Sticl\u0103<\/td>\n<td width=\"344\">3,2 mm c\u0103lit cu fier sc\u0103zut \u0219i acoperit cu AR<\/td>\n<\/tr>\n<tr>\n<td>Clasa de protec\u021bie<\/td>\n<td>IP67<\/td>\n<\/tr>\n<tr>\n<td>Sarcina de z\u0103pad\u0103 (Pa) Acc.to. Lec 61215<\/td>\n<td>5400<\/td>\n<\/tr>\n<tr>\n<td>Garan\u021bie (ani)<\/td>\n<td>12<\/td>\n<\/tr>\n<\/tbody>\n<\/table>","protected":false},"excerpt":{"rendered":"<p>Panourile fotovoltaice monocristaline de la produc\u0103torul Amerisolar, realizate folosind o arhitectur\u0103 de 144 de celule, au o eficien\u021b\u0103 ridicat\u0103, sunt fiabile \u0219i asigur\u0103 o bun\u0103 colectare a energiei electrice. Garan\u021bia panoului este de 12 ani. Degradarea cristalelor este mai mic\u0103 de 0,8% pe an. Dup\u0103 12 ani, panoul produce \u00een mod constant 90% din puterea nominal\u0103, iar dup\u0103 25 de ani, 80%. Pre\u021bul rezonabil + calitatea \u00eenalt\u0103 fac din acest produs o investi\u021bie de \u00eencredere.<\/p>","protected":false},"featured_media":4240,"template":"","meta":{"site-sidebar-layout":"default","site-content-layout":"","ast-site-content-layout":"default","site-content-style":"default","site-sidebar-style":"default","ast-global-header-display":"","ast-banner-title-visibility":"","ast-main-header-display":"","ast-hfb-above-header-display":"","ast-hfb-below-header-display":"","ast-hfb-mobile-header-display":"","site-post-title":"","ast-breadcrumbs-content":"","ast-featured-img":"","footer-sml-layout":"","ast-disable-related-posts":"","theme-transparent-header-meta":"","adv-header-id-meta":"","stick-header-meta":"","header-above-stick-meta":"","header-main-stick-meta":"","header-below-stick-meta":"","astra-migrate-meta-layouts":"default","ast-page-background-enabled":"default","ast-page-background-meta":{"desktop":{"background-color":"var(--ast-global-color-5)","background-image":"","background-repeat":"repeat","background-position":"center center","background-size":"auto","background-attachment":"scroll","background-type":"","background-media":"","overlay-type":"","overlay-color":"","overlay-opacity":"","overlay-gradient":""},"tablet":{"background-color":"","background-image":"","background-repeat":"repeat","background-position":"center center","background-size":"auto","background-attachment":"scroll","background-type":"","background-media":"","overlay-type":"","overlay-color":"","overlay-opacity":"","overlay-gradient":""},"mobile":{"background-color":"","background-image":"","background-repeat":"repeat","background-position":"center center","background-size":"auto","background-attachment":"scroll","background-type":"","background-media":"","overlay-type":"","overlay-color":"","overlay-opacity":"","overlay-gradient":""}},"ast-content-background-meta":{"desktop":{"background-color":"var(--ast-global-color-4)","background-image":"","background-repeat":"repeat","background-position":"center center","background-size":"auto","background-attachment":"scroll","background-type":"","background-media":"","overlay-type":"","overlay-color":"","overlay-opacity":"","overlay-gradient":""},"tablet":{"background-color":"var(--ast-global-color-4)","background-image":"","background-repeat":"repeat","background-position":"center center","background-size":"auto","background-attachment":"scroll","background-type":"","background-media":"","overlay-type":"","overlay-color":"","overlay-opacity":"","overlay-gradient":""},"mobile":{"background-color":"var(--ast-global-color-4)","background-image":"","background-repeat":"repeat","background-position":"center center","background-size":"auto","background-attachment":"scroll","background-type":"","background-media":"","overlay-type":"","overlay-color":"","overlay-opacity":"","overlay-gradient":""}}},"product_brand":[],"product_cat":[19],"product_tag":[],"yst_prominent_words":[],"class_list":{"0":"post-5141","1":"product","2":"type-product","3":"status-publish","4":"has-post-thumbnail","6":"product_cat-solnechnye-paneli","7":"desktop-align-left","8":"tablet-align-left","9":"mobile-align-left","11":"first","12":"outofstock","13":"shipping-taxable","14":"purchasable","15":"product-type-simple"},"_links":{"self":[{"href":"https:\/\/solars.md\/ro\/wp-json\/wp\/v2\/product\/5141","targetHints":{"allow":["GET"]}}],"collection":[{"href":"https:\/\/solars.md\/ro\/wp-json\/wp\/v2\/product"}],"about":[{"href":"https:\/\/solars.md\/ro\/wp-json\/wp\/v2\/types\/product"}],"wp:featuredmedia":[{"embeddable":true,"href":"https:\/\/solars.md\/ro\/wp-json\/wp\/v2\/media\/4240"}],"wp:attachment":[{"href":"https:\/\/solars.md\/ro\/wp-json\/wp\/v2\/media?parent=5141"}],"wp:term":[{"taxonomy":"product_brand","embeddable":true,"href":"https:\/\/solars.md\/ro\/wp-json\/wp\/v2\/product_brand?post=5141"},{"taxonomy":"product_cat","embeddable":true,"href":"https:\/\/solars.md\/ro\/wp-json\/wp\/v2\/product_cat?post=5141"},{"taxonomy":"product_tag","embeddable":true,"href":"https:\/\/solars.md\/ro\/wp-json\/wp\/v2\/product_tag?post=5141"},{"taxonomy":"yst_prominent_words","embeddable":true,"href":"https:\/\/solars.md\/ro\/wp-json\/wp\/v2\/yst_prominent_words?post=5141"}],"curies":[{"name":"wp","href":"https:\/\/api.w.org\/{rel}","templated":true}]}}