{"id":5265,"date":"2024-08-08T12:42:44","date_gmt":"2024-08-08T09:42:44","guid":{"rendered":"https:\/\/solars.md\/?post_type=product&#038;p=5265"},"modified":"2024-08-08T12:46:34","modified_gmt":"2024-08-08T09:46:34","slug":"battery-tcs-sl12v9ah-vrla-agm","status":"publish","type":"product","link":"https:\/\/solars.md\/ro\/produs\/battery-tcs-sl12v9ah-vrla-agm\/","title":{"rendered":"Battery TCS SL12V9Ah VRLA AGM"},"content":{"rendered":"<table width=\"363\">\n<tbody>\n<tr>\n<td colspan=\"2\" width=\"363\">Caracteristici:<\/td>\n<\/tr>\n<tr>\n<td><\/td>\n<td><\/td>\n<\/tr>\n<tr>\n<td width=\"239\">Capacitate (Amperi\/h)<\/td>\n<td width=\"124\">9<\/td>\n<\/tr>\n<tr>\n<td width=\"239\">Tensiune (V)<\/td>\n<td width=\"124\">12<\/td>\n<\/tr>\n<tr>\n<td width=\"239\">Capacitate (W\/h)<\/td>\n<td width=\"124\">108<\/td>\n<\/tr>\n<tr>\n<td width=\"239\">Ad\u00e2ncimea optim\u0103 de desc\u0103rcare (%)<\/td>\n<td width=\"124\">\u0434\u043e 35<\/td>\n<\/tr>\n<tr>\n<td width=\"239\">Ad\u00e2ncimea de desc\u0103rcare admis\u0103 (%)<\/td>\n<td width=\"124\">\u0434\u043e 60<\/td>\n<\/tr>\n<tr>\n<td width=\"239\">Resursa ciclic\u0103 D.O.D<\/td>\n<td width=\"124\">\u0434\u043e 730<\/td>\n<\/tr>\n<tr>\n<td width=\"239\">Temperatura optima (Gr. C.)<\/td>\n<td width=\"124\">+15 \u0434\u043e +25<\/td>\n<\/tr>\n<tr>\n<td width=\"239\">Interval de operare Ritm. (Gr.C)<\/td>\n<td width=\"124\">25<\/td>\n<\/tr>\n<tr>\n<td width=\"239\">Durata de viata la +20gr. C (ani)<\/td>\n<td width=\"124\">mai putin de 7<\/td>\n<\/tr>\n<tr>\n<td width=\"239\">Timp minim de \u00eenc\u0103rcare (H)<\/td>\n<td width=\"124\">\u0434\u043e 6<\/td>\n<\/tr>\n<tr>\n<td width=\"239\">Dimensiuni (mm)<\/td>\n<td width=\"124\">151*65*100<\/td>\n<\/tr>\n<tr>\n<td>Garan\u021bie (luni)<\/td>\n<td>12<\/td>\n<\/tr>\n<tr>\n<td width=\"239\">Greutate, (kg)<\/td>\n<td width=\"124\">2,48<\/td>\n<\/tr>\n<\/tbody>\n<\/table>","protected":false},"excerpt":{"rendered":"<p>Folosit \u00een sisteme: UPS, EPS, Alimentare de urgen\u021b\u0103, Sisteme de securitate, El. instrument, El. transport.<\/p>\n<p>Bateria respect\u0103 standardele IEC, CE, ISO, BS, JIS. Pute\u021bi afla informa\u021bii detaliate despre tipurile de baterii acces\u00e2nd linkul http:\/\/solars.md\/review-of-main-battery-types\/.<\/p>","protected":false},"featured_media":5266,"template":"","meta":{"site-sidebar-layout":"default","site-content-layout":"","ast-site-content-layout":"default","site-content-style":"default","site-sidebar-style":"default","ast-global-header-display":"","ast-banner-title-visibility":"","ast-main-header-display":"","ast-hfb-above-header-display":"","ast-hfb-below-header-display":"","ast-hfb-mobile-header-display":"","site-post-title":"","ast-breadcrumbs-content":"","ast-featured-img":"","footer-sml-layout":"","ast-disable-related-posts":"","theme-transparent-header-meta":"","adv-header-id-meta":"","stick-header-meta":"","header-above-stick-meta":"","header-main-stick-meta":"","header-below-stick-meta":"","astra-migrate-meta-layouts":"default","ast-page-background-enabled":"default","ast-page-background-meta":{"desktop":{"background-color":"var(--ast-global-color-5)","background-image":"","background-repeat":"repeat","background-position":"center center","background-size":"auto","background-attachment":"scroll","background-type":"","background-media":"","overlay-type":"","overlay-color":"","overlay-opacity":"","overlay-gradient":""},"tablet":{"background-color":"","background-image":"","background-repeat":"repeat","background-position":"center center","background-size":"auto","background-attachment":"scroll","background-type":"","background-media":"","overlay-type":"","overlay-color":"","overlay-opacity":"","overlay-gradient":""},"mobile":{"background-color":"","background-image":"","background-repeat":"repeat","background-position":"center center","background-size":"auto","background-attachment":"scroll","background-type":"","background-media":"","overlay-type":"","overlay-color":"","overlay-opacity":"","overlay-gradient":""}},"ast-content-background-meta":{"desktop":{"background-color":"var(--ast-global-color-4)","background-image":"","background-repeat":"repeat","background-position":"center center","background-size":"auto","background-attachment":"scroll","background-type":"","background-media":"","overlay-type":"","overlay-color":"","overlay-opacity":"","overlay-gradient":""},"tablet":{"background-color":"var(--ast-global-color-4)","background-image":"","background-repeat":"repeat","background-position":"center center","background-size":"auto","background-attachment":"scroll","background-type":"","background-media":"","overlay-type":"","overlay-color":"","overlay-opacity":"","overlay-gradient":""},"mobile":{"background-color":"var(--ast-global-color-4)","background-image":"","background-repeat":"repeat","background-position":"center center","background-size":"auto","background-attachment":"scroll","background-type":"","background-media":"","overlay-type":"","overlay-color":"","overlay-opacity":"","overlay-gradient":""}}},"product_brand":[],"product_cat":[26],"product_tag":[],"class_list":{"0":"post-5265","1":"product","2":"type-product","3":"status-publish","4":"has-post-thumbnail","6":"product_cat-akkumulyatory","7":"desktop-align-left","8":"tablet-align-left","9":"mobile-align-left","11":"first","12":"instock","13":"shipping-taxable","14":"purchasable","15":"product-type-simple"},"yoast_head":"<!-- This site is optimized with the Yoast SEO plugin v27.4 - https:\/\/yoast.com\/product\/yoast-seo-wordpress\/ -->\n<title>Battery TCS SL12V9Ah VRLA AGM |<\/title>\n<meta name=\"description\" content=\"\u0421\u043e\u043b\u043d\u0435\u0447\u043d\u044b\u0435 \u043f\u0430\u043d\u0435\u043b\u0438, \u0438\u043d\u0432\u0435\u0440\u0442\u043e\u0440\u0430, \u043a\u043e\u043d\u0442\u0440\u043e\u043b\u043b\u0435\u0440\u044b, \u0430\u043a\u043a\u0443\u043c\u0443\u043b\u044f\u0442\u043e\u0440\u044b \u0438 \u0441\u0438\u0441\u0442\u0435\u043c\u044b \u0445\u0440\u0430\u043d\u0435\u043d\u0438\u044f \u044d\u043d\u0435\u0440\u0433\u0438\u0438 \u043a\u0443\u043f\u0438\u0442\u044c \u0432 \u041c\u043e\u043b\u0434\u043e\u0432\u0435. \u0423\u0441\u0442\u0430\u043d\u043e\u0432\u043a\u0430 \u0441\u043e\u043b\u043d\u0435\u0447\u043d\u044b\u0445 \u0441\u0442\u0430\u043d\u0446\u0438\u0439 \u043f\u043e\u0434 \u043a\u043b\u044e\u0447. Panouri solare, invertoare, controlere, baterii \u0219i sisteme de stocare a energiei cump\u0103ra\u021bi \u00een Moldova. Instalarea la cheie a instala\u021biilor solare\" \/>\n<meta name=\"robots\" content=\"index, follow, max-snippet:-1, max-image-preview:large, max-video-preview:-1\" \/>\n<link rel=\"canonical\" href=\"https:\/\/solars.md\/ro\/produs\/battery-tcs-sl12v9ah-vrla-agm\/\" \/>\n<meta property=\"og:locale\" content=\"ro_RO\" \/>\n<meta property=\"og:type\" content=\"article\" \/>\n<meta property=\"og:title\" content=\"Battery TCS SL12V9Ah VRLA AGM |\" \/>\n<meta property=\"og:description\" content=\"\u0421\u043e\u043b\u043d\u0435\u0447\u043d\u044b\u0435 \u043f\u0430\u043d\u0435\u043b\u0438, \u0438\u043d\u0432\u0435\u0440\u0442\u043e\u0440\u0430, \u043a\u043e\u043d\u0442\u0440\u043e\u043b\u043b\u0435\u0440\u044b, \u0430\u043a\u043a\u0443\u043c\u0443\u043b\u044f\u0442\u043e\u0440\u044b \u0438 \u0441\u0438\u0441\u0442\u0435\u043c\u044b \u0445\u0440\u0430\u043d\u0435\u043d\u0438\u044f \u044d\u043d\u0435\u0440\u0433\u0438\u0438 \u043a\u0443\u043f\u0438\u0442\u044c \u0432 \u041c\u043e\u043b\u0434\u043e\u0432\u0435. \u0423\u0441\u0442\u0430\u043d\u043e\u0432\u043a\u0430 \u0441\u043e\u043b\u043d\u0435\u0447\u043d\u044b\u0445 \u0441\u0442\u0430\u043d\u0446\u0438\u0439 \u043f\u043e\u0434 \u043a\u043b\u044e\u0447. Panouri solare, invertoare, controlere, baterii \u0219i sisteme de stocare a energiei cump\u0103ra\u021bi \u00een Moldova. Instalarea la cheie a instala\u021biilor solare\" \/>\n<meta property=\"og:url\" content=\"https:\/\/solars.md\/ro\/produs\/battery-tcs-sl12v9ah-vrla-agm\/\" \/>\n<meta property=\"article:publisher\" content=\"https:\/\/www.facebook.com\/profile.php?id=100092330353235\" \/>\n<meta property=\"article:modified_time\" content=\"2024-08-08T09:46:34+00:00\" \/>\n<meta property=\"og:image\" content=\"https:\/\/solars.md\/wp-content\/uploads\/2024\/08\/SL12-9-jpg.webp\" \/>\n\t<meta property=\"og:image:width\" content=\"400\" \/>\n\t<meta property=\"og:image:height\" content=\"400\" \/>\n\t<meta property=\"og:image:type\" content=\"image\/jpeg\" \/>\n<meta name=\"twitter:card\" content=\"summary_large_image\" \/>\n<script type=\"application\/ld+json\" class=\"yoast-schema-graph\">{\"@context\":\"https:\\\/\\\/schema.org\",\"@graph\":[{\"@type\":\"WebPage\",\"@id\":\"https:\\\/\\\/solars.md\\\/product\\\/battery-tcs-sl12v9ah-vrla-agm\\\/\",\"url\":\"https:\\\/\\\/solars.md\\\/product\\\/battery-tcs-sl12v9ah-vrla-agm\\\/\",\"name\":\"Battery TCS SL12V9Ah VRLA AGM |\",\"isPartOf\":{\"@id\":\"https:\\\/\\\/solars.md\\\/#website\"},\"primaryImageOfPage\":{\"@id\":\"https:\\\/\\\/solars.md\\\/product\\\/battery-tcs-sl12v9ah-vrla-agm\\\/#primaryimage\"},\"image\":{\"@id\":\"https:\\\/\\\/solars.md\\\/product\\\/battery-tcs-sl12v9ah-vrla-agm\\\/#primaryimage\"},\"thumbnailUrl\":\"https:\\\/\\\/solars.md\\\/wp-content\\\/uploads\\\/2024\\\/08\\\/SL12-9-jpg.webp\",\"datePublished\":\"2024-08-08T09:42:44+00:00\",\"dateModified\":\"2024-08-08T09:46:34+00:00\",\"description\":\"\u0421\u043e\u043b\u043d\u0435\u0447\u043d\u044b\u0435 \u043f\u0430\u043d\u0435\u043b\u0438, \u0438\u043d\u0432\u0435\u0440\u0442\u043e\u0440\u0430, \u043a\u043e\u043d\u0442\u0440\u043e\u043b\u043b\u0435\u0440\u044b, \u0430\u043a\u043a\u0443\u043c\u0443\u043b\u044f\u0442\u043e\u0440\u044b \u0438 \u0441\u0438\u0441\u0442\u0435\u043c\u044b \u0445\u0440\u0430\u043d\u0435\u043d\u0438\u044f \u044d\u043d\u0435\u0440\u0433\u0438\u0438 \u043a\u0443\u043f\u0438\u0442\u044c \u0432 \u041c\u043e\u043b\u0434\u043e\u0432\u0435. \u0423\u0441\u0442\u0430\u043d\u043e\u0432\u043a\u0430 \u0441\u043e\u043b\u043d\u0435\u0447\u043d\u044b\u0445 \u0441\u0442\u0430\u043d\u0446\u0438\u0439 \u043f\u043e\u0434 \u043a\u043b\u044e\u0447. Panouri solare, invertoare, controlere, baterii \u0219i sisteme de stocare a energiei cump\u0103ra\u021bi \u00een Moldova. Instalarea la cheie a instala\u021biilor solare\",\"breadcrumb\":{\"@id\":\"https:\\\/\\\/solars.md\\\/product\\\/battery-tcs-sl12v9ah-vrla-agm\\\/#breadcrumb\"},\"inLanguage\":\"ro-RO\",\"potentialAction\":[{\"@type\":\"ReadAction\",\"target\":[\"https:\\\/\\\/solars.md\\\/product\\\/battery-tcs-sl12v9ah-vrla-agm\\\/\"]}]},{\"@type\":\"ImageObject\",\"inLanguage\":\"ro-RO\",\"@id\":\"https:\\\/\\\/solars.md\\\/product\\\/battery-tcs-sl12v9ah-vrla-agm\\\/#primaryimage\",\"url\":\"https:\\\/\\\/solars.md\\\/wp-content\\\/uploads\\\/2024\\\/08\\\/SL12-9-jpg.webp\",\"contentUrl\":\"https:\\\/\\\/solars.md\\\/wp-content\\\/uploads\\\/2024\\\/08\\\/SL12-9-jpg.webp\",\"width\":400,\"height\":400},{\"@type\":\"BreadcrumbList\",\"@id\":\"https:\\\/\\\/solars.md\\\/product\\\/battery-tcs-sl12v9ah-vrla-agm\\\/#breadcrumb\",\"itemListElement\":[{\"@type\":\"ListItem\",\"position\":1,\"name\":\"\u0413\u043b\u0430\u0432\u043d\u0430\u044f \u0441\u0442\u0440\u0430\u043d\u0438\u0446\u0430\",\"item\":\"https:\\\/\\\/solars.md\\\/\"},{\"@type\":\"ListItem\",\"position\":2,\"name\":\"\u041c\u0430\u0433\u0430\u0437\u0438\u043d\",\"item\":\"https:\\\/\\\/solars.md\\\/shop\\\/\"},{\"@type\":\"ListItem\",\"position\":3,\"name\":\"Battery TCS SL12V9Ah VRLA AGM\"}]},{\"@type\":\"WebSite\",\"@id\":\"https:\\\/\\\/solars.md\\\/#website\",\"url\":\"https:\\\/\\\/solars.md\\\/\",\"name\":\"Solars\",\"description\":\"\u0421\u043e\u043b\u043d\u0435\u0447\u043d\u044b\u0435 \u043f\u0430\u043d\u0435\u043b\u0438 \u0432 \u041c\u043e\u043b\u0434\u043e\u0432\u0435\",\"publisher\":{\"@id\":\"https:\\\/\\\/solars.md\\\/#organization\"},\"potentialAction\":[{\"@type\":\"SearchAction\",\"target\":{\"@type\":\"EntryPoint\",\"urlTemplate\":\"https:\\\/\\\/solars.md\\\/?s={search_term_string}\"},\"query-input\":{\"@type\":\"PropertyValueSpecification\",\"valueRequired\":true,\"valueName\":\"search_term_string\"}}],\"inLanguage\":\"ro-RO\"},{\"@type\":\"Organization\",\"@id\":\"https:\\\/\\\/solars.md\\\/#organization\",\"name\":\"Solars\",\"url\":\"https:\\\/\\\/solars.md\\\/\",\"logo\":{\"@type\":\"ImageObject\",\"inLanguage\":\"ro-RO\",\"@id\":\"https:\\\/\\\/solars.md\\\/#\\\/schema\\\/logo\\\/image\\\/\",\"url\":\"https:\\\/\\\/solars.md\\\/wp-content\\\/uploads\\\/2023\\\/02\\\/Solars-new.png\",\"contentUrl\":\"https:\\\/\\\/solars.md\\\/wp-content\\\/uploads\\\/2023\\\/02\\\/Solars-new.png\",\"width\":1134,\"height\":1134,\"caption\":\"Solars\"},\"image\":{\"@id\":\"https:\\\/\\\/solars.md\\\/#\\\/schema\\\/logo\\\/image\\\/\"},\"sameAs\":[\"https:\\\/\\\/www.facebook.com\\\/profile.php?id=100092330353235\"]}]}<\/script>\n<!-- \/ Yoast SEO plugin. -->","yoast_head_json":{"title":"Battery TCS SL12V9Ah VRLA AGM |","description":"\u0421\u043e\u043b\u043d\u0435\u0447\u043d\u044b\u0435 \u043f\u0430\u043d\u0435\u043b\u0438, \u0438\u043d\u0432\u0435\u0440\u0442\u043e\u0440\u0430, \u043a\u043e\u043d\u0442\u0440\u043e\u043b\u043b\u0435\u0440\u044b, \u0430\u043a\u043a\u0443\u043c\u0443\u043b\u044f\u0442\u043e\u0440\u044b \u0438 \u0441\u0438\u0441\u0442\u0435\u043c\u044b \u0445\u0440\u0430\u043d\u0435\u043d\u0438\u044f \u044d\u043d\u0435\u0440\u0433\u0438\u0438 \u043a\u0443\u043f\u0438\u0442\u044c \u0432 \u041c\u043e\u043b\u0434\u043e\u0432\u0435. \u0423\u0441\u0442\u0430\u043d\u043e\u0432\u043a\u0430 \u0441\u043e\u043b\u043d\u0435\u0447\u043d\u044b\u0445 \u0441\u0442\u0430\u043d\u0446\u0438\u0439 \u043f\u043e\u0434 \u043a\u043b\u044e\u0447. Panouri solare, invertoare, controlere, baterii \u0219i sisteme de stocare a energiei cump\u0103ra\u021bi \u00een Moldova. Instalarea la cheie a instala\u021biilor solare","robots":{"index":"index","follow":"follow","max-snippet":"max-snippet:-1","max-image-preview":"max-image-preview:large","max-video-preview":"max-video-preview:-1"},"canonical":"https:\/\/solars.md\/ro\/produs\/battery-tcs-sl12v9ah-vrla-agm\/","og_locale":"ro_RO","og_type":"article","og_title":"Battery TCS SL12V9Ah VRLA AGM |","og_description":"\u0421\u043e\u043b\u043d\u0435\u0447\u043d\u044b\u0435 \u043f\u0430\u043d\u0435\u043b\u0438, \u0438\u043d\u0432\u0435\u0440\u0442\u043e\u0440\u0430, \u043a\u043e\u043d\u0442\u0440\u043e\u043b\u043b\u0435\u0440\u044b, \u0430\u043a\u043a\u0443\u043c\u0443\u043b\u044f\u0442\u043e\u0440\u044b \u0438 \u0441\u0438\u0441\u0442\u0435\u043c\u044b \u0445\u0440\u0430\u043d\u0435\u043d\u0438\u044f \u044d\u043d\u0435\u0440\u0433\u0438\u0438 \u043a\u0443\u043f\u0438\u0442\u044c \u0432 \u041c\u043e\u043b\u0434\u043e\u0432\u0435. \u0423\u0441\u0442\u0430\u043d\u043e\u0432\u043a\u0430 \u0441\u043e\u043b\u043d\u0435\u0447\u043d\u044b\u0445 \u0441\u0442\u0430\u043d\u0446\u0438\u0439 \u043f\u043e\u0434 \u043a\u043b\u044e\u0447. Panouri solare, invertoare, controlere, baterii \u0219i sisteme de stocare a energiei cump\u0103ra\u021bi \u00een Moldova. Instalarea la cheie a instala\u021biilor solare","og_url":"https:\/\/solars.md\/ro\/produs\/battery-tcs-sl12v9ah-vrla-agm\/","article_publisher":"https:\/\/www.facebook.com\/profile.php?id=100092330353235","article_modified_time":"2024-08-08T09:46:34+00:00","og_image":[{"width":400,"height":400,"url":"https:\/\/solars.md\/wp-content\/uploads\/2024\/08\/SL12-9-jpg.webp","type":"image\/jpeg"}],"twitter_card":"summary_large_image","schema":{"@context":"https:\/\/schema.org","@graph":[{"@type":"WebPage","@id":"https:\/\/solars.md\/product\/battery-tcs-sl12v9ah-vrla-agm\/","url":"https:\/\/solars.md\/product\/battery-tcs-sl12v9ah-vrla-agm\/","name":"Battery TCS SL12V9Ah VRLA AGM |","isPartOf":{"@id":"https:\/\/solars.md\/#website"},"primaryImageOfPage":{"@id":"https:\/\/solars.md\/product\/battery-tcs-sl12v9ah-vrla-agm\/#primaryimage"},"image":{"@id":"https:\/\/solars.md\/product\/battery-tcs-sl12v9ah-vrla-agm\/#primaryimage"},"thumbnailUrl":"https:\/\/solars.md\/wp-content\/uploads\/2024\/08\/SL12-9-jpg.webp","datePublished":"2024-08-08T09:42:44+00:00","dateModified":"2024-08-08T09:46:34+00:00","description":"\u0421\u043e\u043b\u043d\u0435\u0447\u043d\u044b\u0435 \u043f\u0430\u043d\u0435\u043b\u0438, \u0438\u043d\u0432\u0435\u0440\u0442\u043e\u0440\u0430, \u043a\u043e\u043d\u0442\u0440\u043e\u043b\u043b\u0435\u0440\u044b, \u0430\u043a\u043a\u0443\u043c\u0443\u043b\u044f\u0442\u043e\u0440\u044b \u0438 \u0441\u0438\u0441\u0442\u0435\u043c\u044b \u0445\u0440\u0430\u043d\u0435\u043d\u0438\u044f \u044d\u043d\u0435\u0440\u0433\u0438\u0438 \u043a\u0443\u043f\u0438\u0442\u044c \u0432 \u041c\u043e\u043b\u0434\u043e\u0432\u0435. \u0423\u0441\u0442\u0430\u043d\u043e\u0432\u043a\u0430 \u0441\u043e\u043b\u043d\u0435\u0447\u043d\u044b\u0445 \u0441\u0442\u0430\u043d\u0446\u0438\u0439 \u043f\u043e\u0434 \u043a\u043b\u044e\u0447. Panouri solare, invertoare, controlere, baterii \u0219i sisteme de stocare a energiei cump\u0103ra\u021bi \u00een Moldova. Instalarea la cheie a instala\u021biilor solare","breadcrumb":{"@id":"https:\/\/solars.md\/product\/battery-tcs-sl12v9ah-vrla-agm\/#breadcrumb"},"inLanguage":"ro-RO","potentialAction":[{"@type":"ReadAction","target":["https:\/\/solars.md\/product\/battery-tcs-sl12v9ah-vrla-agm\/"]}]},{"@type":"ImageObject","inLanguage":"ro-RO","@id":"https:\/\/solars.md\/product\/battery-tcs-sl12v9ah-vrla-agm\/#primaryimage","url":"https:\/\/solars.md\/wp-content\/uploads\/2024\/08\/SL12-9-jpg.webp","contentUrl":"https:\/\/solars.md\/wp-content\/uploads\/2024\/08\/SL12-9-jpg.webp","width":400,"height":400},{"@type":"BreadcrumbList","@id":"https:\/\/solars.md\/product\/battery-tcs-sl12v9ah-vrla-agm\/#breadcrumb","itemListElement":[{"@type":"ListItem","position":1,"name":"\u0413\u043b\u0430\u0432\u043d\u0430\u044f \u0441\u0442\u0440\u0430\u043d\u0438\u0446\u0430","item":"https:\/\/solars.md\/"},{"@type":"ListItem","position":2,"name":"\u041c\u0430\u0433\u0430\u0437\u0438\u043d","item":"https:\/\/solars.md\/shop\/"},{"@type":"ListItem","position":3,"name":"Battery TCS SL12V9Ah VRLA AGM"}]},{"@type":"WebSite","@id":"https:\/\/solars.md\/#website","url":"https:\/\/solars.md\/","name":"Solars","description":"Panouri solare \u00een Moldova","publisher":{"@id":"https:\/\/solars.md\/#organization"},"potentialAction":[{"@type":"SearchAction","target":{"@type":"EntryPoint","urlTemplate":"https:\/\/solars.md\/?s={search_term_string}"},"query-input":{"@type":"PropertyValueSpecification","valueRequired":true,"valueName":"search_term_string"}}],"inLanguage":"ro-RO"},{"@type":"Organization","@id":"https:\/\/solars.md\/#organization","name":"Solars","url":"https:\/\/solars.md\/","logo":{"@type":"ImageObject","inLanguage":"ro-RO","@id":"https:\/\/solars.md\/#\/schema\/logo\/image\/","url":"https:\/\/solars.md\/wp-content\/uploads\/2023\/02\/Solars-new.png","contentUrl":"https:\/\/solars.md\/wp-content\/uploads\/2023\/02\/Solars-new.png","width":1134,"height":1134,"caption":"Solars"},"image":{"@id":"https:\/\/solars.md\/#\/schema\/logo\/image\/"},"sameAs":["https:\/\/www.facebook.com\/profile.php?id=100092330353235"]}]}},"_links":{"self":[{"href":"https:\/\/solars.md\/ro\/wp-json\/wp\/v2\/product\/5265","targetHints":{"allow":["GET"]}}],"collection":[{"href":"https:\/\/solars.md\/ro\/wp-json\/wp\/v2\/product"}],"about":[{"href":"https:\/\/solars.md\/ro\/wp-json\/wp\/v2\/types\/product"}],"wp:featuredmedia":[{"embeddable":true,"href":"https:\/\/solars.md\/ro\/wp-json\/wp\/v2\/media\/5266"}],"wp:attachment":[{"href":"https:\/\/solars.md\/ro\/wp-json\/wp\/v2\/media?parent=5265"}],"wp:term":[{"taxonomy":"product_brand","embeddable":true,"href":"https:\/\/solars.md\/ro\/wp-json\/wp\/v2\/product_brand?post=5265"},{"taxonomy":"product_cat","embeddable":true,"href":"https:\/\/solars.md\/ro\/wp-json\/wp\/v2\/product_cat?post=5265"},{"taxonomy":"product_tag","embeddable":true,"href":"https:\/\/solars.md\/ro\/wp-json\/wp\/v2\/product_tag?post=5265"}],"curies":[{"name":"wp","href":"https:\/\/api.w.org\/{rel}","templated":true}]}}