{"id":5280,"date":"2024-08-08T13:43:55","date_gmt":"2024-08-08T10:43:55","guid":{"rendered":"https:\/\/solars.md\/?post_type=product&#038;p=5280"},"modified":"2024-08-08T13:49:10","modified_gmt":"2024-08-08T10:49:10","slug":"battery-tcs-sl12v7ah-vrla-agm-2","status":"publish","type":"product","link":"https:\/\/solars.md\/ro\/produs\/battery-tcs-sl12v7ah-vrla-agm-2\/","title":{"rendered":"Battery TCS SL6V7Ah VRLA AGM"},"content":{"rendered":"<table width=\"363\">\n<tbody>\n<tr>\n<td colspan=\"2\" width=\"363\">Caracteristici:<\/td>\n<\/tr>\n<tr>\n<td><\/td>\n<td><\/td>\n<\/tr>\n<tr>\n<td width=\"239\">Capacitate (Amperi\/h)<\/td>\n<td width=\"124\">7<\/td>\n<\/tr>\n<tr>\n<td width=\"239\">Tensiune (V)<\/td>\n<td width=\"124\">6<\/td>\n<\/tr>\n<tr>\n<td width=\"239\">Capacitate (W\/h)<\/td>\n<td width=\"124\">42<\/td>\n<\/tr>\n<tr>\n<td width=\"239\">Ad\u00e2ncimea optim\u0103 de desc\u0103rcare (%)<\/td>\n<td width=\"124\">\u0434\u043e 35<\/td>\n<\/tr>\n<tr>\n<td width=\"239\">Ad\u00e2ncimea de desc\u0103rcare admis\u0103 (%)<\/td>\n<td width=\"124\">\u0434\u043e 60<\/td>\n<\/tr>\n<tr>\n<td width=\"239\">Resursa ciclic\u0103 D.O.D<\/td>\n<td width=\"124\">\u0434\u043e 730<\/td>\n<\/tr>\n<tr>\n<td width=\"239\">Temperatura optima (Gr. C.)<\/td>\n<td width=\"124\">+15 \u0434\u043e +25<\/td>\n<\/tr>\n<tr>\n<td width=\"239\">Interval de operare Ritm. (Gr.C)<\/td>\n<td width=\"124\">25<\/td>\n<\/tr>\n<tr>\n<td width=\"239\">Durata de viata la +20gr. C (ani)<\/td>\n<td width=\"124\">\u043c\u0435\u043d\u0435\u0435 5<\/td>\n<\/tr>\n<tr>\n<td width=\"239\">Timp minim de \u00eenc\u0103rcare (H)<\/td>\n<td width=\"124\">\u0434\u043e 6<\/td>\n<\/tr>\n<tr>\n<td width=\"239\">Dimensiuni (mm)<\/td>\n<td width=\"124\">151*35*100<\/td>\n<\/tr>\n<tr>\n<td>\u0413\u0430\u0440\u0430\u043d\u0442\u0438\u044f<\/td>\n<td>12 \u043c\u0435\u0441<\/td>\n<\/tr>\n<tr>\n<td width=\"239\">Greutate, (kg)<\/td>\n<td width=\"124\">1,1<\/td>\n<\/tr>\n<\/tbody>\n<\/table>","protected":false},"excerpt":{"rendered":"<p>Folosit \u00een sisteme: UPS, EPS, Alimentare de urgen\u021b\u0103, Sisteme de securitate, El. instrument, El. transport.<\/p>\n<p>Bateria respect\u0103 standardele IEC, CE, ISO, BS, JIS. Pute\u021bi afla informa\u021bii detaliate despre tipurile de baterii acces\u00e2nd linkul http:\/\/solars.md\/review-of-main-battery-types\/.<\/p>","protected":false},"featured_media":5281,"template":"","meta":{"site-sidebar-layout":"default","site-content-layout":"","ast-site-content-layout":"default","site-content-style":"default","site-sidebar-style":"default","ast-global-header-display":"","ast-banner-title-visibility":"","ast-main-header-display":"","ast-hfb-above-header-display":"","ast-hfb-below-header-display":"","ast-hfb-mobile-header-display":"","site-post-title":"","ast-breadcrumbs-content":"","ast-featured-img":"","footer-sml-layout":"","ast-disable-related-posts":"","theme-transparent-header-meta":"","adv-header-id-meta":"","stick-header-meta":"","header-above-stick-meta":"","header-main-stick-meta":"","header-below-stick-meta":"","astra-migrate-meta-layouts":"default","ast-page-background-enabled":"default","ast-page-background-meta":{"desktop":{"background-color":"var(--ast-global-color-5)","background-image":"","background-repeat":"repeat","background-position":"center center","background-size":"auto","background-attachment":"scroll","background-type":"","background-media":"","overlay-type":"","overlay-color":"","overlay-opacity":"","overlay-gradient":""},"tablet":{"background-color":"","background-image":"","background-repeat":"repeat","background-position":"center center","background-size":"auto","background-attachment":"scroll","background-type":"","background-media":"","overlay-type":"","overlay-color":"","overlay-opacity":"","overlay-gradient":""},"mobile":{"background-color":"","background-image":"","background-repeat":"repeat","background-position":"center center","background-size":"auto","background-attachment":"scroll","background-type":"","background-media":"","overlay-type":"","overlay-color":"","overlay-opacity":"","overlay-gradient":""}},"ast-content-background-meta":{"desktop":{"background-color":"var(--ast-global-color-4)","background-image":"","background-repeat":"repeat","background-position":"center center","background-size":"auto","background-attachment":"scroll","background-type":"","background-media":"","overlay-type":"","overlay-color":"","overlay-opacity":"","overlay-gradient":""},"tablet":{"background-color":"var(--ast-global-color-4)","background-image":"","background-repeat":"repeat","background-position":"center center","background-size":"auto","background-attachment":"scroll","background-type":"","background-media":"","overlay-type":"","overlay-color":"","overlay-opacity":"","overlay-gradient":""},"mobile":{"background-color":"var(--ast-global-color-4)","background-image":"","background-repeat":"repeat","background-position":"center center","background-size":"auto","background-attachment":"scroll","background-type":"","background-media":"","overlay-type":"","overlay-color":"","overlay-opacity":"","overlay-gradient":""}}},"product_brand":[],"product_cat":[26],"product_tag":[],"yst_prominent_words":[],"class_list":{"0":"post-5280","1":"product","2":"type-product","3":"status-publish","4":"has-post-thumbnail","6":"product_cat-akkumulyatory","7":"desktop-align-left","8":"tablet-align-left","9":"mobile-align-left","11":"first","12":"instock","13":"shipping-taxable","14":"purchasable","15":"product-type-simple"},"_links":{"self":[{"href":"https:\/\/solars.md\/ro\/wp-json\/wp\/v2\/product\/5280","targetHints":{"allow":["GET"]}}],"collection":[{"href":"https:\/\/solars.md\/ro\/wp-json\/wp\/v2\/product"}],"about":[{"href":"https:\/\/solars.md\/ro\/wp-json\/wp\/v2\/types\/product"}],"wp:featuredmedia":[{"embeddable":true,"href":"https:\/\/solars.md\/ro\/wp-json\/wp\/v2\/media\/5281"}],"wp:attachment":[{"href":"https:\/\/solars.md\/ro\/wp-json\/wp\/v2\/media?parent=5280"}],"wp:term":[{"taxonomy":"product_brand","embeddable":true,"href":"https:\/\/solars.md\/ro\/wp-json\/wp\/v2\/product_brand?post=5280"},{"taxonomy":"product_cat","embeddable":true,"href":"https:\/\/solars.md\/ro\/wp-json\/wp\/v2\/product_cat?post=5280"},{"taxonomy":"product_tag","embeddable":true,"href":"https:\/\/solars.md\/ro\/wp-json\/wp\/v2\/product_tag?post=5280"},{"taxonomy":"yst_prominent_words","embeddable":true,"href":"https:\/\/solars.md\/ro\/wp-json\/wp\/v2\/yst_prominent_words?post=5280"}],"curies":[{"name":"wp","href":"https:\/\/api.w.org\/{rel}","templated":true}]}}