{"id":5424,"date":"2026-05-09T13:20:19","date_gmt":"2026-05-09T10:20:19","guid":{"rendered":"https:\/\/solars.md\/?post_type=product&#038;p=5424"},"modified":"2026-05-11T10:13:16","modified_gmt":"2026-05-11T07:13:16","slug":"cs-sun-lfp-12v-50","status":"publish","type":"product","link":"https:\/\/solars.md\/ro\/produs\/cs-sun-lfp-12v-50\/","title":{"rendered":"CS SUN LFP 12V-50"},"content":{"rendered":"<table style=\"height: 1272px;\" width=\"380\">\n<tbody>\n<tr style=\"height: 53px;\">\n<td style=\"height: 53px; width: 1336px;\" colspan=\"2\">Caracteristici:<\/td>\n<\/tr>\n<tr style=\"height: 53px;\">\n<td style=\"height: 53px; width: 731.281px;\">Tip<\/td>\n<td style=\"height: 53px; width: 604.719px;\">LiFePo4<\/td>\n<\/tr>\n<tr style=\"height: 53px;\">\n<td style=\"height: 53px; width: 731.281px;\">\u0415\u043c\u043a\u043e\u0441\u0442\u044c (Ah)<\/td>\n<td style=\"height: 53px; width: 604.719px;\">50<\/td>\n<\/tr>\n<tr style=\"height: 53px;\">\n<td style=\"height: 53px; width: 731.281px;\">\u041d\u0430\u043f\u0440\u044f\u0436\u0435\u043d\u0438\u0435 (V)<\/td>\n<td style=\"height: 53px; width: 604.719px;\">12.8<\/td>\n<\/tr>\n<tr style=\"height: 53px;\">\n<td style=\"height: 53px; width: 731.281px;\">\u0423\u043f\u0440\u0430\u0432\u043b\u0435\u043d\u0438\u0435<\/td>\n<td style=\"height: 53px; width: 604.719px;\">\u0412\u043d\u0443\u0442\u0440\u0435\u043d\u043d\u044f\u044f \u0441\u0438\u0441\u0442\u0435\u043c\u0430 \u0443\u043f\u0440\u0430\u0432\u043b\u0435\u043d\u0438\u044f (\u0412\u041c\u0421)<\/td>\n<\/tr>\n<tr style=\"height: 53px;\">\n<td style=\"height: 53px; width: 731.281px;\">Ad\u00e2ncimea optim\u0103 de desc\u0103rcare %<\/td>\n<td style=\"height: 53px; width: 604.719px;\">\u0434\u043e 80<\/td>\n<\/tr>\n<tr style=\"height: 53px;\">\n<td style=\"height: 53px; width: 731.281px;\">Ad\u00e2ncimea de desc\u0103rcare admis\u0103 %<\/td>\n<td style=\"height: 53px; width: 604.719px;\">\u0434\u043e 90<\/td>\n<\/tr>\n<tr style=\"height: 53px;\">\n<td style=\"height: 53px; width: 731.281px;\">\u0415\u043c\u043a\u043e\u0441\u0442\u044c (W)<\/td>\n<td style=\"height: 53px; width: 604.719px;\">640<\/td>\n<\/tr>\n<tr style=\"height: 53px;\">\n<td style=\"height: 53px; width: 731.281px;\">Cicluri la desc\u0103rcare de 80%.<\/td>\n<td style=\"height: 53px; width: 604.719px;\">6000<\/td>\n<\/tr>\n<tr style=\"height: 53px;\">\n<td style=\"height: 53px; width: 731.281px;\">\u041d\u0430\u043f\u0440\u044f\u0436\u0435\u043d\u0438\u0435 \u0437\u0430\u0440\u044f\u0434\u0430 (V)<\/td>\n<td style=\"height: 53px; width: 604.719px;\">14,6-15,2<\/td>\n<\/tr>\n<tr style=\"height: 53px;\">\n<td style=\"height: 53px; width: 731.281px;\">\u041c\u0430\u043a\u0441\u0438\u043c\u0430\u043b\u044c\u043d\u044b\u0439 \u0442\u043e\u043a \u0437\u0430\u0440\u044f\u0434\u0430 (\u0410)<\/td>\n<td style=\"height: 53px; width: 604.719px;\">50<\/td>\n<\/tr>\n<tr style=\"height: 53px;\">\n<td style=\"height: 53px; width: 731.281px;\">\u041c\u0430\u043a\u0441\u0438\u043c\u0430\u043b\u044c\u043d\u044b\u0439 \u0442\u043e\u043a \u0440\u0430\u0437\u0440\u044f\u0434\u0430 (\u0410)<\/td>\n<td style=\"height: 53px; width: 604.719px;\">50<\/td>\n<\/tr>\n<tr style=\"height: 53px;\">\n<td style=\"height: 53px; width: 731.281px;\">\u041d\u0430\u043f\u0440\u044f\u0436\u0435\u043d\u0438\u0435 \u043e\u0442\u0441\u0435\u0447\u043a\u0438 \u0437\u0430\u0440\u044f\u0434\u0430 (V)<\/td>\n<td style=\"height: 53px; width: 604.719px;\">14.6\u00b10.2<\/td>\n<\/tr>\n<tr style=\"height: 53px;\">\n<td style=\"height: 53px; width: 731.281px;\">\u041d\u0430\u043f\u0440\u044f\u0436\u0435\u043d\u0438\u0435 \u043e\u0442\u0441\u0435\u0447\u043a\u0438 \u0440\u0430\u0437\u0440\u044f\u0434\u0430 (V)<\/td>\n<td style=\"height: 53px; width: 604.719px;\">10<\/td>\n<\/tr>\n<tr style=\"height: 53px;\">\n<td style=\"height: 53px; width: 731.281px;\">\u041f\u043e\u0440\u0442\u044b \u043f\u043e\u0434\u043a\u043b\u044e\u0447\u0435\u043d\u0438\u044f<\/td>\n<td style=\"height: 53px; width: 604.719px;\">\u041c8<\/td>\n<\/tr>\n<tr style=\"height: 53px;\">\n<td style=\"height: 53px; width: 731.281px;\">\u041e\u043f\u0442\u0438\u043c\u0430\u043b\u044c\u043d\u0430\u044f \u0442\u0435\u043c\u043f\u0435\u0440\u0430\u0442\u0443\u0440\u0430 (\u2103)<\/td>\n<td style=\"height: 53px; width: 604.719px;\">+15 \u0434\u043e +25<\/td>\n<\/tr>\n<tr style=\"height: 53px;\">\n<td style=\"height: 53px; width: 731.281px;\">\u0414\u0438\u0430\u043f\u0430\u0437\u043e\u043d \u0440\u0430\u0431. \u0422\u0435\u043c\u043f. (\u2103)<\/td>\n<td style=\"height: 53px; width: 604.719px;\">-20 \u0434\u043e +55<\/td>\n<\/tr>\n<tr style=\"height: 53px;\">\n<td style=\"height: 53px; width: 731.281px;\">\u0422\u0435\u043c\u043f\u0435\u0440\u0430\u0442\u0443\u0440\u0430 \u0437\u0430\u0440\u044f\u0434\u0430 (\u2103)<\/td>\n<td style=\"height: 53px; width: 604.719px;\">+5 \u0434\u043e +45<\/td>\n<\/tr>\n<tr style=\"height: 53px;\">\n<td style=\"height: 53px; width: 731.281px;\">\u0422\u0435\u043c\u043f\u0435\u0440\u0430\u0442\u0443\u0440\u0430 \u0440\u0430\u0437\u0440\u044f\u0434\u0430 (\u2103)<\/td>\n<td style=\"height: 53px; width: 604.719px;\">-20 \u0434\u043e +55<\/td>\n<\/tr>\n<tr style=\"height: 53px;\">\n<td style=\"height: 53px; width: 731.281px;\">Grad de protec\u021bie<\/td>\n<td style=\"height: 53px; width: 604.719px;\">IP21<\/td>\n<\/tr>\n<tr style=\"height: 53px;\">\n<td style=\"height: 53px; width: 731.281px;\">\u0413\u0430\u0440\u0430\u043d\u0442\u0438\u044f \u043c\u0435\u0441\u044f\u0446\u0435\u0432<\/td>\n<td style=\"height: 53px; width: 604.719px;\">48<\/td>\n<\/tr>\n<tr style=\"height: 53px;\">\n<td style=\"height: 53px; width: 731.281px;\">\u0413\u0430\u0431\u0430\u0440\u0438\u0442\u044b \u043c\u043c (\u0414\/\u0413\/\u0412)<\/td>\n<td style=\"height: 53px; width: 604.719px;\">229*138*216<\/td>\n<\/tr>\n<tr style=\"height: 53px;\">\n<td style=\"height: 53px; width: 731.281px;\">Greutate, (kg)<\/td>\n<td style=\"height: 53px; width: 604.719px;\">6<\/td>\n<\/tr>\n<tr style=\"height: 53px;\">\n<td style=\"height: 53px; width: 731.281px;\"><\/td>\n<td style=\"height: 53px; width: 604.719px;\"><\/td>\n<\/tr>\n<\/tbody>\n<\/table>","protected":false},"excerpt":{"rendered":"<p>\u0410\u043a\u043a\u0443\u043c\u0443\u043b\u044f\u0442\u043e\u0440\u044b \u043d\u0430 \u043e\u0441\u043d\u043e\u0432\u0435 \u0442\u0435\u0445\u043d\u043e\u043b\u043e\u0433\u0438\u0438 LFP (LiFePo4) \u044d\u0442\u043e \u043f\u0435\u0440\u0435\u0434\u043e\u0432\u043e\u0435 \u0440\u0435\u0448\u0435\u043d\u0438\u0435 \u0434\u043b\u044f \u0441\u0438\u0441\u0442\u0435\u043c \u0445\u0440\u0430\u043d\u0435\u043d\u0438\u044f \u044d\u043d\u0435\u0440\u0433\u0438\u0438, \u044d\u043b\u0435\u043a\u0442\u0440\u043e-\u0442\u0440\u0430\u043d\u0441\u043f\u043e\u0440\u0442\u0430, \u0442\u0435\u043b\u0435\u043a\u043e\u043c\u043c\u0443\u043d\u0438\u043a\u0430\u0446\u0438\u043e\u043d\u043d\u044b\u0445 \u0441\u0438\u0441\u0442\u0435\u043c, \u043c\u0435\u0434\u0438\u0446\u0438\u043d\u0441\u043a\u043e\u0433\u043e \u043e\u0431\u043e\u0440\u0443\u0434\u043e\u0432\u0430\u043d\u0438\u044f. \u041d\u0430 \u0441\u0435\u0433\u043e\u0434\u043d\u044f\u0448\u043d\u0438\u0439 \u0434\u0435\u043d\u044c \u044d\u0442\u043e \u043d\u0430\u0438\u043b\u0443\u0447\u0448\u0435\u0435 \u0441\u043e\u043e\u0442\u043d\u043e\u0448\u0435\u043d\u0438\u0435 \u0446\u0435\u043d\u0430-\u043a\u0430\u0447\u0435\u0441\u0442\u0432\u043e. \u042d\u0442\u0438 \u043b\u0438\u0442\u0438\u0435\u0432\u044b\u0435 \u0430\u043a\u043a\u0443\u043c\u0443\u043b\u044f\u0442\u043e\u0440\u044b \u2014 \u0431\u0435\u0437\u043e\u043f\u0430\u0441\u043d\u043e\u0435 \u0438 \u043b\u0435\u0433\u043a\u043e\u0435 \u0440\u0435\u0448\u0435\u043d\u0438\u0435 \u0441 \u0431\u043e\u043b\u0435\u0435 \u0432\u044b\u0441\u043e\u043a\u043e\u0439 \u044d\u0444\u0444\u0435\u043a\u0442\u0438\u0432\u043d\u043e\u0441\u0442\u044c\u044e, \u0443\u0432\u0435\u043b\u0438\u0447\u0435\u043d\u043d\u044b\u043c \u0441\u0440\u043e\u043a\u043e\u043c \u0441\u043b\u0443\u0436\u0431\u044b \u0438 \u0432\u043e\u0437\u043c\u043e\u0436\u043d\u043e\u0441\u0442\u044c\u044e \u0433\u043b\u0443\u0431\u043e\u043a\u043e\u0433\u043e \u0440\u0430\u0437\u0440\u044f\u0434\u0430 \u043f\u043e \u0441\u0440\u0430\u0432\u043d\u0435\u043d\u0438\u044e \u0441 \u0442\u0440\u0430\u0434\u0438\u0446\u0438\u043e\u043d\u043d\u044b\u043c\u0438 \u0433\u0435\u0440\u043c\u0435\u0442\u0438\u0447\u043d\u044b\u043c\u0438 \u0441\u0432\u0438\u043d\u0446\u043e\u0432\u043e-\u043a\u0438\u0441\u043b\u043e\u0442\u043d\u044b\u043c\u0438 \u0430\u043a\u043a\u0443\u043c\u0443\u043b\u044f\u0442\u043e\u0440\u0430\u043c\u0438. \u0411\u043b\u0430\u0433\u043e\u0434\u0430\u0440\u044f \u0432\u0441\u0435\u043c \u044d\u0442\u0438\u043c \u043f\u0440\u0435\u0438\u043c\u0443\u0449\u0435\u0441\u0442\u0432\u0430\u043c \u043e\u043d\u0438 \u043d\u0430\u0448\u043b\u0438 \u0448\u0438\u0440\u043e\u043a\u043e\u0435 \u043f\u0440\u0438\u043c\u0435\u043d\u0435\u043d\u0438\u0435 \u0432 \u0441\u043e\u043b\u043d\u0435\u0447\u043d\u043e\u0439 \u0438 \u0432\u0435\u0442\u0440\u044f\u043d\u043e\u0439 \u044d\u043d\u0435\u0440\u0433\u0435\u0442\u0438\u043a\u0435.<\/p>","protected":false},"featured_media":5454,"template":"","meta":{"site-sidebar-layout":"default","site-content-layout":"","ast-site-content-layout":"default","site-content-style":"default","site-sidebar-style":"default","ast-global-header-display":"","ast-banner-title-visibility":"","ast-main-header-display":"","ast-hfb-above-header-display":"","ast-hfb-below-header-display":"","ast-hfb-mobile-header-display":"","site-post-title":"","ast-breadcrumbs-content":"","ast-featured-img":"","footer-sml-layout":"","ast-disable-related-posts":"","theme-transparent-header-meta":"default","adv-header-id-meta":"","stick-header-meta":"","header-above-stick-meta":"","header-main-stick-meta":"","header-below-stick-meta":"","astra-migrate-meta-layouts":"set","ast-page-background-enabled":"default","ast-page-background-meta":{"desktop":{"background-color":"var(--ast-global-color-5)","background-image":"","background-repeat":"repeat","background-position":"center center","background-size":"auto","background-attachment":"scroll","background-type":"","background-media":"","overlay-type":"","overlay-color":"","overlay-opacity":"","overlay-gradient":""},"tablet":{"background-color":"","background-image":"","background-repeat":"repeat","background-position":"center center","background-size":"auto","background-attachment":"scroll","background-type":"","background-media":"","overlay-type":"","overlay-color":"","overlay-opacity":"","overlay-gradient":""},"mobile":{"background-color":"","background-image":"","background-repeat":"repeat","background-position":"center center","background-size":"auto","background-attachment":"scroll","background-type":"","background-media":"","overlay-type":"","overlay-color":"","overlay-opacity":"","overlay-gradient":""}},"ast-content-background-meta":{"desktop":{"background-color":"var(--ast-global-color-4)","background-image":"","background-repeat":"repeat","background-position":"center center","background-size":"auto","background-attachment":"scroll","background-type":"","background-media":"","overlay-type":"","overlay-color":"","overlay-opacity":"","overlay-gradient":""},"tablet":{"background-color":"var(--ast-global-color-4)","background-image":"","background-repeat":"repeat","background-position":"center center","background-size":"auto","background-attachment":"scroll","background-type":"","background-media":"","overlay-type":"","overlay-color":"","overlay-opacity":"","overlay-gradient":""},"mobile":{"background-color":"var(--ast-global-color-4)","background-image":"","background-repeat":"repeat","background-position":"center center","background-size":"auto","background-attachment":"scroll","background-type":"","background-media":"","overlay-type":"","overlay-color":"","overlay-opacity":"","overlay-gradient":""}}},"product_brand":[],"product_cat":[26],"product_tag":[],"yst_prominent_words":[],"class_list":{"0":"post-5424","1":"product","2":"type-product","3":"status-publish","4":"has-post-thumbnail","6":"product_cat-akkumulyatory","7":"desktop-align-left","8":"tablet-align-left","9":"mobile-align-left","11":"first","12":"instock","13":"shipping-taxable","14":"purchasable","15":"product-type-simple"},"_links":{"self":[{"href":"https:\/\/solars.md\/ro\/wp-json\/wp\/v2\/product\/5424","targetHints":{"allow":["GET"]}}],"collection":[{"href":"https:\/\/solars.md\/ro\/wp-json\/wp\/v2\/product"}],"about":[{"href":"https:\/\/solars.md\/ro\/wp-json\/wp\/v2\/types\/product"}],"wp:featuredmedia":[{"embeddable":true,"href":"https:\/\/solars.md\/ro\/wp-json\/wp\/v2\/media\/5454"}],"wp:attachment":[{"href":"https:\/\/solars.md\/ro\/wp-json\/wp\/v2\/media?parent=5424"}],"wp:term":[{"taxonomy":"product_brand","embeddable":true,"href":"https:\/\/solars.md\/ro\/wp-json\/wp\/v2\/product_brand?post=5424"},{"taxonomy":"product_cat","embeddable":true,"href":"https:\/\/solars.md\/ro\/wp-json\/wp\/v2\/product_cat?post=5424"},{"taxonomy":"product_tag","embeddable":true,"href":"https:\/\/solars.md\/ro\/wp-json\/wp\/v2\/product_tag?post=5424"},{"taxonomy":"yst_prominent_words","embeddable":true,"href":"https:\/\/solars.md\/ro\/wp-json\/wp\/v2\/yst_prominent_words?post=5424"}],"curies":[{"name":"wp","href":"https:\/\/api.w.org\/{rel}","templated":true}]}}